{"id":1075,"date":"2015-08-22T07:50:16","date_gmt":"2015-08-22T07:50:16","guid":{"rendered":"http:\/\/www.nolana-schafe.de\/de-pages\/?page_id=1075"},"modified":"2024-05-22T19:59:52","modified_gmt":"2024-05-22T19:59:52","slug":"marktplatz-anleitung","status":"publish","type":"page","link":"https:\/\/www.nolana-schafe.de\/de-pages\/marktplatz-anleitung\/","title":{"rendered":"Marktplatz &#8211; Anleitung"},"content":{"rendered":"<h2 style=\"text-align: justify;\"><\/h2>\n<h2>Marktplatz\u00a0&#8211; Anleitung<\/h2>\n<p>Wenn Sie Haarschafe Anbieten oder Suchen, k\u00f6nnen Sie hier ein Inserat aufgeben. An dieser Stelle k\u00f6nnen Sie nat\u00fcrlich auch alle anderen Dinge rund um Haarschafe inserieren. Sie k\u00f6nnen sich jedoch auch direkt an das Nolana Netzwerk-Management wenden.<\/p>\n<p><strong>Bitte geben Sie Ihren Namen und Ihre komplette Adresse an! Anonyme Anzeigen werden gel\u00f6scht!<\/strong><\/p>\n<p style=\"text-align: center;\"><span style=\"color: #993300;\"><strong><br \/>\nWICHTIG: Bitte vermerken Sie in Ihrer Anzeige, falls diese erfolgreich war oder nicht mehr aktuell ist. So bleiben Ihrer Kontaktdaten erhalten. Alternativ k\u00f6nnen Sie die Anzeige auch l\u00f6schen.<\/strong><\/span><br \/>\n<span style=\"color: #993300;\"><strong>Das h\u00e4lt den Marktplatz \u00fcbersichtlich &#8211; und Sie bekommen keine weiteren Anfragen<br \/>\nzu l\u00e4ngst verkauften Schafen.<\/strong><\/span><\/p>\n<ul>\n<li>\n<h3>Inserate\u00a0erstellen<\/h3>\n<\/li>\n<\/ul>\n<p>Um Missbrauch vorzubeugen, und damit Sie Ihre Inserate verwalten k\u00f6nnen, ist eine &#8222;kleine <strong>Registrierung<\/strong>&#8220; notwendig.<br \/>\nDas System fragt Sie nach Ihrem Namen, Ihrer E-Mail Adresse und einem eigenem Passwort.<\/p>\n<p><strong>Und schon kann es losgehen:<\/strong><\/p>\n<p>Bitte w\u00e4hlen Sie entweder die Rubrik <strong><span style=\"color: #808000;\">&#8222;Ich suche&#8220;<\/span><\/strong> oder <strong><span style=\"color: #808000;\">&#8222;Biete&#8220;<\/span><\/strong> und klicken Sie dann auf <strong><span style=\"color: #808000;\">&#8222;Inserat erstellen&#8220;<\/span><\/strong>.<\/p>\n<p>Bitte (siehe Bild) vergeben Sie dann einen aussagef\u00e4higen BETREFF <span style=\"color: #ff0000;\">(A)<\/span> z.B. was Sie anbieten oder suchen.<\/p>\n<p>Im Bereich <span style=\"color: #ff0000;\">(B)<\/span> k\u00f6nnen Sie nun Ihren Inserats-Text schreiben und bei Bedarf\u00a0mit den Buttons dar\u00fcber auch einzelne W\u00f6rter<br \/>\nmit zB\u00a0Fettschrift [<strong>B<\/strong>]\u00a0hervorheben.<br \/>\n<span style=\"color: #993300;\"><strong>Hinweis:<\/strong><\/span> Vergessen Sie nicht Ihre Kontaktdaten wie <strong>E-Mail Adresse und\/oder Telefonnummer<\/strong> anzugeben damit Interessenten mit Ihnen in Kontakt treten k\u00f6nnen! Auch Ihr <strong>Wohnort<\/strong> wird f\u00fcr Interessierte wichtig sein!<\/p>\n<p>F\u00fcr Ihre Fotos klicken Sie im unteren Bereich <span style=\"color: #ff0000;\">(C)<\/span> auf den Reiter [Dateianh\u00e4nge]:<\/p>\n<p>Nun k\u00f6nnen Sie mit dem Button [Dateien hinzuf\u00fcgen] einzelne oder mehrere Bilder Ihrem Inserat zuf\u00fcgen.<br \/>\nAbschlie\u00dfend k\u00f6nnen Sie <span style=\"color: #ff0000;\">(D)<\/span> Ihr Inserat als [Vorschau] ansehen oder mit [Absenden] direkt ver\u00f6ffentlichen.<\/p>\n<p><img loading=\"lazy\" decoding=\"async\" class=\"aligncenter size-full wp-image-1076\" src=\"http:\/\/www.nolana-schafe.de\/de-pages\/wp-content\/uploads\/AnleitungMarktplatz.jpg\" alt=\"AnleitungMarktplatz\" width=\"849\" height=\"602\" srcset=\"https:\/\/www.nolana-schafe.de\/de-pages\/wp-content\/uploads\/AnleitungMarktplatz.jpg 849w, https:\/\/www.nolana-schafe.de\/de-pages\/wp-content\/uploads\/AnleitungMarktplatz-300x213.jpg 300w\" sizes=\"auto, (max-width: 849px) 100vw, 849px\" \/><\/p>\n<p><strong>Jetzt <a href=\"\/de-pages\/marktplatz\">MARKTPLATZ aufrufen<\/a>.<\/strong><\/p>\n<ul>\n<li>\n<h3>Inserate bearbeiten \/ l\u00f6schen<\/h3>\n<\/li>\n<\/ul>\n<p>Um ein Inserat zu <strong>bearbeiten<\/strong> suchen Sie Ihren Beitrag auf dem Marktplatz und klicken Sie auf das Bearbeiten-Symbol <img loading=\"lazy\" decoding=\"async\" class=\"alignnone wp-image-1088 size-full\" src=\"http:\/\/www.nolana-schafe.de\/de-pages\/wp-content\/uploads\/editstift.png\" alt=\"editstift\" width=\"24\" height=\"20\" \/><br \/>\nDie Bearbeitungsfunktionen sind identisch wie beim Erstellen.<\/p>\n<p>Um ein Inserat zu <strong>l\u00f6schen<\/strong> markieren Sie das Feld &#8222;Beitrag l\u00f6schen&#8220;\u00a0und klicken auf [Absenden]:<\/p>\n<p><img loading=\"lazy\" decoding=\"async\" class=\"size-full wp-image-1089 alignnone\" src=\"http:\/\/www.nolana-schafe.de\/de-pages\/wp-content\/uploads\/AnleitungMarktplatz_clr.jpg\" alt=\"AnleitungMarktplatz_clr\" width=\"514\" height=\"304\" srcset=\"https:\/\/www.nolana-schafe.de\/de-pages\/wp-content\/uploads\/AnleitungMarktplatz_clr.jpg 514w, https:\/\/www.nolana-schafe.de\/de-pages\/wp-content\/uploads\/AnleitungMarktplatz_clr-300x177.jpg 300w\" sizes=\"auto, (max-width: 514px) 100vw, 514px\" \/><\/p>\n<p><strong>Jetzt <\/strong><a href=\"\/de-pages\/marktplatz\"><strong>MARKTPLATZ aufrufen<\/strong><\/a><strong>.<\/strong><\/p>\n<p>&nbsp;<\/p>\n","protected":false},"excerpt":{"rendered":"<p>Marktplatz\u00a0&#8211; Anleitung Wenn Sie Haarschafe Anbieten oder Suchen, k\u00f6nnen Sie hier ein Inserat aufgeben. An dieser Stelle k\u00f6nnen Sie nat\u00fcrlich auch alle anderen Dinge rund um Haarschafe inserieren. Sie k\u00f6nnen sich jedoch auch direkt an das Nolana Netzwerk-Management wenden. Bitte geben Sie Ihren Namen und Ihre komplette Adresse an! Anonyme Anzeigen werden gel\u00f6scht! WICHTIG: Bitte&hellip;<\/p>\n","protected":false},"author":1,"featured_media":0,"parent":0,"menu_order":0,"comment_status":"closed","ping_status":"closed","template":"","meta":{"footnotes":""},"class_list":["post-1075","page","type-page","status-publish","hentry","description-off"],"_links":{"self":[{"href":"https:\/\/www.nolana-schafe.de\/de-pages\/wp-json\/wp\/v2\/pages\/1075","targetHints":{"allow":["GET"]}}],"collection":[{"href":"https:\/\/www.nolana-schafe.de\/de-pages\/wp-json\/wp\/v2\/pages"}],"about":[{"href":"https:\/\/www.nolana-schafe.de\/de-pages\/wp-json\/wp\/v2\/types\/page"}],"author":[{"embeddable":true,"href":"https:\/\/www.nolana-schafe.de\/de-pages\/wp-json\/wp\/v2\/users\/1"}],"replies":[{"embeddable":true,"href":"https:\/\/www.nolana-schafe.de\/de-pages\/wp-json\/wp\/v2\/comments?post=1075"}],"version-history":[{"count":21,"href":"https:\/\/www.nolana-schafe.de\/de-pages\/wp-json\/wp\/v2\/pages\/1075\/revisions"}],"predecessor-version":[{"id":2160,"href":"https:\/\/www.nolana-schafe.de\/de-pages\/wp-json\/wp\/v2\/pages\/1075\/revisions\/2160"}],"wp:attachment":[{"href":"https:\/\/www.nolana-schafe.de\/de-pages\/wp-json\/wp\/v2\/media?parent=1075"}],"curies":[{"name":"wp","href":"https:\/\/api.w.org\/{rel}","templated":true}]}}