{"id":13,"date":"2015-03-24T17:56:37","date_gmt":"2015-03-24T17:56:37","guid":{"rendered":"http:\/\/www.nolana-schafe.de\/de-pages\/?page_id=13"},"modified":"2025-11-08T09:47:05","modified_gmt":"2025-11-08T09:47:05","slug":"nolana-landschaf","status":"publish","type":"page","link":"https:\/\/www.nolana-schafe.de\/de-pages\/nolana-landschaf\/","title":{"rendered":"Braunes Haarschaf"},"content":{"rendered":"<p style=\"text-align: justify;\"><img loading=\"lazy\" decoding=\"async\" class=\"wp-image-1245 size-medium alignleft\" src=\"http:\/\/www.nolana-schafe.de\/de-pages\/wp-content\/uploads\/Mutterschafe-J\u00e4ger-Herbst-2015-300x182.jpg\" alt=\"\" width=\"300\" height=\"182\" srcset=\"https:\/\/www.nolana-schafe.de\/de-pages\/wp-content\/uploads\/Mutterschafe-J\u00e4ger-Herbst-2015-300x182.jpg 300w, https:\/\/www.nolana-schafe.de\/de-pages\/wp-content\/uploads\/Mutterschafe-J\u00e4ger-Herbst-2015-768x466.jpg 768w, https:\/\/www.nolana-schafe.de\/de-pages\/wp-content\/uploads\/Mutterschafe-J\u00e4ger-Herbst-2015.jpg 888w\" sizes=\"auto, (max-width: 300px) 100vw, 300px\" \/><strong><span style=\"color: #000000;\">Eigenschaften und Definition der Rasse:<\/span><\/strong><br \/>\nDas <span style=\"color: #993300;\"><strong>Braune Haarschaf<\/strong><\/span> entstand aus einer Kombinationskreuzung verschiedener Woll- und Haarschafrassen mit dem Ziel, ein hornloses, braunes Haarschaf mit nat\u00fcrlichem Fellwechsel zu z\u00fcchten.<br \/>\nBraune Haarschafe sind mittelrahmige Schafe mit schmalem Kopf und seitlich angesetzten Ohren, die sich dadurch auszeichnen, dass sie nicht geschoren werden m\u00fcssen. Vor der Eintragung ins Zuchtbuch wird im Rahmen einer Beurteilung das Abhaarverhalten im Zeitraum Juni bis Oktober durch die Zuchtleitung oder ihren Beauftragten beurteilt.<\/p>\n<p style=\"text-align: justify;\">Die Grundfarbe ist dunkelbraun bis rotblond. Kopf, Bauch und Beine k\u00f6nnen sowohl heller als auch dunkler sein. B\u00f6cke d\u00fcrfen einen Sattelfleck tragen und besitzen oft eine M\u00e4hne an Hals und Brust.<br \/>\n<strong><span style=\"color: #993300;\">Braune Haarschafe<\/span><\/strong> sind hornlos, Hornansatz wird toleriert, aber im Zuchtbuch vermerkt (ha).<br \/>\nDas Brunstverhalten <strong><span style=\"color: #993300;\">Brauner Haarschafe<\/span><\/strong> ist in der Regel asaisonal. Die Ablammungen sind leicht, die\u00a0Muttereigenschaften sind gut. Die Erstzulassung ist mit dem Erreichen von 2\/3 des Lebendgewichtes eines ausgewachsenen Mutterschafes m\u00f6glich.<br \/>\n<strong><span style=\"color: #993300;\">Braune Haarschafe<\/span><\/strong> sind robust und f\u00fcr jede Haltungsform geeignet.<\/p>\n<p style=\"text-align: justify;\"><strong>Mehr erfahren:<\/strong><\/p>\n<p style=\"padding-left: 30px;\">\u2022 <a href=\"http:\/\/www.nolana-schafe.de\/de-pages\/nolana-landschaf\/zuchtziel-landschaf\/\">Zuchtziel<\/a><\/p>\n<p style=\"padding-left: 30px;\">\u2022\u00a0<a href=\"http:\/\/www.nolana-schafe.de\/de-pages\/nolana-landschaf\/fotogalerie\/\">Fotogalerie<\/a><\/p>\n<p style=\"padding-left: 30px;\">\u2022\u00a0<a href=\"http:\/\/www.nolana-schafe.de\/de-pages\/nolana-landschaf\/verkauf-von-registrierten-zuchttieren\/\">Verkauf von registrierten Zuchttieren<\/a><\/p>\n","protected":false},"excerpt":{"rendered":"<p>Eigenschaften und Definition der Rasse: Das Braune Haarschaf entstand aus einer Kombinationskreuzung verschiedener Woll- und Haarschafrassen mit dem Ziel, ein hornloses, braunes Haarschaf mit nat\u00fcrlichem Fellwechsel zu z\u00fcchten. Braune Haarschafe sind mittelrahmige Schafe mit schmalem Kopf und seitlich angesetzten Ohren, die sich dadurch auszeichnen, dass sie nicht geschoren werden m\u00fcssen. Vor der Eintragung ins Zuchtbuch&hellip;<\/p>\n","protected":false},"author":1,"featured_media":0,"parent":0,"menu_order":0,"comment_status":"closed","ping_status":"closed","template":"","meta":{"footnotes":""},"class_list":["post-13","page","type-page","status-publish","hentry","description-off"],"_links":{"self":[{"href":"https:\/\/www.nolana-schafe.de\/de-pages\/wp-json\/wp\/v2\/pages\/13","targetHints":{"allow":["GET"]}}],"collection":[{"href":"https:\/\/www.nolana-schafe.de\/de-pages\/wp-json\/wp\/v2\/pages"}],"about":[{"href":"https:\/\/www.nolana-schafe.de\/de-pages\/wp-json\/wp\/v2\/types\/page"}],"author":[{"embeddable":true,"href":"https:\/\/www.nolana-schafe.de\/de-pages\/wp-json\/wp\/v2\/users\/1"}],"replies":[{"embeddable":true,"href":"https:\/\/www.nolana-schafe.de\/de-pages\/wp-json\/wp\/v2\/comments?post=13"}],"version-history":[{"count":18,"href":"https:\/\/www.nolana-schafe.de\/de-pages\/wp-json\/wp\/v2\/pages\/13\/revisions"}],"predecessor-version":[{"id":2314,"href":"https:\/\/www.nolana-schafe.de\/de-pages\/wp-json\/wp\/v2\/pages\/13\/revisions\/2314"}],"wp:attachment":[{"href":"https:\/\/www.nolana-schafe.de\/de-pages\/wp-json\/wp\/v2\/media?parent=13"}],"curies":[{"name":"wp","href":"https:\/\/api.w.org\/{rel}","templated":true}]}}