{"id":133,"date":"2015-03-25T13:34:31","date_gmt":"2015-03-25T13:34:31","guid":{"rendered":"http:\/\/www.nolana-schafe.de\/de-pages\/?page_id=133"},"modified":"2015-06-18T17:30:50","modified_gmt":"2015-06-18T17:30:50","slug":"entstehung","status":"publish","type":"page","link":"https:\/\/www.nolana-schafe.de\/de-pages\/der-verein\/entstehung\/","title":{"rendered":"Entstehung"},"content":{"rendered":"<div class=\"wpb-content-wrapper\"><p>[vc_row][vc_column][vc_column_text]<\/p>\n<h3>Entstehung: Der Verein &#8222;Nolana Netzwerk Deutschland&#8220;<\/h3>\n<div id=\"imgtext-id-2\" class=\"image-with-text\">\n<p style=\"text-align: justify;\">Das \u201eNolana Netzwerk Deutschland\u201c hat sich bald nach der Ver\u00f6ffentlichung des Projektes in der \u201eDeutschen Schafzucht\u201c, Ausgabe 23\/1997, als loser Zusammenschluss von Schafhaltern gebildet, die alle das gleiche Ziel hatten: n\u00e4mlich wirtschaftliche Schafe zu z\u00fcchten, die keine Wolle produzieren und die daher nicht geschoren werden m\u00fcssen. Schon nach drei Jahren belief sich die Zahl derer, die der Projektleitung mit Namen und Adresse bekannt waren, auf \u00fcber 300 Schafhalter.<\/p>\n<p style=\"text-align: justify;\">War das Nolana Netzwerk Deutschland bis zum Jahre 2005 eine Interessengemeinschaft ohne Statuten, die in erster Linie der Informationsverbreitung diente, so erwies sich im Verlaufe der Zeit, dass mit zunehmender Intensit\u00e4t der Projektarbeit ein Verein mit Statuten und Funktionstr\u00e4gern an die Stelle des informellen Netzwerkes treten musste. Anders konnten die vielf\u00e4ltigen Koordinierungsarbeiten nicht mehr bew\u00e4ltigt werden. Aus diesem Grunde schlossen sich eine Reihe meinungsf\u00fchrender Nolana-Z\u00fcchter zusammen, um einen F\u00f6rderverein mit der Bezeichnung \u201eNolana-Netzwerk Deutschland\u201c ins Leben zu rufen.<\/p>\n<p style=\"text-align: justify;\">Die Vereinsgr\u00fcndung erfolgte am 03. M\u00e4rz 2006 auf dem Bioland-Versuchbetrieb \u201aWaldhof\u2019 der Fachhochschule Osnabr\u00fcck, wo sich sich 27 Nolana, Dorper- und Barbados Blackbelly-Z\u00fcchter trafen, um den Haarschaff\u00f6rderverein \u201eNolana-Netzwerk Deutschland\u201c ins Leben zu rufen. Die Satzung wurde angenommen und der Vorstand gew\u00e4hlt. Bereits am Gr\u00fcndungstag haben \u00fcber 50 Z\u00fcchter die Mitgliedschaft beantragt.<\/p>\n<p style=\"text-align: justify;\">Der Verein wurde am 27.02.2007 als &#8222;Nolana-Netzwerk-Deutschland e.V.&#8220; am Amtsgericht Osnabr\u00fcck im Vereinsregister 200134 eingetragen. Er verfolgt mit der F\u00f6rderung aller wirtschaftlich interessanten Haarschafrassen und der Verbreitung von Informationen \u00fcber die Haarschafzucht in Deutschland und in der Welt ausschlie\u00dflich gemeinn\u00fctzige Zwecke. Er wird als Berufsverband anerkannt und gem. \u00a75 Abs. 1 Nr. 5 KStG von der K\u00f6rperschaftssteuer befreit. In K\u00fcrze werden an dieser Stelle alle diesbez\u00fcglichen Informationen ver\u00f6ffentlicht.<\/p>\n<h4 style=\"text-align: center;\">Mitglieder des <strong>Vorstands<\/strong> finden Sie <strong><span style=\"text-decoration: underline;\"><a href=\"http:\/\/www.nolana-schafe.de\/de-pages\/der-verein\/der-vorstand\/\">an dieser Stelle<\/a><\/span><\/strong>.<\/h4>\n<p>&nbsp;<\/p>\n<\/div>\n<p>[\/vc_column_text][\/vc_column][\/vc_row]<\/p>\n<\/div>","protected":false},"excerpt":{"rendered":"<p>[vc_row][vc_column][vc_column_text] Entstehung: Der Verein &#8222;Nolana Netzwerk Deutschland&#8220; Das \u201eNolana Netzwerk Deutschland\u201c hat sich bald nach der Ver\u00f6ffentlichung des Projektes in der \u201eDeutschen Schafzucht\u201c, Ausgabe 23\/1997, als loser Zusammenschluss von Schafhaltern gebildet, die alle das gleiche Ziel hatten: n\u00e4mlich wirtschaftliche Schafe zu z\u00fcchten, die keine Wolle produzieren und die daher nicht geschoren werden m\u00fcssen. Schon nach&hellip;<\/p>\n","protected":false},"author":1,"featured_media":0,"parent":11,"menu_order":0,"comment_status":"closed","ping_status":"closed","template":"","meta":{"footnotes":""},"class_list":["post-133","page","type-page","status-publish","hentry","description-off"],"_links":{"self":[{"href":"https:\/\/www.nolana-schafe.de\/de-pages\/wp-json\/wp\/v2\/pages\/133","targetHints":{"allow":["GET"]}}],"collection":[{"href":"https:\/\/www.nolana-schafe.de\/de-pages\/wp-json\/wp\/v2\/pages"}],"about":[{"href":"https:\/\/www.nolana-schafe.de\/de-pages\/wp-json\/wp\/v2\/types\/page"}],"author":[{"embeddable":true,"href":"https:\/\/www.nolana-schafe.de\/de-pages\/wp-json\/wp\/v2\/users\/1"}],"replies":[{"embeddable":true,"href":"https:\/\/www.nolana-schafe.de\/de-pages\/wp-json\/wp\/v2\/comments?post=133"}],"version-history":[{"count":27,"href":"https:\/\/www.nolana-schafe.de\/de-pages\/wp-json\/wp\/v2\/pages\/133\/revisions"}],"predecessor-version":[{"id":474,"href":"https:\/\/www.nolana-schafe.de\/de-pages\/wp-json\/wp\/v2\/pages\/133\/revisions\/474"}],"up":[{"embeddable":true,"href":"https:\/\/www.nolana-schafe.de\/de-pages\/wp-json\/wp\/v2\/pages\/11"}],"wp:attachment":[{"href":"https:\/\/www.nolana-schafe.de\/de-pages\/wp-json\/wp\/v2\/media?parent=133"}],"curies":[{"name":"wp","href":"https:\/\/api.w.org\/{rel}","templated":true}]}}