{"id":135,"date":"2015-03-25T13:35:02","date_gmt":"2015-03-25T13:35:02","guid":{"rendered":"http:\/\/www.nolana-schafe.de\/de-pages\/?page_id=135"},"modified":"2017-06-07T20:03:35","modified_gmt":"2017-06-07T20:03:35","slug":"warum-haarschafe-zuechten","status":"publish","type":"page","link":"https:\/\/www.nolana-schafe.de\/de-pages\/der-verein\/warum-haarschafe-zuechten\/","title":{"rendered":"Warum Haarschafe z\u00fcchten"},"content":{"rendered":"<p>&nbsp;<\/p>\n<h2>Warum Haarschafe z\u00fcchten?<\/h2>\n<p>Hier finden Sie PDF-Downloads mit ausf\u00fchrlichen Erl\u00e4uterungen:<\/p>\n<div>\n<div class=\"fileEntry\">\n<p style=\"padding-left: 30px;\"><img decoding=\"async\" src=\"http:\/\/www.nolana-schafe.de\/img\/icons\/small_icon_pdf.gif\" alt=\"\" border=\"0\" \/> <a href=\"http:\/\/www.nolana-schafe.de\/de-pages\/wp-content\/uploads\/01_entstehung-wollschafe.pdf\">1. Wie sind die Wollschafe aus den Wildschafen entstanden?<\/a><\/p>\n<p style=\"padding-left: 30px;\"><img decoding=\"async\" src=\"http:\/\/www.nolana-schafe.de\/img\/icons\/small_icon_pdf.gif\" alt=\"\" border=\"0\" \/>\u00a0<a href=\"http:\/\/www.nolana-schafe.de\/de-pages\/wp-content\/uploads\/02_was-ist-ein-haarschaf.pdf\">2. Was genau ist ein Haarschaf?<\/a><\/p>\n<p style=\"padding-left: 30px;\"><img decoding=\"async\" src=\"http:\/\/www.nolana-schafe.de\/img\/icons\/small_icon_pdf.gif\" alt=\"\" border=\"0\" \/> <a href=\"http:\/\/www.nolana-schafe.de\/de-pages\/wp-content\/uploads\/OK_03_Warum-in-Deutschland-Haarschafe-z\u00fcchten.pdf\">3. Warum in Deutschland Haarschafe z\u00fcchten?<\/a><\/p>\n<p style=\"padding-left: 30px;\"><img decoding=\"async\" src=\"http:\/\/www.nolana-schafe.de\/img\/icons\/small_icon_pdf.gif\" alt=\"\" border=\"0\" \/> <a href=\"http:\/\/www.nolana-schafe.de\/de-pages\/wp-content\/uploads\/04_rueckkreuzung-haarschafe.pdf\">4. R\u00fcckkreuzung auf Haarschaf &#8211; wie funktioniert das?<\/a><\/p>\n<p style=\"padding-left: 30px;\"><img decoding=\"async\" src=\"http:\/\/www.nolana-schafe.de\/img\/icons\/small_icon_pdf.gif\" alt=\"\" border=\"0\" \/> <a href=\"http:\/\/www.nolana-schafe.de\/de-pages\/wp-content\/uploads\/05_problematik-wollschaf.pdf\">5. Die Problematik des Wollmarktes<\/a><\/p>\n<\/div>\n<div class=\"fileEntry\"><\/div>\n<\/div>\n","protected":false},"excerpt":{"rendered":"<p>&nbsp; Warum Haarschafe z\u00fcchten? Hier finden Sie PDF-Downloads mit ausf\u00fchrlichen Erl\u00e4uterungen: 1. Wie sind die Wollschafe aus den Wildschafen entstanden? \u00a02. Was genau ist ein Haarschaf? 3. Warum in Deutschland Haarschafe z\u00fcchten? 4. R\u00fcckkreuzung auf Haarschaf &#8211; wie funktioniert das? 5. Die Problematik des Wollmarktes<\/p>\n","protected":false},"author":1,"featured_media":0,"parent":11,"menu_order":0,"comment_status":"closed","ping_status":"closed","template":"","meta":{"footnotes":""},"class_list":["post-135","page","type-page","status-publish","hentry","description-off"],"_links":{"self":[{"href":"https:\/\/www.nolana-schafe.de\/de-pages\/wp-json\/wp\/v2\/pages\/135","targetHints":{"allow":["GET"]}}],"collection":[{"href":"https:\/\/www.nolana-schafe.de\/de-pages\/wp-json\/wp\/v2\/pages"}],"about":[{"href":"https:\/\/www.nolana-schafe.de\/de-pages\/wp-json\/wp\/v2\/types\/page"}],"author":[{"embeddable":true,"href":"https:\/\/www.nolana-schafe.de\/de-pages\/wp-json\/wp\/v2\/users\/1"}],"replies":[{"embeddable":true,"href":"https:\/\/www.nolana-schafe.de\/de-pages\/wp-json\/wp\/v2\/comments?post=135"}],"version-history":[{"count":8,"href":"https:\/\/www.nolana-schafe.de\/de-pages\/wp-json\/wp\/v2\/pages\/135\/revisions"}],"predecessor-version":[{"id":1418,"href":"https:\/\/www.nolana-schafe.de\/de-pages\/wp-json\/wp\/v2\/pages\/135\/revisions\/1418"}],"up":[{"embeddable":true,"href":"https:\/\/www.nolana-schafe.de\/de-pages\/wp-json\/wp\/v2\/pages\/11"}],"wp:attachment":[{"href":"https:\/\/www.nolana-schafe.de\/de-pages\/wp-json\/wp\/v2\/media?parent=135"}],"curies":[{"name":"wp","href":"https:\/\/api.w.org\/{rel}","templated":true}]}}