{"id":140,"date":"2015-03-25T13:36:59","date_gmt":"2015-03-25T13:36:59","guid":{"rendered":"http:\/\/www.nolana-schafe.de\/de-pages\/?page_id=140"},"modified":"2024-09-30T08:36:45","modified_gmt":"2024-09-30T08:36:45","slug":"mitglied-werden","status":"publish","type":"page","link":"https:\/\/www.nolana-schafe.de\/de-pages\/der-verein\/mitglied-werden\/","title":{"rendered":"Mitglied werden"},"content":{"rendered":"<h2>Mitglied werden<\/h2>\n<div id=\"imgtext-id-10\" class=\"image-with-text\">\n<p align=\"justify\">Wenn Sie Haarschafe z\u00fcchten wollen oder bereits aktiver Z\u00fcchter sind,<br \/>\nso kommen Sie zu uns!<\/p>\n<p align=\"justify\">Profitieren Sie von unserem umfassenden Beratungsangebot und der Vermittlung von Zuchtvieh. Lernen Sie erfolgreiche Z\u00fcchter in Deutschland, in den Niederlanden, in Gro\u00dfbritannien, in der Schweiz und in \u00d6sterreich kennen und\u00a0bauen Sie sich\u00a0Ihr pers\u00f6nliches Netzwerk auf. Unterst\u00fctzen Sie die Ziele des Vereins Nolana-Netzwerk-Deutschland e.V.<\/p>\n<\/div>\n<div class=\"spaceBeforeCP\"><strong>Hier k\u00f6nnen Sie den Antrag zur Mitgliedschaft auf Ihren PC herunter laden:<\/strong><\/div>\n<div>\n<div class=\"fileEntry\">\n<p><img decoding=\"async\" src=\"http:\/\/www.nolana-schafe.de\/img\/icons\/small_icon_pdf.gif\" alt=\"\" border=\"0\" \/> <a href=\"https:\/\/www.nolana-schafe.de\/de-pages\/wp-content\/uploads\/Beitrittserklaerung-1.pdf\">Beitrittserklaerung_Einzugsermaechtigung.pdf<\/a><\/p>\n<p>Benedikt H\u00fcttemann<br \/>\nTiefer Weg 54b<br \/>\n46514 Schermbeck<br \/>\n<a href=\"mailto:benedikt.huettemann@gmx.de\">E-Mail<\/a><\/p>\n<\/div>\n<\/div>\n","protected":false},"excerpt":{"rendered":"<p>Mitglied werden Wenn Sie Haarschafe z\u00fcchten wollen oder bereits aktiver Z\u00fcchter sind, so kommen Sie zu uns! Profitieren Sie von unserem umfassenden Beratungsangebot und der Vermittlung von Zuchtvieh. Lernen Sie erfolgreiche Z\u00fcchter in Deutschland, in den Niederlanden, in Gro\u00dfbritannien, in der Schweiz und in \u00d6sterreich kennen und\u00a0bauen Sie sich\u00a0Ihr pers\u00f6nliches Netzwerk auf. Unterst\u00fctzen Sie die&hellip;<\/p>\n","protected":false},"author":1,"featured_media":0,"parent":11,"menu_order":0,"comment_status":"closed","ping_status":"closed","template":"","meta":{"footnotes":""},"class_list":["post-140","page","type-page","status-publish","hentry","description-off"],"_links":{"self":[{"href":"https:\/\/www.nolana-schafe.de\/de-pages\/wp-json\/wp\/v2\/pages\/140","targetHints":{"allow":["GET"]}}],"collection":[{"href":"https:\/\/www.nolana-schafe.de\/de-pages\/wp-json\/wp\/v2\/pages"}],"about":[{"href":"https:\/\/www.nolana-schafe.de\/de-pages\/wp-json\/wp\/v2\/types\/page"}],"author":[{"embeddable":true,"href":"https:\/\/www.nolana-schafe.de\/de-pages\/wp-json\/wp\/v2\/users\/1"}],"replies":[{"embeddable":true,"href":"https:\/\/www.nolana-schafe.de\/de-pages\/wp-json\/wp\/v2\/comments?post=140"}],"version-history":[{"count":11,"href":"https:\/\/www.nolana-schafe.de\/de-pages\/wp-json\/wp\/v2\/pages\/140\/revisions"}],"predecessor-version":[{"id":2229,"href":"https:\/\/www.nolana-schafe.de\/de-pages\/wp-json\/wp\/v2\/pages\/140\/revisions\/2229"}],"up":[{"embeddable":true,"href":"https:\/\/www.nolana-schafe.de\/de-pages\/wp-json\/wp\/v2\/pages\/11"}],"wp:attachment":[{"href":"https:\/\/www.nolana-schafe.de\/de-pages\/wp-json\/wp\/v2\/media?parent=140"}],"curies":[{"name":"wp","href":"https:\/\/api.w.org\/{rel}","templated":true}]}}