{"id":15,"date":"2015-03-24T17:56:56","date_gmt":"2015-03-24T17:56:56","guid":{"rendered":"http:\/\/www.nolana-schafe.de\/de-pages\/?page_id=15"},"modified":"2023-11-29T21:13:16","modified_gmt":"2023-11-29T21:13:16","slug":"nolana-fleischschaf","status":"publish","type":"page","link":"https:\/\/www.nolana-schafe.de\/de-pages\/nolana-fleischschaf\/","title":{"rendered":"Nolana"},"content":{"rendered":"<div class=\"wpb-content-wrapper\"><p>[vc_row][vc_column][vc_column_text]<\/p>\n<div id=\"attachment_1466\" style=\"width: 263px\" class=\"wp-caption alignnone\"><img loading=\"lazy\" decoding=\"async\" aria-describedby=\"caption-attachment-1466\" class=\" wp-image-1466\" src=\"http:\/\/www.nolana-schafe.de\/de-pages\/wp-content\/uploads\/HerdePeschke-300x165.jpg\" alt=\"\" width=\"253\" height=\"139\" srcset=\"https:\/\/www.nolana-schafe.de\/de-pages\/wp-content\/uploads\/HerdePeschke-300x165.jpg 300w, https:\/\/www.nolana-schafe.de\/de-pages\/wp-content\/uploads\/HerdePeschke-768x421.jpg 768w, https:\/\/www.nolana-schafe.de\/de-pages\/wp-content\/uploads\/HerdePeschke.jpg 815w\" sizes=\"auto, (max-width: 253px) 100vw, 253px\" \/><p id=\"caption-attachment-1466\" class=\"wp-caption-text\"><em>J\u00e4hrlinge<\/em><\/p><\/div>\n<p>Nolana\u00b4s besitzen die Eigenschaft, dass sich im Verlauf des nat\u00fcrlichen Haarwechsels im Sp\u00e4therbst ein dichter, etwa 3-5 cm langer, stark fetthaltiger Winterpelz bildet, der im Fr\u00fchjahr nach und nach in Flocken abgesto\u00dfen und durch ein Kurzhaar- bzw. Kurzwolldecke ersetzt wird.<\/p>\n<p>Die meisten Schafe wechseln ihr Fell erstmals als J\u00e4hrlinge. Es gibt jedoch bereits viele im Winter oder zeitigen Fr\u00fchjahr geborene Tiere, die im ersten Sommer ihr L\u00e4mmerfell vollst\u00e4ndig absto\u00dfen. Mit diesen L\u00e4mmern sollte bevorzugt weiter gez\u00fcchtet werden, wenn sie auch die anderen z\u00fcchterischen Voraussetzungen erf\u00fcllen.<\/p>\n<p><strong>\u00a0<\/strong>[\/vc_column_text][\/vc_column][\/vc_row]<\/p>\n<\/div>","protected":false},"excerpt":{"rendered":"<p>[vc_row][vc_column][vc_column_text] Nolana\u00b4s besitzen die Eigenschaft, dass sich im Verlauf des nat\u00fcrlichen Haarwechsels im Sp\u00e4therbst ein dichter, etwa 3-5 cm langer, stark fetthaltiger Winterpelz bildet, der im Fr\u00fchjahr nach und nach in Flocken abgesto\u00dfen und durch ein Kurzhaar- bzw. Kurzwolldecke ersetzt wird. Die meisten Schafe wechseln ihr Fell erstmals als J\u00e4hrlinge. Es gibt jedoch bereits viele&hellip;<\/p>\n","protected":false},"author":1,"featured_media":0,"parent":0,"menu_order":0,"comment_status":"closed","ping_status":"closed","template":"","meta":{"footnotes":""},"class_list":["post-15","page","type-page","status-publish","hentry","description-off"],"_links":{"self":[{"href":"https:\/\/www.nolana-schafe.de\/de-pages\/wp-json\/wp\/v2\/pages\/15","targetHints":{"allow":["GET"]}}],"collection":[{"href":"https:\/\/www.nolana-schafe.de\/de-pages\/wp-json\/wp\/v2\/pages"}],"about":[{"href":"https:\/\/www.nolana-schafe.de\/de-pages\/wp-json\/wp\/v2\/types\/page"}],"author":[{"embeddable":true,"href":"https:\/\/www.nolana-schafe.de\/de-pages\/wp-json\/wp\/v2\/users\/1"}],"replies":[{"embeddable":true,"href":"https:\/\/www.nolana-schafe.de\/de-pages\/wp-json\/wp\/v2\/comments?post=15"}],"version-history":[{"count":15,"href":"https:\/\/www.nolana-schafe.de\/de-pages\/wp-json\/wp\/v2\/pages\/15\/revisions"}],"predecessor-version":[{"id":2125,"href":"https:\/\/www.nolana-schafe.de\/de-pages\/wp-json\/wp\/v2\/pages\/15\/revisions\/2125"}],"wp:attachment":[{"href":"https:\/\/www.nolana-schafe.de\/de-pages\/wp-json\/wp\/v2\/media?parent=15"}],"curies":[{"name":"wp","href":"https:\/\/api.w.org\/{rel}","templated":true}]}}