{"id":17,"date":"2015-03-24T17:57:14","date_gmt":"2015-03-24T17:57:14","guid":{"rendered":"http:\/\/www.nolana-schafe.de\/de-pages\/?page_id=17"},"modified":"2025-05-22T14:50:35","modified_gmt":"2025-05-22T14:50:35","slug":"marktplatz","status":"publish","type":"page","link":"https:\/\/www.nolana-schafe.de\/de-pages\/marktplatz\/","title":{"rendered":"Marktplatz"},"content":{"rendered":"<h2>Marktplatz<\/h2>\n<p>Hier k\u00f6nnen Sie Tiere anbieten oder suchen. Wir bitten darum, die Rassenamen NOLANA (NOL) und BRAUNES HAARSCHAF (BHS) nur bei Tieren zu verwenden, die dem Zuchtziel entsprechen.<br \/>\nF\u00fcr im Herdbuch eingetragene Zuchttiere kann folgende \u00dcbersicht als Preisorientierung dienen, die Preisfindung liegt nat\u00fcrlich individuell bei K\u00e4ufer und Verk\u00e4ufer:<\/p>\n<p>weibl. Zuchtl\u00e4mmer ab 300 \u20ac<br \/>\n\u00fcberj\u00e4hrige Mutterschafe bis ca. 4-j\u00e4hrig: ab 350 \u20ac<br \/>\nLammb\u00f6cke, k\u00f6rf\u00e4hig ab 350 \u20ac<br \/>\nZuchtb\u00f6cke, gek\u00f6rt, bis ca. 4-j\u00e4hrig ab 600 \u20ac<br \/>\nSpitzenb\u00f6cke (Mindestnote 8\/8\/8) ab 800 \u20ac aufw\u00e4rts<br \/>\nab 5. Lebensjahr j\u00e4hrliche Abschl\u00e4ge von ca. 10-15%<\/p>\n<p><span style=\"color: #800000; text-decoration: underline;\"><a style=\"color: #800000; text-decoration: underline;\" href=\"http:\/\/www.nolana-schafe.de\/de-pages\/marktplatz-anleitung\/\">Anleitung zum Erstellen von Inseraten<\/a><\/span><br \/>\n<script src=\"\/de-marktplatz\/js\/jquery_mp.js\" type=\"text\/javascript\"><\/script><script src=\"\/de-marktplatz\/js\/iframe_mp.js\" type=\"text\/javascript\"><\/script><br \/>\n<iframe loading=\"lazy\" src=\"\/de-marktplatz\/viewforum.php?f=13\" name=\"ult_modal-body\" width=\"100%\" height=\"100\" frameborder=\"0\" seamless=\"\">Ihr Browser kann leider keine eingebetteten Frames anzeigen: Sie k\u00f6nnen die eingebettete Seite \u00fcber den folgenden Verweis aufrufen: <a href=\"http:\/\/www.nolana-schafe.de\/de-marktplatz\/viewforum.php?f=13\">Marktplatz<\/a><br \/>\n<\/iframe><\/p>\n","protected":false},"excerpt":{"rendered":"<p>Marktplatz Hier k\u00f6nnen Sie Tiere anbieten oder suchen. Wir bitten darum, die Rassenamen NOLANA (NOL) und BRAUNES HAARSCHAF (BHS) nur bei Tieren zu verwenden, die dem Zuchtziel entsprechen. F\u00fcr im Herdbuch eingetragene Zuchttiere kann folgende \u00dcbersicht als Preisorientierung dienen, die Preisfindung liegt nat\u00fcrlich individuell bei K\u00e4ufer und Verk\u00e4ufer: weibl. Zuchtl\u00e4mmer ab 300 \u20ac \u00fcberj\u00e4hrige Mutterschafe&hellip;<\/p>\n","protected":false},"author":1,"featured_media":0,"parent":0,"menu_order":0,"comment_status":"closed","ping_status":"closed","template":"","meta":{"footnotes":""},"class_list":["post-17","page","type-page","status-publish","hentry","description-off"],"_links":{"self":[{"href":"https:\/\/www.nolana-schafe.de\/de-pages\/wp-json\/wp\/v2\/pages\/17","targetHints":{"allow":["GET"]}}],"collection":[{"href":"https:\/\/www.nolana-schafe.de\/de-pages\/wp-json\/wp\/v2\/pages"}],"about":[{"href":"https:\/\/www.nolana-schafe.de\/de-pages\/wp-json\/wp\/v2\/types\/page"}],"author":[{"embeddable":true,"href":"https:\/\/www.nolana-schafe.de\/de-pages\/wp-json\/wp\/v2\/users\/1"}],"replies":[{"embeddable":true,"href":"https:\/\/www.nolana-schafe.de\/de-pages\/wp-json\/wp\/v2\/comments?post=17"}],"version-history":[{"count":31,"href":"https:\/\/www.nolana-schafe.de\/de-pages\/wp-json\/wp\/v2\/pages\/17\/revisions"}],"predecessor-version":[{"id":2290,"href":"https:\/\/www.nolana-schafe.de\/de-pages\/wp-json\/wp\/v2\/pages\/17\/revisions\/2290"}],"wp:attachment":[{"href":"https:\/\/www.nolana-schafe.de\/de-pages\/wp-json\/wp\/v2\/media?parent=17"}],"curies":[{"name":"wp","href":"https:\/\/api.w.org\/{rel}","templated":true}]}}