{"id":332,"date":"2015-06-13T14:54:31","date_gmt":"2015-06-13T14:54:31","guid":{"rendered":"http:\/\/www.nolana-schafe.de\/de-pages\/?page_id=332"},"modified":"2023-11-29T21:11:37","modified_gmt":"2023-11-29T21:11:37","slug":"zuchtziel-fleischschaf","status":"publish","type":"page","link":"https:\/\/www.nolana-schafe.de\/de-pages\/nolana-fleischschaf\/zuchtziel-fleischschaf\/","title":{"rendered":"Zuchtziel (Nolana)"},"content":{"rendered":"<div class=\"wpb-content-wrapper\"><p>[vc_row][vc_column][vc_column_text]<\/p>\n<h2>Zuchtziel f\u00fcr Nolana\u00b4s<\/h2>\n<p style=\"text-align: justify;\"><a class=\"dt-single-image\" href=\"http:\/\/www.nolana-schafe.de\/de-pages\/wp-content\/uploads\/Nolana-Fleischschaf.jpg\" data-dt-img-description=\"\"><img loading=\"lazy\" decoding=\"async\" class=\"alignleft size-thumbnail wp-image-335\" src=\"http:\/\/www.nolana-schafe.de\/de-pages\/wp-content\/uploads\/Nolana-Fleischschaf-150x150.jpg\" alt=\"Nolana-Fleischschaf\" width=\"150\" height=\"150\" \/><\/a><\/p>\n<h4>Das Nolana-Schaf weist einen geraden, langen und breiten R\u00fccken mit guter Rippenw\u00f6lbung und breiter Brust auf. Durch die gute Flankentiefe, ein breites Becken und die gut ausgepr\u00e4gten Au\u00dfen- und Innenkeulen eignet es sich bestens zur Erzeugung hochwertiger Schlachtk\u00f6rper bei hoher Ausschlachtung, geringer Verfettung und guter Auspr\u00e4gung der wertvollen Fleischpartien.<br \/>\nGute Muttereigenschaften, gute S\u00e4ugeleistung, hohe Fruchtbarkeit, Leichtlammigkeit, Fr\u00fchreife und\u00a0lange Brunstsaison zeichnen die Rasse aus.<br \/>\nDas Haarkleid der Nolana-Schafe soll einheitlich wei\u00df sein, Klauen, Maul und Nase sollten jedoch dunkel pigmentiert sein. Pigmentflecken werden toleriert.\u00a0Gute Eignung f\u00fcr die Koppelhaltung auf Gr\u00fcnlandstandorten mittlerer bis guter Ertragsf\u00e4higkeit.<\/h4>\n<h4>Nolana-Schafe sind hornlos.\u00a0Hornansatz und H\u00f6rner sind zuchtausschlie\u00dfend, Pigmentflecken und eine erforderliche Schur sind als unerw\u00fcnschte Merkmale einzustufen.<\/h4>\n<h4><strong>K\u00f6rpergewichte von Nolana-Schafen:<\/strong><\/h4>\n<p>[\/vc_column_text]<div class=\"ult-spacer spacer-69f433a2526c5\" data-id=\"69f433a2526c5\" data-height=\"15\" data-height-mobile=\"15\" data-height-tab=\"15\" data-height-tab-portrait=\"\" data-height-mobile-landscape=\"\" style=\"clear:both;display:block;\"><\/div>[\/vc_column][\/vc_row][vc_row][vc_column width=&#8220;1\/4&#8243;][vc_column_text]Altb\u00f6cke:<br \/>\nJ\u00e4hrlingsb\u00f6cke:<br \/>\nMutterschafe:<br \/>\nGeburtsgewichte:<br \/>\nZuchtl\u00e4mmer[\/vc_column_text][\/vc_column][vc_column width=&#8220;1\/4&#8243;][vc_column_text]120 \u2013 140 kg<br \/>\n90 \u2013 100 kg<br \/>\n70 \u2013 90 kg<br \/>\n4 \u2013 5 kg<br \/>\n50 \u2013 65 kg[\/vc_column_text][\/vc_column][vc_column width=&#8220;1\/4&#8243;][\/vc_column][vc_column width=&#8220;1\/4&#8243;][\/vc_column][\/vc_row][vc_row][vc_column][vc_column_text](8 Mon., Zeitpunkt der 1. Belegung)<\/p>\n<p>Die Tageszunahmen (100 Tage) im Feld sollten bei 300-400 g liegen. In Ausnahmen werden auch schon mehr erreicht. Die Schlachtausbeute liegt bei handels\u00fcblichem Lebendgewicht von 42 kg bei 50-51%.[\/vc_column_text][\/vc_column][\/vc_row]<\/p>\n<\/div>","protected":false},"excerpt":{"rendered":"<p>[vc_row][vc_column][vc_column_text] Zuchtziel f\u00fcr Nolana\u00b4s Das Nolana-Schaf weist einen geraden, langen und breiten R\u00fccken mit guter Rippenw\u00f6lbung und breiter Brust auf. Durch die gute Flankentiefe, ein breites Becken und die gut ausgepr\u00e4gten Au\u00dfen- und Innenkeulen eignet es sich bestens zur Erzeugung hochwertiger Schlachtk\u00f6rper bei hoher Ausschlachtung, geringer Verfettung und guter Auspr\u00e4gung der wertvollen Fleischpartien. Gute Muttereigenschaften,&hellip;<\/p>\n","protected":false},"author":1,"featured_media":0,"parent":15,"menu_order":0,"comment_status":"closed","ping_status":"closed","template":"","meta":{"footnotes":""},"class_list":["post-332","page","type-page","status-publish","hentry","description-off"],"_links":{"self":[{"href":"https:\/\/www.nolana-schafe.de\/de-pages\/wp-json\/wp\/v2\/pages\/332","targetHints":{"allow":["GET"]}}],"collection":[{"href":"https:\/\/www.nolana-schafe.de\/de-pages\/wp-json\/wp\/v2\/pages"}],"about":[{"href":"https:\/\/www.nolana-schafe.de\/de-pages\/wp-json\/wp\/v2\/types\/page"}],"author":[{"embeddable":true,"href":"https:\/\/www.nolana-schafe.de\/de-pages\/wp-json\/wp\/v2\/users\/1"}],"replies":[{"embeddable":true,"href":"https:\/\/www.nolana-schafe.de\/de-pages\/wp-json\/wp\/v2\/comments?post=332"}],"version-history":[{"count":9,"href":"https:\/\/www.nolana-schafe.de\/de-pages\/wp-json\/wp\/v2\/pages\/332\/revisions"}],"predecessor-version":[{"id":2124,"href":"https:\/\/www.nolana-schafe.de\/de-pages\/wp-json\/wp\/v2\/pages\/332\/revisions\/2124"}],"up":[{"embeddable":true,"href":"https:\/\/www.nolana-schafe.de\/de-pages\/wp-json\/wp\/v2\/pages\/15"}],"wp:attachment":[{"href":"https:\/\/www.nolana-schafe.de\/de-pages\/wp-json\/wp\/v2\/media?parent=332"}],"curies":[{"name":"wp","href":"https:\/\/api.w.org\/{rel}","templated":true}]}}