{"id":338,"date":"2015-06-13T15:05:04","date_gmt":"2015-06-13T15:05:04","guid":{"rendered":"http:\/\/www.nolana-schafe.de\/de-pages\/?page_id=338"},"modified":"2025-11-09T12:02:46","modified_gmt":"2025-11-09T12:02:46","slug":"fotogalerie-fleischschaf","status":"publish","type":"page","link":"https:\/\/www.nolana-schafe.de\/de-pages\/nolana-fleischschaf\/fotogalerie-fleischschaf\/","title":{"rendered":"Fotogalerie (Nolana)"},"content":{"rendered":"<div class=\"wpb-content-wrapper\"><p>[vc_row][vc_column][vc_column_text]<\/p>\n<h2>Fotogalerie<\/h2>\n<p style=\"text-align: justify;\"><strong>Nolana\u00b4s<\/strong>\u00a0sind die gr\u00f6\u00dften und schwersten Fleischschafe im Haarschaftyp, die zur Zeit in Deutschland gez\u00fcchtet werden. Auen wiegen 70-90 kg und B\u00f6cke 130 kg und dar\u00fcber. Sie sind f\u00fcr die Produktion marktf\u00e4higer\u00a0 Schlachtl\u00e4mmer geeignet und werfen ihr Winterfell im Fr\u00fchjahr zuverl\u00e4ssig von selber ab. Eine Schur ist damit nicht erforderlich. Die Population befindet sich auf dem Weg zu einer eingetragenen Rasse. In fast allen Bundesl\u00e4ndern gibt es bereits\u00a0 Herdbuchzuchten.<\/p>\n<p>[\/vc_column_text]<div class=\"ult-spacer spacer-69e1e1da48eee\" data-id=\"69e1e1da48eee\" data-height=\"25\" data-height-mobile=\"25\" data-height-tab=\"25\" data-height-tab-portrait=\"\" data-height-mobile-landscape=\"\" style=\"clear:both;display:block;\"><\/div>[\/vc_column][\/vc_row][vc_row][vc_column]<div class=\"wf-container dt-gallery-container dt-photos-shortcode loading-effect-flip iso-container description-under-image content-align-centre\" data-padding=\"20px\" data-cur-page=\"1\" data-width=\"150px\" data-columns=\"3\"><div class=\"wf-cell iso-item\" data-post-id=\"1464\" data-date=\"2017-09-25T18:56:46+00:00\" data-name=\"Zuchtb\u00f6cke\">\n<article class=\"post post-1464 attachment type-attachment status-inherit hentry no-img\">\n\n\t<div class=\"project-list-media\">\n\t<figure class=\"buttons-on-img links-hovers-disabled\">\n\t\t<a href=\"https:\/\/www.nolana-schafe.de\/de-pages\/wp-content\/uploads\/Peschke.jpg\" class=\"alignnone rollover rollover-zoom dt-pswp-item layzr-bg\" title=\"Zuchtb\u00f6cke\" data-dt-img-description=\"\"  data-large_image_width=\"821\" data-large_image_height = \"548\" ><img decoding=\"async\" class=\"preload-me iso-lazy-load aspect\" src=\"data:image\/svg+xml,%3Csvg%20xmlns%3D&#39;http%3A%2F%2Fwww.w3.org%2F2000%2Fsvg&#39;%20viewBox%3D&#39;0%200%20225%20150&#39;%2F%3E\" data-src=\"https:\/\/www.nolana-schafe.de\/de-pages\/wp-content\/uploads\/Peschke-225x150.jpg\" data-srcset=\"https:\/\/www.nolana-schafe.de\/de-pages\/wp-content\/uploads\/Peschke-225x150.jpg 225w, https:\/\/www.nolana-schafe.de\/de-pages\/wp-content\/uploads\/Peschke-450x300.jpg 450w\" loading=\"eager\" style=\"--ratio: 225 \/ 150\" sizes=\"(max-width: 225px) 100vw, 225px\" alt=\"\" width=\"225\" height=\"150\"  \/><\/a>\t\t\t<\/figure>\n<\/div>\n<div class=\"project-list-content\">\n\t<h3 class=\"entry-title\"><a class=\"dt-trigger-first-pswp\" href=\"https:\/\/www.nolana-schafe.de\/de-pages\/peschke\/\" title=\"Zuchtb\u00f6cke\" rel=\"bookmark\">Zuchtb\u00f6cke<\/a><\/h3><\/div>\n<\/article>\n\n<\/div><div class=\"wf-cell iso-item\" data-post-id=\"367\" data-date=\"2015-06-13T15:49:35+00:00\" data-name=\"Zuchtb\u00f6cke\">\n<article class=\"post post-367 attachment type-attachment status-inherit hentry no-img\">\n\n\t<div class=\"project-list-media\">\n\t<figure class=\"buttons-on-img links-hovers-disabled\">\n\t\t<a href=\"https:\/\/www.nolana-schafe.de\/de-pages\/wp-content\/uploads\/Melchior-2012.jpg\" class=\"alignnone rollover rollover-zoom dt-pswp-item layzr-bg\" title=\"Zuchtb\u00f6cke\" data-dt-img-description=\"\"  data-large_image_width=\"538\" data-large_image_height = \"359\" ><img decoding=\"async\" class=\"preload-me iso-lazy-load aspect\" src=\"data:image\/svg+xml,%3Csvg%20xmlns%3D&#39;http%3A%2F%2Fwww.w3.org%2F2000%2Fsvg&#39;%20viewBox%3D&#39;0%200%20225%20150&#39;%2F%3E\" data-src=\"https:\/\/www.nolana-schafe.de\/de-pages\/wp-content\/uploads\/Melchior-2012-225x150.jpg\" data-srcset=\"https:\/\/www.nolana-schafe.de\/de-pages\/wp-content\/uploads\/Melchior-2012-225x150.jpg 225w, https:\/\/www.nolana-schafe.de\/de-pages\/wp-content\/uploads\/Melchior-2012-450x300.jpg 450w\" loading=\"eager\" style=\"--ratio: 225 \/ 150\" sizes=\"(max-width: 225px) 100vw, 225px\" alt=\"\" width=\"225\" height=\"150\"  \/><\/a>\t\t\t<\/figure>\n<\/div>\n<div class=\"project-list-content\">\n\t<h3 class=\"entry-title\"><a class=\"dt-trigger-first-pswp\" href=\"https:\/\/www.nolana-schafe.de\/de-pages\/dt_gallery\/nolana-fleischschaf-bilder\/melchior-2012\/\" title=\"Zuchtb\u00f6cke\" rel=\"bookmark\">Zuchtb\u00f6cke<\/a><\/h3><\/div>\n<\/article>\n\n<\/div><div class=\"wf-cell iso-item\" data-post-id=\"375\" data-date=\"2015-06-13T15:49:41+00:00\" data-name=\"Nolana-Gruppe\">\n<article class=\"post post-375 attachment type-attachment status-inherit hentry no-img\">\n\n\t<div class=\"project-list-media\">\n\t<figure class=\"buttons-on-img links-hovers-disabled\">\n\t\t<a href=\"https:\/\/www.nolana-schafe.de\/de-pages\/wp-content\/uploads\/Nolana-Gruppe-LVVG-Aulendorf-2003.jpg\" class=\"alignnone rollover rollover-zoom dt-pswp-item layzr-bg\" title=\"Nolana-Gruppe\" data-dt-img-description=\"\"  data-large_image_width=\"538\" data-large_image_height = \"403\" ><img decoding=\"async\" class=\"preload-me iso-lazy-load aspect\" src=\"data:image\/svg+xml,%3Csvg%20xmlns%3D&#39;http%3A%2F%2Fwww.w3.org%2F2000%2Fsvg&#39;%20viewBox%3D&#39;0%200%20225%20169&#39;%2F%3E\" data-src=\"https:\/\/www.nolana-schafe.de\/de-pages\/wp-content\/uploads\/Nolana-Gruppe-LVVG-Aulendorf-2003-225x169.jpg\" data-srcset=\"https:\/\/www.nolana-schafe.de\/de-pages\/wp-content\/uploads\/Nolana-Gruppe-LVVG-Aulendorf-2003-225x169.jpg 225w, https:\/\/www.nolana-schafe.de\/de-pages\/wp-content\/uploads\/Nolana-Gruppe-LVVG-Aulendorf-2003-450x338.jpg 450w\" loading=\"eager\" style=\"--ratio: 225 \/ 169\" sizes=\"(max-width: 225px) 100vw, 225px\" alt=\"\" width=\"225\" height=\"169\"  \/><\/a>\t\t\t<\/figure>\n<\/div>\n<div class=\"project-list-content\">\n\t<h3 class=\"entry-title\"><a class=\"dt-trigger-first-pswp\" href=\"https:\/\/www.nolana-schafe.de\/de-pages\/dt_gallery\/nolana-fleischschaf-bilder\/nolana-gruppe-lvvg-aulendorf-2003\/\" title=\"Nolana-Gruppe\" rel=\"bookmark\">Nolana-Gruppe<\/a><\/h3><\/div>\n<\/article>\n\n<\/div><div class=\"wf-cell iso-item\" data-post-id=\"383\" data-date=\"2015-06-13T15:49:46+00:00\" data-name=\"Jungschafe\">\n<article class=\"post post-383 attachment type-attachment status-inherit hentry no-img\">\n\n\t<div class=\"project-list-media\">\n\t<figure class=\"buttons-on-img links-hovers-disabled\">\n\t\t<a href=\"https:\/\/www.nolana-schafe.de\/de-pages\/wp-content\/uploads\/Nolana-Mutterschafe-Melchior-2003.jpg\" class=\"alignnone rollover rollover-zoom dt-pswp-item layzr-bg\" title=\"Jungschafe\" data-dt-img-description=\"\"  data-large_image_width=\"538\" data-large_image_height = \"310\" ><img decoding=\"async\" class=\"preload-me iso-lazy-load aspect\" src=\"data:image\/svg+xml,%3Csvg%20xmlns%3D&#39;http%3A%2F%2Fwww.w3.org%2F2000%2Fsvg&#39;%20viewBox%3D&#39;0%200%20225%20130&#39;%2F%3E\" data-src=\"https:\/\/www.nolana-schafe.de\/de-pages\/wp-content\/uploads\/Nolana-Mutterschafe-Melchior-2003-225x130.jpg\" data-srcset=\"https:\/\/www.nolana-schafe.de\/de-pages\/wp-content\/uploads\/Nolana-Mutterschafe-Melchior-2003-225x130.jpg 225w, https:\/\/www.nolana-schafe.de\/de-pages\/wp-content\/uploads\/Nolana-Mutterschafe-Melchior-2003-450x260.jpg 450w\" loading=\"eager\" style=\"--ratio: 225 \/ 130\" sizes=\"(max-width: 225px) 100vw, 225px\" alt=\"\" width=\"225\" height=\"130\"  \/><\/a>\t\t\t<\/figure>\n<\/div>\n<div class=\"project-list-content\">\n\t<h3 class=\"entry-title\"><a class=\"dt-trigger-first-pswp\" href=\"https:\/\/www.nolana-schafe.de\/de-pages\/dt_gallery\/nolana-fleischschaf-bilder\/nolana-mutterschafe-melchior-2003\/\" title=\"Jungschafe\" rel=\"bookmark\">Jungschafe<\/a><\/h3><\/div>\n<\/article>\n\n<\/div><div class=\"wf-cell iso-item\" data-post-id=\"384\" data-date=\"2015-06-13T15:49:47+00:00\" data-name=\"Mutterschafe\">\n<article class=\"post post-384 attachment type-attachment status-inherit hentry no-img\">\n\n\t<div class=\"project-list-media\">\n\t<figure class=\"buttons-on-img links-hovers-disabled\">\n\t\t<a href=\"https:\/\/www.nolana-schafe.de\/de-pages\/wp-content\/uploads\/Nolana-Mutterschafe-Melchior-2005.jpg\" class=\"alignnone rollover rollover-zoom dt-pswp-item layzr-bg\" title=\"Mutterschafe\" data-dt-img-description=\"\"  data-large_image_width=\"538\" data-large_image_height = \"379\" ><img decoding=\"async\" class=\"preload-me iso-lazy-load aspect\" src=\"data:image\/svg+xml,%3Csvg%20xmlns%3D&#39;http%3A%2F%2Fwww.w3.org%2F2000%2Fsvg&#39;%20viewBox%3D&#39;0%200%20225%20159&#39;%2F%3E\" data-src=\"https:\/\/www.nolana-schafe.de\/de-pages\/wp-content\/uploads\/Nolana-Mutterschafe-Melchior-2005-225x159.jpg\" data-srcset=\"https:\/\/www.nolana-schafe.de\/de-pages\/wp-content\/uploads\/Nolana-Mutterschafe-Melchior-2005-225x159.jpg 225w, https:\/\/www.nolana-schafe.de\/de-pages\/wp-content\/uploads\/Nolana-Mutterschafe-Melchior-2005-450x318.jpg 450w\" loading=\"eager\" style=\"--ratio: 225 \/ 159\" sizes=\"(max-width: 225px) 100vw, 225px\" alt=\"\" width=\"225\" height=\"159\"  \/><\/a>\t\t\t<\/figure>\n<\/div>\n<div class=\"project-list-content\">\n\t<h3 class=\"entry-title\"><a class=\"dt-trigger-first-pswp\" href=\"https:\/\/www.nolana-schafe.de\/de-pages\/dt_gallery\/nolana-fleischschaf-bilder\/nolana-mutterschafe-melchior-2005\/\" title=\"Mutterschafe\" rel=\"bookmark\">Mutterschafe<\/a><\/h3><\/div>\n<\/article>\n\n<\/div><div class=\"wf-cell iso-item\" data-post-id=\"1474\" data-date=\"2017-10-01T19:01:27+00:00\" data-name=\"Heinz Bormuth\">\n<article class=\"post post-1474 attachment type-attachment status-inherit hentry no-img\">\n\n\t<div class=\"project-list-media\">\n\t<figure class=\"buttons-on-img links-hovers-disabled\">\n\t\t<a href=\"https:\/\/www.nolana-schafe.de\/de-pages\/wp-content\/uploads\/Bormuth.jpg\" class=\"alignnone rollover rollover-zoom dt-pswp-item layzr-bg\" title=\"Heinz Bormuth\" data-dt-img-description=\"\"  data-large_image_width=\"1008\" data-large_image_height = \"756\" ><img decoding=\"async\" class=\"preload-me iso-lazy-load aspect\" src=\"data:image\/svg+xml,%3Csvg%20xmlns%3D&#39;http%3A%2F%2Fwww.w3.org%2F2000%2Fsvg&#39;%20viewBox%3D&#39;0%200%20225%20169&#39;%2F%3E\" data-src=\"https:\/\/www.nolana-schafe.de\/de-pages\/wp-content\/uploads\/Bormuth-225x169.jpg\" data-srcset=\"https:\/\/www.nolana-schafe.de\/de-pages\/wp-content\/uploads\/Bormuth-225x169.jpg 225w, https:\/\/www.nolana-schafe.de\/de-pages\/wp-content\/uploads\/Bormuth-450x338.jpg 450w\" loading=\"eager\" style=\"--ratio: 225 \/ 169\" sizes=\"(max-width: 225px) 100vw, 225px\" alt=\"\" width=\"225\" height=\"169\"  \/><\/a>\t\t\t<\/figure>\n<\/div>\n<div class=\"project-list-content\">\n\t<h3 class=\"entry-title\"><a class=\"dt-trigger-first-pswp\" href=\"https:\/\/www.nolana-schafe.de\/de-pages\/dt_gallery\/nolana-fleischschaf-bilder\/bormuth\/\" title=\"Heinz Bormuth\" rel=\"bookmark\">Heinz Bormuth<\/a><\/h3><\/div>\n<\/article>\n\n<\/div><div class=\"wf-cell iso-item\" data-post-id=\"2366\" data-date=\"2025-11-16T07:28:08+00:00\" data-name=\"Eckhardt B\u00fcltermann              Herdbuch\">\n<article class=\"post post-2366 attachment type-attachment status-inherit hentry no-img\">\n\n\t<div class=\"project-list-media\">\n\t<figure class=\"buttons-on-img links-hovers-disabled\">\n\t\t<a href=\"https:\/\/www.nolana-schafe.de\/de-pages\/wp-content\/uploads\/Zuchtbock.jpg\" class=\"alignnone rollover rollover-zoom dt-pswp-item layzr-bg\" title=\"Eckhardt B\u00fcltermann              Herdbuch\" data-dt-img-description=\"\"  data-large_image_width=\"2048\" data-large_image_height = \"1703\" ><img decoding=\"async\" class=\"preload-me iso-lazy-load aspect\" src=\"data:image\/svg+xml,%3Csvg%20xmlns%3D&#39;http%3A%2F%2Fwww.w3.org%2F2000%2Fsvg&#39;%20viewBox%3D&#39;0%200%20225%20187&#39;%2F%3E\" data-src=\"https:\/\/www.nolana-schafe.de\/de-pages\/wp-content\/uploads\/Zuchtbock-225x187.jpg\" data-srcset=\"https:\/\/www.nolana-schafe.de\/de-pages\/wp-content\/uploads\/Zuchtbock-225x187.jpg 225w, https:\/\/www.nolana-schafe.de\/de-pages\/wp-content\/uploads\/Zuchtbock-450x374.jpg 450w\" loading=\"eager\" style=\"--ratio: 225 \/ 187\" sizes=\"(max-width: 225px) 100vw, 225px\" alt=\"\" width=\"225\" height=\"187\"  \/><\/a>\t\t\t<\/figure>\n<\/div>\n<div class=\"project-list-content\">\n\t<h3 class=\"entry-title\"><a class=\"dt-trigger-first-pswp\" href=\"https:\/\/www.nolana-schafe.de\/de-pages\/zuchtbock\/\" title=\"Eckhardt B\u00fcltermann              Herdbuch\" rel=\"bookmark\">Eckhardt B\u00fcltermann              Herdbuch<\/a><\/h3><\/div>\n<\/article>\n\n<\/div><div class=\"wf-cell iso-item\" data-post-id=\"2367\" data-date=\"2025-11-16T07:40:14+00:00\" data-name=\"Bernd Walther                                  Herdbuch\">\n<article class=\"post post-2367 attachment type-attachment status-inherit hentry no-img\">\n\n\t<div class=\"project-list-media\">\n\t<figure class=\"buttons-on-img links-hovers-disabled\">\n\t\t<a href=\"https:\/\/www.nolana-schafe.de\/de-pages\/wp-content\/uploads\/2020-12-14Nolana-Walther.jpg\" class=\"alignnone rollover rollover-zoom dt-pswp-item layzr-bg\" title=\"Bernd Walther                                  Herdbuch\" data-dt-img-description=\"\"  data-large_image_width=\"1020\" data-large_image_height = \"1020\" ><img fetchpriority=\"high\" decoding=\"async\" class=\"preload-me iso-lazy-load aspect\" src=\"data:image\/svg+xml,%3Csvg%20xmlns%3D&#39;http%3A%2F%2Fwww.w3.org%2F2000%2Fsvg&#39;%20viewBox%3D&#39;0%200%20225%20225&#39;%2F%3E\" data-src=\"https:\/\/www.nolana-schafe.de\/de-pages\/wp-content\/uploads\/2020-12-14Nolana-Walther-225x225.jpg\" data-srcset=\"https:\/\/www.nolana-schafe.de\/de-pages\/wp-content\/uploads\/2020-12-14Nolana-Walther-225x225.jpg 225w, https:\/\/www.nolana-schafe.de\/de-pages\/wp-content\/uploads\/2020-12-14Nolana-Walther-450x450.jpg 450w\" loading=\"eager\" style=\"--ratio: 225 \/ 225\" sizes=\"(max-width: 225px) 100vw, 225px\" alt=\"\" width=\"225\" height=\"225\"  \/><\/a>\t\t\t<\/figure>\n<\/div>\n<div class=\"project-list-content\">\n\t<h3 class=\"entry-title\"><a class=\"dt-trigger-first-pswp\" href=\"https:\/\/www.nolana-schafe.de\/de-pages\/2020-12-14nolana-walther\/\" title=\"Bernd Walther                                  Herdbuch\" rel=\"bookmark\">Bernd Walther                                  Herdbuch<\/a><\/h3><\/div>\n<\/article>\n\n<\/div><div class=\"wf-cell iso-item\" data-post-id=\"2353\" data-date=\"2025-11-10T18:34:49+00:00\" data-name=\"Michael Schopf   Mischherde\">\n<article class=\"post post-2353 attachment type-attachment status-inherit hentry no-img\">\n\n\t<div class=\"project-list-media\">\n\t<figure class=\"buttons-on-img links-hovers-disabled\">\n\t\t<a href=\"https:\/\/www.nolana-schafe.de\/de-pages\/wp-content\/uploads\/Michael-Schopf-Mischherde-scaled.jpeg\" class=\"alignnone rollover rollover-zoom dt-pswp-item layzr-bg\" title=\"Michael Schopf   Mischherde\" data-dt-img-description=\"\"  data-large_image_width=\"2560\" data-large_image_height = \"1920\" ><img decoding=\"async\" class=\"preload-me iso-lazy-load aspect\" src=\"data:image\/svg+xml,%3Csvg%20xmlns%3D&#39;http%3A%2F%2Fwww.w3.org%2F2000%2Fsvg&#39;%20viewBox%3D&#39;0%200%20225%20169&#39;%2F%3E\" data-src=\"https:\/\/www.nolana-schafe.de\/de-pages\/wp-content\/uploads\/Michael-Schopf-Mischherde-scaled-225x169.jpeg\" data-srcset=\"https:\/\/www.nolana-schafe.de\/de-pages\/wp-content\/uploads\/Michael-Schopf-Mischherde-scaled-225x169.jpeg 225w, https:\/\/www.nolana-schafe.de\/de-pages\/wp-content\/uploads\/Michael-Schopf-Mischherde-scaled-450x338.jpeg 450w\" loading=\"eager\" style=\"--ratio: 225 \/ 169\" sizes=\"(max-width: 225px) 100vw, 225px\" alt=\"\" width=\"225\" height=\"169\"  \/><\/a>\t\t\t<\/figure>\n<\/div>\n<div class=\"project-list-content\">\n\t<h3 class=\"entry-title\"><a class=\"dt-trigger-first-pswp\" href=\"https:\/\/www.nolana-schafe.de\/de-pages\/dt_gallery\/nolana-fleischschaf-bilder\/michael-schopf-mischherde\/\" title=\"Michael Schopf   Mischherde\" rel=\"bookmark\">Michael Schopf   Mischherde<\/a><\/h3><\/div>\n<\/article>\n\n<\/div><div class=\"wf-cell iso-item\" data-post-id=\"2378\" data-date=\"2025-12-08T20:01:47+00:00\" data-name=\"Mispelkampshof - Dirk Mispelkamp            Herdbuch\">\n<article class=\"post post-2378 attachment type-attachment status-inherit hentry no-img\">\n\n\t<div class=\"project-list-media\">\n\t<figure class=\"buttons-on-img links-hovers-disabled\">\n\t\t<a href=\"https:\/\/www.nolana-schafe.de\/de-pages\/wp-content\/uploads\/Mispelkamp.jpg\" class=\"alignnone rollover rollover-zoom dt-pswp-item layzr-bg\" title=\"Mispelkampshof &#8211; Dirk Mispelkamp            Herdbuch\" data-dt-img-description=\"\"  data-large_image_width=\"2048\" data-large_image_height = \"1536\" ><img decoding=\"async\" class=\"preload-me iso-lazy-load aspect\" src=\"data:image\/svg+xml,%3Csvg%20xmlns%3D&#39;http%3A%2F%2Fwww.w3.org%2F2000%2Fsvg&#39;%20viewBox%3D&#39;0%200%20225%20169&#39;%2F%3E\" data-src=\"https:\/\/www.nolana-schafe.de\/de-pages\/wp-content\/uploads\/Mispelkamp-225x169.jpg\" data-srcset=\"https:\/\/www.nolana-schafe.de\/de-pages\/wp-content\/uploads\/Mispelkamp-225x169.jpg 225w, https:\/\/www.nolana-schafe.de\/de-pages\/wp-content\/uploads\/Mispelkamp-450x338.jpg 450w\" loading=\"eager\" style=\"--ratio: 225 \/ 169\" sizes=\"(max-width: 225px) 100vw, 225px\" alt=\"\" width=\"225\" height=\"169\"  \/><\/a>\t\t\t<\/figure>\n<\/div>\n<div class=\"project-list-content\">\n\t<h3 class=\"entry-title\"><a class=\"dt-trigger-first-pswp\" href=\"https:\/\/www.nolana-schafe.de\/de-pages\/mispelkamp\/\" title=\"Mispelkampshof &#8211; Dirk Mispelkamp            Herdbuch\" rel=\"bookmark\">Mispelkampshof &#8211; Dirk Mispelkamp            Herdbuch<\/a><\/h3><\/div>\n<\/article>\n\n<\/div><\/div>[\/vc_column][\/vc_row]<\/p>\n<\/div>","protected":false},"excerpt":{"rendered":"<p>[vc_row][vc_column][vc_column_text] Fotogalerie Nolana\u00b4s\u00a0sind die gr\u00f6\u00dften und schwersten Fleischschafe im Haarschaftyp, die zur Zeit in Deutschland gez\u00fcchtet werden. Auen wiegen 70-90 kg und B\u00f6cke 130 kg und dar\u00fcber. Sie sind f\u00fcr die Produktion marktf\u00e4higer\u00a0 Schlachtl\u00e4mmer geeignet und werfen ihr Winterfell im Fr\u00fchjahr zuverl\u00e4ssig von selber ab. Eine Schur ist damit nicht erforderlich. Die Population befindet sich&hellip;<\/p>\n","protected":false},"author":1,"featured_media":0,"parent":15,"menu_order":0,"comment_status":"closed","ping_status":"closed","template":"","meta":{"footnotes":""},"class_list":["post-338","page","type-page","status-publish","hentry","description-off"],"_links":{"self":[{"href":"https:\/\/www.nolana-schafe.de\/de-pages\/wp-json\/wp\/v2\/pages\/338","targetHints":{"allow":["GET"]}}],"collection":[{"href":"https:\/\/www.nolana-schafe.de\/de-pages\/wp-json\/wp\/v2\/pages"}],"about":[{"href":"https:\/\/www.nolana-schafe.de\/de-pages\/wp-json\/wp\/v2\/types\/page"}],"author":[{"embeddable":true,"href":"https:\/\/www.nolana-schafe.de\/de-pages\/wp-json\/wp\/v2\/users\/1"}],"replies":[{"embeddable":true,"href":"https:\/\/www.nolana-schafe.de\/de-pages\/wp-json\/wp\/v2\/comments?post=338"}],"version-history":[{"count":15,"href":"https:\/\/www.nolana-schafe.de\/de-pages\/wp-json\/wp\/v2\/pages\/338\/revisions"}],"predecessor-version":[{"id":2326,"href":"https:\/\/www.nolana-schafe.de\/de-pages\/wp-json\/wp\/v2\/pages\/338\/revisions\/2326"}],"up":[{"embeddable":true,"href":"https:\/\/www.nolana-schafe.de\/de-pages\/wp-json\/wp\/v2\/pages\/15"}],"wp:attachment":[{"href":"https:\/\/www.nolana-schafe.de\/de-pages\/wp-json\/wp\/v2\/media?parent=338"}],"curies":[{"name":"wp","href":"https:\/\/api.w.org\/{rel}","templated":true}]}}