{"id":497,"date":"2015-06-27T10:51:31","date_gmt":"2015-06-27T10:51:31","guid":{"rendered":"http:\/\/www.nolana-schafe.de\/de-pages\/?page_id=497"},"modified":"2015-07-05T16:24:05","modified_gmt":"2015-07-05T16:24:05","slug":"dorperschafe","status":"publish","type":"page","link":"https:\/\/www.nolana-schafe.de\/de-pages\/weitere-rassen\/dorperschafe\/","title":{"rendered":"Dorperschafe"},"content":{"rendered":"<div class=\"wpb-content-wrapper\"><p>[vc_row][vc_column][vc_column_text]<\/p>\n<h2>Dorperschafe<\/h2>\n<div id=\"imgtext-id-56\" class=\"image-with-text\">\n<div style=\"text-align: justify;\"><a class=\"dt-single-image\" href=\"http:\/\/www.nolana-schafe.de\/de-pages\/wp-content\/uploads\/04_Dorpergruppe_Preuss_2006.jpg\" data-dt-img-description=\"\"><img loading=\"lazy\" decoding=\"async\" class=\"alignleft size-thumbnail wp-image-560\" src=\"http:\/\/www.nolana-schafe.de\/de-pages\/wp-content\/uploads\/04_Dorpergruppe_Preuss_2006-150x150.jpg\" alt=\"04_Dorpergruppe_Preuss_2006\" width=\"150\" height=\"150\" \/><\/a>Dorperschafe sind Haarschafe f\u00fcr die Fleischerzeugung. Sie werden in der S\u00fcdafrikanischen Republik seit etwa 1930 gez\u00fcchtet. Heute ist die Rasse eingetragen und hat eigene Rassestandards. In der S\u00fcdafrikanischen Republik aber auch in den USA gibt es Z\u00fcchtervereinigungen f\u00fcr Dorperschafe, die die Rassestandards vorgeben, die Zuchtarbeit \u00fcberwachen und die Ergebnisse der Leistungspr\u00fcfungen ver\u00f6ffentlichen. Dorper sind Haarschafe, die auf der Grundlage eines Haarschafes aus den afrikanischen Trockenregionen, dem Somali-Schwarzkopf (Blackheaded Persian), unter Einkreuzung schwarzk\u00f6pfiger englischer Schafrassen, wie z.B. Dorset Horn, entwickelt wurden. Die Rasse wurde vor allem f\u00fcr die trockenen, extensiven Weidegebiete S\u00fcdafrikas gez\u00fcchtet. Dorper-Schafe sind sehr fruchtbare Haarschafe, die Decke ist wei\u00df, der Kopf schwarz. Es gibt auch eine wei\u00dfk\u00f6pfige Variante. Typisch ist die kleine Kehlwamme, die auf seinen afrikanischen Urahn hinweist. Etwa 85% der bei der Dorper Sheep Breeders Society of South Africa eingetragenen Dorper sind schwarzk\u00f6pfig. Dorper sind hornlos, von gutem Rahmen und guter Bemuskelung. Die Kurzhaardecke ist leicht und besteht wie bei allen Haarschafen aus Deckhaaren (Grannenhaaren) mit nur wenig Unterwolle. Die Rasse pa\u00dft sich gut an verschiedene Standorte an, ist robust, weist eine hohe Reproduktionsrate und hohes Wachstumsverm\u00f6gen auf (36 kg in 3-4 Monaten). Die Muttereigenschaften sind ausgezeichnet. Heute stellen die Dorper die zweitgr\u00f6\u00dfte Rassegruppe in S\u00fcdafrika und von hier aus hat sich die Rasse \u00fcber viele L\u00e4nder der Welt verbreitet.<\/div>\n<div style=\"text-align: justify;\"><\/div>\n<div style=\"text-align: justify;\">Weiter f\u00fchrende Informationen \u00fcber Dorperschafe finden Sie\u00a0 auf den Webseiten der\u00a0\u00a0\u201cDorper Sheep Breeders&#8216; Society of South Africa\u201d\u00a0\u00a0 <a href=\"http:\/\/dorpersociety.netfirms.com\/\">http:\/\/dorpersociety.netfirms.com\/<\/a>.<\/div>\n<\/div>\n<p>[\/vc_column_text]<div class=\"ult-spacer spacer-6a06fd0145261\" data-id=\"6a06fd0145261\" data-height=\"15\" data-height-mobile=\"15\" data-height-tab=\"15\" data-height-tab-portrait=\"\" data-height-mobile-landscape=\"\" style=\"clear:both;display:block;\"><\/div>[\/vc_column][\/vc_row]<\/p>\n<\/div>","protected":false},"excerpt":{"rendered":"<p>[vc_row][vc_column][vc_column_text] Dorperschafe Dorperschafe sind Haarschafe f\u00fcr die Fleischerzeugung. Sie werden in der S\u00fcdafrikanischen Republik seit etwa 1930 gez\u00fcchtet. Heute ist die Rasse eingetragen und hat eigene Rassestandards. In der S\u00fcdafrikanischen Republik aber auch in den USA gibt es Z\u00fcchtervereinigungen f\u00fcr Dorperschafe, die die Rassestandards vorgeben, die Zuchtarbeit \u00fcberwachen und die Ergebnisse der Leistungspr\u00fcfungen ver\u00f6ffentlichen. Dorper&hellip;<\/p>\n","protected":false},"author":1,"featured_media":0,"parent":19,"menu_order":0,"comment_status":"closed","ping_status":"closed","template":"","meta":{"footnotes":""},"class_list":["post-497","page","type-page","status-publish","hentry","description-off"],"_links":{"self":[{"href":"https:\/\/www.nolana-schafe.de\/de-pages\/wp-json\/wp\/v2\/pages\/497","targetHints":{"allow":["GET"]}}],"collection":[{"href":"https:\/\/www.nolana-schafe.de\/de-pages\/wp-json\/wp\/v2\/pages"}],"about":[{"href":"https:\/\/www.nolana-schafe.de\/de-pages\/wp-json\/wp\/v2\/types\/page"}],"author":[{"embeddable":true,"href":"https:\/\/www.nolana-schafe.de\/de-pages\/wp-json\/wp\/v2\/users\/1"}],"replies":[{"embeddable":true,"href":"https:\/\/www.nolana-schafe.de\/de-pages\/wp-json\/wp\/v2\/comments?post=497"}],"version-history":[{"count":5,"href":"https:\/\/www.nolana-schafe.de\/de-pages\/wp-json\/wp\/v2\/pages\/497\/revisions"}],"predecessor-version":[{"id":662,"href":"https:\/\/www.nolana-schafe.de\/de-pages\/wp-json\/wp\/v2\/pages\/497\/revisions\/662"}],"up":[{"embeddable":true,"href":"https:\/\/www.nolana-schafe.de\/de-pages\/wp-json\/wp\/v2\/pages\/19"}],"wp:attachment":[{"href":"https:\/\/www.nolana-schafe.de\/de-pages\/wp-json\/wp\/v2\/media?parent=497"}],"curies":[{"name":"wp","href":"https:\/\/api.w.org\/{rel}","templated":true}]}}