{"id":511,"date":"2015-06-27T11:14:32","date_gmt":"2015-06-27T11:14:32","guid":{"rendered":"http:\/\/www.nolana-schafe.de\/de-pages\/?page_id=511"},"modified":"2015-07-05T09:48:39","modified_gmt":"2015-07-05T09:48:39","slug":"zuchtziel","status":"publish","type":"page","link":"https:\/\/www.nolana-schafe.de\/de-pages\/weitere-rassen\/barbados-blackbelly\/zuchtziel\/","title":{"rendered":"Zuchtziel"},"content":{"rendered":"<div class=\"wpb-content-wrapper\"><p>[vc_row][vc_column][vc_column_text]<\/p>\n<h2>Zuchtziel f\u00fcr Barbados Blackbelly-Schafe<\/h2>\n<div id=\"imgtext-id-123\" class=\"image-with-text\">\n<div align=\"justify\">\u00a0<strong>\u00a0<\/strong><\/div>\n<div align=\"justify\"><strong><a class=\"dt-single-image\" href=\"http:\/\/www.nolana-schafe.de\/de-pages\/wp-content\/uploads\/bar05_Barbados-Auen__298BB4.jpg\" data-dt-img-description=\"\"><img loading=\"lazy\" decoding=\"async\" class=\"alignleft size-thumbnail wp-image-529\" src=\"http:\/\/www.nolana-schafe.de\/de-pages\/wp-content\/uploads\/bar05_Barbados-Auen__298BB4-150x150.jpg\" alt=\"bar05_Barbados-Auen__298BB4\" width=\"150\" height=\"150\" \/><\/a>Rassetypische Merkmale<\/strong><\/div>\n<div align=\"justify\"><\/div>\n<div align=\"justify\">Die Rasse Barbados Blackbelly (Barbados Schwarzbauch-Schaf) stammt aus der Karibik. Sklavenh\u00e4ndler brachten westafrikanische Haarschafe als Proviant auf den Sklaven-transportern auf die karibischen Inseln mit. Was unterwegs nicht verbraucht wurde, gelangte auf diese Weise in die Landeszucht. Spanier, Holl\u00e4nder und Engl\u00e4nder kreuzten europ\u00e4ische Schafe ein und erst in j\u00fcngerer Zeit entwickelten Agrarbeh\u00f6rden der englischen Kolonialverwaltung auf Barbados die dortige Haarschafpopulation zu der inzwischen anerkannten Zuchtrasse Barbados Blackbelly weiter.<\/div>\n<div align=\"justify\"><\/div>\n<div align=\"justify\">Barbados-Schafe sind Haarschafe. Sie tragen eine rotbraune Kurzhaardecke aus Grannenhaaren und Wollunterhaaren, der Bauch und die Innenseiten der Beine sind schwarz. Wei\u00dfe Abzeichen k\u00f6nnen vorkommen und deuten nicht notwendigerweise auf Einkreuzung hin. Der Kopf weist das typische Dachsgesicht mit schwarz-wei\u00dfen Streifen \u00fcber der Augenpartie auf. Altb\u00f6cke tragen eine schwere Halsm\u00e4hne.<\/div>\n<div align=\"justify\">Das\u00a0Sommerfell ist glatt und hat ein enges Verh\u00e4ltnis von sekund\u00e4ren zu prim\u00e4ren Haarfollikeln. Im Herbst wird vermehrt Unterwolle geschoben und ein Winterfell ausgebildet, das im Fr\u00fchjahr wieder abgesto\u00dfen wird. Eine Schur ist nicht erforderlich. Da Barbados Blackbelly-Schafe seit \u00fcber 10 Jahren in den Niederlanden und inzwischen immer h\u00e4ufiger auch in Deutschland erfolgreich gez\u00fcchtet werden, muss davon ausgegangen werden, dass die Anpassung an die mitteleurop\u00e4ischen klimatischen Verh\u00e4ltnisse problemlos verl\u00e4uft.<\/div>\n<div align=\"justify\"><\/div>\n<div align=\"justify\">Das Barbados Blackbelly-Schaf ist ein mittelrahmiges Schaf im Stoffumsatztyp. Es hat lange Beine, schwarze, harte Klauen mit schmalem Rumpf und Becken und einer schwachen Bemuskelung. Der Kopf ist edel und trocken, die Ohren sind klein und seitw\u00e4rts abstehend. Der Schwanz ist lang. Beide Geschlechter sind hornlos.<\/div>\n<div align=\"justify\"><\/div>\n<div align=\"justify\">Barbados-Schafe weisen eine asaisonale Brunst auf und sind \u00e4usserst fruchtbar. In gutem Futterzustand sind Ablammungen alle acht Monate die Regel. Zwillinge sind die Regel, Drillinge und Vierlinge sind nicht selten und selbst F\u00fcnflinge kommen vor.<\/div>\n<div align=\"justify\"><\/div>\n<div align=\"justify\">\n<table border=\"0\" cellspacing=\"0\" cellpadding=\"0\">\n<tbody>\n<tr>\n<td valign=\"top\" width=\"241\">\n<div align=\"left\"><strong>Auftreten von:<\/strong><\/div>\n<\/td>\n<td valign=\"top\" width=\"121\">\n<div align=\"center\"><strong>H\u00e4ufigkeit<\/strong><\/div>\n<\/td>\n<\/tr>\n<tr>\n<td valign=\"top\" width=\"241\">\n<div>Einlingsgeburten<\/div>\n<div>Zwillingsgeburten<\/div>\n<div>Drillingsgeburten<\/div>\n<div>Vier- und F\u00fcnflingsgeburten<\/div>\n<\/td>\n<td valign=\"top\" width=\"121\">\n<div align=\"center\">25 &#8211; 30%<\/div>\n<div align=\"center\">45 &#8211; 50%<\/div>\n<div align=\"center\">20 &#8211; 25%<\/div>\n<div align=\"center\">2-5%<\/div>\n<\/td>\n<\/tr>\n<\/tbody>\n<\/table>\n<\/div>\n<div align=\"justify\"><\/div>\n<div align=\"justify\">Aus der Fachliteratur der L\u00e4nder, in denen gr\u00f6\u00dfere Best\u00e4nde dieser Rasse existieren, sind folgende Gewichtsinformationen ersichtlich:<\/div>\n<div align=\"justify\"><\/div>\n<div align=\"justify\">\n<table border=\"0\" cellspacing=\"0\" cellpadding=\"0\">\n<tbody>\n<tr>\n<td valign=\"top\" width=\"318\">\n<div><strong>Geburtsgewichte<\/strong><\/div>\n<\/td>\n<td valign=\"top\" width=\"175\"><\/td>\n<\/tr>\n<tr>\n<td valign=\"top\" width=\"318\">\n<div>Einzell\u00e4mmer (\u00f8 aus \u2640+\u2642)<\/div>\n<\/td>\n<td valign=\"top\" width=\"175\">\n<div>3,2 kg<\/div>\n<\/td>\n<\/tr>\n<tr>\n<td valign=\"top\" width=\"318\">\n<div>Zwillingsl\u00e4mmer (\u00f8 aus \u2640+\u2642)<\/div>\n<div>Drillingsl\u00e4mmer (\u00f8 aus \u2640+\u2642)<\/div>\n<div>Vierlingsl\u00e4mmer (\u00f8 aus \u2640+\u2642)<\/div>\n<\/td>\n<td valign=\"top\" width=\"175\">\n<div>3,1 kg<\/div>\n<div>2,4 kg<\/div>\n<div>2,1 kg<\/div>\n<\/td>\n<\/tr>\n<tr>\n<td valign=\"top\" width=\"318\">\n<div><strong>Absetzgewichte bei 120 Tagen<\/strong><\/div>\n<\/td>\n<td valign=\"top\" width=\"175\"><\/td>\n<\/tr>\n<tr>\n<td valign=\"top\" width=\"318\">\n<div>Einzell\u00e4mmer, \u2642<\/div>\n<div>Einzell\u00e4mmer, \u2640<\/div>\n<\/td>\n<td valign=\"top\" width=\"175\">\n<div>13,7 kg<\/div>\n<div>12,8 kg<\/div>\n<\/td>\n<\/tr>\n<tr>\n<td valign=\"top\" width=\"318\">\n<div>Zwillingsl\u00e4mmer, \u2642<\/div>\n<div>Zwillingsl\u00e4mmer, \u2640<\/div>\n<\/td>\n<td valign=\"top\" width=\"175\">\n<div>13,4 kg<\/div>\n<div>12,3 kg<\/div>\n<\/td>\n<\/tr>\n<tr>\n<td valign=\"top\" width=\"318\">\n<div><strong>Gewichtsentwicklung<\/strong><\/div>\n<\/td>\n<td valign=\"top\" width=\"175\">\n<div>80 &#8211; 140 g\/Tag<\/div>\n<\/td>\n<\/tr>\n<tr>\n<td valign=\"top\" width=\"318\">\n<div>Schlachtk\u00f6rpergewichte (rotes Fleisch mit auffallend geringem Fettanteil)<\/div>\n<\/td>\n<td valign=\"top\" width=\"175\">\n<div>\u00c6 = 15-20 kg<\/div>\n<\/td>\n<\/tr>\n<tr>\n<td valign=\"top\" width=\"318\">\n<div><strong>Lebendgewichte<\/strong><\/div>\n<\/td>\n<td valign=\"top\" width=\"175\"><\/td>\n<\/tr>\n<tr>\n<td valign=\"top\" width=\"318\">\n<div>Widder<\/div>\n<\/td>\n<td valign=\"top\" width=\"175\">\n<div>50-70 kg, Stockma\u00df 60 &#8211; 65 cm<\/div>\n<\/td>\n<\/tr>\n<tr>\n<td valign=\"top\" width=\"318\">\n<div>Auen<\/div>\n<\/td>\n<td valign=\"top\" width=\"175\">\n<div>32-43 kg, Stockma\u00df 50 &#8211; 60 cm.<\/div>\n<\/td>\n<\/tr>\n<\/tbody>\n<\/table>\n<\/div>\n<div align=\"justify\"><\/div>\n<div align=\"justify\"><\/div>\n<div align=\"justify\">Das Barbados Blackbelly-Schaf weist eine hohe Resistenz gegen\u00fcber Magen-Darm-Parasiten auf, die bereits h\u00e4ufig Gegenstand wissenschaftlicher Untersuchungen war.<\/div>\n<div align=\"justify\"><\/div>\n<div align=\"justify\">Der Schlachtk\u00f6rper weist kaum subkutanes Fett auf. Das Fleisch ist dunkel, gut marmoriert, cholesterinarm und von leicht exotischem, wildbret\u00e4hnlichem Geschmack. Bei Selbstvermarktung werden \u00fcber Privatabnehmer und Restaurationsbetriebe sehr gute Preise f\u00fcr die Schlachtk\u00f6rper erzielt.<\/div>\n<div align=\"justify\"><\/div>\n<div align=\"justify\">Die Rasse ist bestens geeignet, um in Kreuzungsprogrammen fruchtbare Haarschafe f\u00fcr Gebrauchsherden zu z\u00fcchten. Bei Kreuzungen mit schwarzen und braunen Bergschafen haben Barbados-B\u00f6cke eine hervorragende Passereignung bewiesen. Derartige Kreuzungsprodukte sind bereits in der R<sub><span style=\"font-size: small;\">1<\/span><\/sub> vitale, fruchtbare Haarschafe im Landschaftyp. Dar\u00fcber hinaus werden Barbados-B\u00f6cke erfolgreich zur Veredlung in aufgrund von Z\u00fcchtungs- und Haltungsfehlern in der Vergangenheit degenerierten Kamerunherden eingesetzt.<\/div>\n<div align=\"justify\">Barbados Blackbelly-Schafe haben ein lebhaftes Temperament. In ihrer karibischen Heimat werden Barados Blackbelly-Schafe get\u00fcdert, in kleinen Gruppen auf Koppeln oder in Herden auf gro\u00dfen Kampen gehalten.<\/div>\n<div align=\"justify\"><\/div>\n<div align=\"justify\"><strong>Zuchtziel <\/strong><\/div>\n<div align=\"justify\"><\/div>\n<div align=\"justify\">Gez\u00fcchtet wird ein typtreues, vitales, mittelrahmiges, hornloses Haarschaf. Die rotbraune Decke mit schwarzem Bauch und schwarzen Innenschenkeln, das Dachsgesicht und die schwere Halsm\u00e4hne der B\u00f6cke sind ein unverwechselbares Rassekennzeichen. Wei\u00dfe Abzeichen und H\u00f6rner sind unerw\u00fcnscht. Rahmen und Konformation m\u00fcssen mit z\u00fcchterischen Mitteln verbessert werden. Die Klauen sind hart und gegen Klauenprobleme unempfindlicher als bei vielen anderen Rassen. Die Mutterinstinkte m\u00fcssen bei hoher Milchleistung stark ausgepr\u00e4gt sein. Die Fruchtbarkeit ist sehr hoch und die Ablammung problemlos. Auffallend ist die gro\u00dfe Vitalit\u00e4t der L\u00e4mmer. Die Tiere sind robust und wenig w\u00e4hlerisch im Fressverhalten und k\u00f6nnen in der Landschaftspflege eingesetzt werden.<\/div>\n<div align=\"justify\"><\/div>\n<div align=\"justify\"><strong><span style=\"font-size: x-large;\"><span style=\"font-size: medium;\">Leistungsangaben f\u00fcr Barbados Blackbelly-Schafe<\/span><\/span><\/strong><\/div>\n<div align=\"justify\"><\/div>\n<div align=\"justify\">\n<table border=\"1\" cellspacing=\"0\" cellpadding=\"0\">\n<tbody>\n<tr>\n<td valign=\"top\" width=\"101\"><\/td>\n<td valign=\"top\" width=\"119\">\n<div align=\"center\">K\u00f6rpergewicht, kg<\/div>\n<\/td>\n<td valign=\"top\" width=\"133\">\n<div align=\"center\">Ablammergebnis, %<\/div>\n<\/td>\n<td valign=\"top\" width=\"120\">\n<div align=\"center\">Widerristh\u00f6he, cm<\/div>\n<\/td>\n<td valign=\"top\" width=\"120\">\n<div align=\"center\">Rumpfl\u00e4nge, cm<\/div>\n<\/td>\n<\/tr>\n<tr>\n<td valign=\"top\" width=\"101\">\n<div>Altb\u00f6cke<\/div>\n<\/td>\n<td valign=\"top\" width=\"119\">\n<div align=\"center\">50 &#8211; 70<\/div>\n<\/td>\n<td valign=\"top\" width=\"133\"><\/td>\n<td valign=\"top\" width=\"120\">\n<div align=\"center\">bis 100<\/div>\n<\/td>\n<td valign=\"top\" width=\"120\"><\/td>\n<\/tr>\n<tr>\n<td valign=\"top\" width=\"101\">\n<div>J\u00e4hrlingsb\u00f6cke<\/div>\n<\/td>\n<td valign=\"top\" width=\"119\"><\/td>\n<td valign=\"top\" width=\"133\"><\/td>\n<td valign=\"top\" width=\"120\"><\/td>\n<td valign=\"top\" width=\"120\"><\/td>\n<\/tr>\n<tr>\n<td valign=\"top\" width=\"101\">\n<div>Lammb\u00f6cke<\/div>\n<div>(6 Monate)<\/div>\n<\/td>\n<td valign=\"top\" width=\"119\"><\/td>\n<td valign=\"top\" width=\"133\"><\/td>\n<td valign=\"top\" width=\"120\"><\/td>\n<td valign=\"top\" width=\"120\"><\/td>\n<\/tr>\n<tr>\n<td valign=\"top\" width=\"101\">\n<div>Mutterschafe<\/div>\n<\/td>\n<td valign=\"top\" width=\"119\">\n<div align=\"center\">32 &#8211; 43<\/div>\n<\/td>\n<td valign=\"top\" width=\"133\">\n<div align=\"center\">200 &#8211; 300<\/div>\n<\/td>\n<td valign=\"top\" width=\"120\">\n<div align=\"center\">60 &#8211; 80<\/div>\n<\/td>\n<td valign=\"top\" width=\"120\"><\/td>\n<\/tr>\n<tr>\n<td valign=\"top\" width=\"101\">\n<div>Zuchtl\u00e4mmer (6 Monate)<\/div>\n<\/td>\n<td valign=\"top\" width=\"119\">\n<div align=\"center\">18 &#8211; 22<\/div>\n<\/td>\n<td valign=\"top\" width=\"133\"><\/td>\n<td valign=\"top\" width=\"120\"><\/td>\n<td valign=\"top\" width=\"120\"><\/td>\n<\/tr>\n<tr>\n<td colspan=\"5\" valign=\"top\" width=\"593\">\n<div>Die t\u00e4glichen Zunahmen liegen bei Mastl\u00e4mmern im Bereich von 100 bis 150 g, die Schlachtausbeute betr\u00e4gt bei einem handels\u00fcblichen Lebendgewicht von 18 bis 22 kg ca. 50 %.<\/div>\n<\/td>\n<\/tr>\n<\/tbody>\n<\/table>\n<\/div>\n<div align=\"justify\"><\/div>\n<\/div>\n<p>[\/vc_column_text]<div class=\"ult-spacer spacer-69f1f083dc189\" data-id=\"69f1f083dc189\" data-height=\"15\" data-height-mobile=\"15\" data-height-tab=\"15\" data-height-tab-portrait=\"\" data-height-mobile-landscape=\"\" style=\"clear:both;display:block;\"><\/div>[\/vc_column][\/vc_row]<div class=\"ult-spacer spacer-69f1f083dc1ad\" data-id=\"69f1f083dc1ad\" data-height=\"15\" data-height-mobile=\"15\" data-height-tab=\"15\" data-height-tab-portrait=\"\" data-height-mobile-landscape=\"\" style=\"clear:both;display:block;\"><\/div>\n<\/div>","protected":false},"excerpt":{"rendered":"<p>[vc_row][vc_column][vc_column_text] Zuchtziel f\u00fcr Barbados Blackbelly-Schafe \u00a0\u00a0 Rassetypische Merkmale Die Rasse Barbados Blackbelly (Barbados Schwarzbauch-Schaf) stammt aus der Karibik. Sklavenh\u00e4ndler brachten westafrikanische Haarschafe als Proviant auf den Sklaven-transportern auf die karibischen Inseln mit. Was unterwegs nicht verbraucht wurde, gelangte auf diese Weise in die Landeszucht. Spanier, Holl\u00e4nder und Engl\u00e4nder kreuzten europ\u00e4ische Schafe ein und erst in&hellip;<\/p>\n","protected":false},"author":1,"featured_media":0,"parent":507,"menu_order":0,"comment_status":"closed","ping_status":"closed","template":"","meta":{"footnotes":""},"class_list":["post-511","page","type-page","status-publish","hentry","description-off"],"_links":{"self":[{"href":"https:\/\/www.nolana-schafe.de\/de-pages\/wp-json\/wp\/v2\/pages\/511","targetHints":{"allow":["GET"]}}],"collection":[{"href":"https:\/\/www.nolana-schafe.de\/de-pages\/wp-json\/wp\/v2\/pages"}],"about":[{"href":"https:\/\/www.nolana-schafe.de\/de-pages\/wp-json\/wp\/v2\/types\/page"}],"author":[{"embeddable":true,"href":"https:\/\/www.nolana-schafe.de\/de-pages\/wp-json\/wp\/v2\/users\/1"}],"replies":[{"embeddable":true,"href":"https:\/\/www.nolana-schafe.de\/de-pages\/wp-json\/wp\/v2\/comments?post=511"}],"version-history":[{"count":13,"href":"https:\/\/www.nolana-schafe.de\/de-pages\/wp-json\/wp\/v2\/pages\/511\/revisions"}],"predecessor-version":[{"id":659,"href":"https:\/\/www.nolana-schafe.de\/de-pages\/wp-json\/wp\/v2\/pages\/511\/revisions\/659"}],"up":[{"embeddable":true,"href":"https:\/\/www.nolana-schafe.de\/de-pages\/wp-json\/wp\/v2\/pages\/507"}],"wp:attachment":[{"href":"https:\/\/www.nolana-schafe.de\/de-pages\/wp-json\/wp\/v2\/media?parent=511"}],"curies":[{"name":"wp","href":"https:\/\/api.w.org\/{rel}","templated":true}]}}