{"id":586,"date":"2015-06-27T13:11:36","date_gmt":"2015-06-27T13:11:36","guid":{"rendered":"http:\/\/www.nolana-schafe.de\/de-pages\/?page_id=586"},"modified":"2015-07-06T16:22:56","modified_gmt":"2015-07-06T16:22:56","slug":"royal-white","status":"publish","type":"page","link":"https:\/\/www.nolana-schafe.de\/de-pages\/weitere-rassen\/royal-white\/","title":{"rendered":"Royal White"},"content":{"rendered":"<div class=\"wpb-content-wrapper\"><p>[vc_row][vc_column][vc_column_text]<\/p>\n<h2>Royal White<\/h2>\n<div id=\"imgtext-id-56\" class=\"image-with-text\">\n<div style=\"text-align: justify;\">\n<p><a class=\"dt-single-image\" href=\"http:\/\/www.nolana-schafe.de\/de-pages\/wp-content\/uploads\/02_RW_Bock.jpg\" data-dt-img-description=\"OLYMPUS DIGITAL CAMERA\"><img loading=\"lazy\" decoding=\"async\" class=\"alignleft wp-image-869 size-thumbnail\" src=\"http:\/\/www.nolana-schafe.de\/de-pages\/wp-content\/uploads\/02_RW_Bock-150x150.jpg\" alt=\"\" width=\"150\" height=\"150\" \/><\/a><\/p>\n<p>Royal White ist nach Katahdin die zweite Haarschafrasse, die in den vergangenen 20 Jahren in den USA entwickelt wurde. Ausgehend von Kreuzungen zwischen Dorper und St. Croix gelang Bill Hoag die Stabilisierung und Gr\u00fcndung einer neuen Rasse. Royal White-Schafe stellen eine gelungene Kombinationskreuzung zwischen diesen beiden Ausgangsrassen dar und sind nach Angaben des Gr\u00fcnders f\u00fcr fast alle Regionen der USA geeignet. Die wei\u00dfen Schafe der Jungferninseln, in den USA Virgin White oder St. Croix genannt, sind echte Haarschafe westafrikanischen Ursprungs, die in Typ und Konformation den braun-schwarzen Barbados Blackbelly sehr \u00e4hnlich sind. Ihre herausragenden Qualit\u00e4ten wie beste Fleischqualit\u00e4t, Resistenz gegen interne Parasiten, H\u00e4rte, Asaisonalit\u00e4t und hohe Fruchtbarkeit sowie gute Klauen konnten erfolgreich mit den bekannten Qualit\u00e4ten der Dorper-Schafe aus S\u00fcdafrika kombiniert werden. Bei der Selektion wurde Wert auf ein einheitlich wei\u00dfes Schaf ohne schwarzen Kopf gelegt.<\/p>\n<p>Bockl\u00e4mmer mit Schlachtgewichten von ca. 50 kg weisen 54% Ausschlachtung auf.<\/p>\n<p>Die Royal White-Schafe erreichen folgende Durchschnittsgewichte:<br \/>\nB\u00f6cke:\u00a0\u00a0\u00a0 83 \u2013 113 kg (185 \u2013 250 lbs.)<br \/>\nAuen:\u00a0\u00a0\u00a0\u00a0 65 \u2013 83 kg (145 \u2013 185 lbs.)<\/p>\n<p>Weiterf\u00fchrende Informationen gibt es bei:<br \/>\nBill Hoag<br \/>\nRoyal White, LLC<br \/>\n51704 Run Road<br \/>\nBeallsville, OH 43716<br \/>\nTel: (740)-926-1085<br \/>\nroyalwhitesheep@att.net<\/p>\n<p>Royal White Sheep Association<br \/>\nc\/o Associated Sheep Registries<br \/>\n173rd Ave., Milo, IA 50166<br \/>\nTel: (641)-942-6402.<\/p>\n<p><a href=\"http:\/\/www.sheepmagazine.com\/issues\/24\/24-5\/Staff_Report1.html\">http:\/\/www.sheepmagazine.com\/issues\/24\/24-5\/Staff_Report1.html<\/a><br \/>\n<a href=\"http:\/\/www.sheepmagazine.com\/issues\/25\/25-1\/Bill_Hoag.html\">http:\/\/www.sheepmagazine.com\/issues\/25\/25-1\/Bill_Hoag.html<\/a><br \/>\n<a href=\"http:\/\/www.sheepmagazine.com\/issues\/24\/24-6\/Bill_Hoag.html\">http:\/\/www.sheepmagazine.com\/issues\/24\/24-6\/Bill_Hoag.html<\/a><br \/>\n<a href=\"http:\/\/www.reedfarms.com\">http:\/\/www.reedfarms.com<\/a><br \/>\n<a href=\"http:\/\/www.wvagriculture.org\/market_bulletin\/Past_Issues\/PDF_Pages\/2008\/4-08-pg-3.pdf\">http:\/\/www.wvagriculture.org\/market_bulletin\/Past_Issues\/PDF_Pages\/2008\/4-08-pg-3.pdf<\/a><br \/>\n<a href=\"http:\/\/www.sheepandgoat.com\/articles\/hairsheepprodmktg.html\">http:\/\/www.sheepandgoat.com\/articles\/hairsheepprodmktg.html<\/a><\/p>\n<p>&nbsp;<\/p>\n<\/div>\n<\/div>\n<p>[\/vc_column_text]<div class=\"ult-spacer spacer-69fdd091059e5\" data-id=\"69fdd091059e5\" data-height=\"15\" data-height-mobile=\"15\" data-height-tab=\"15\" data-height-tab-portrait=\"\" data-height-mobile-landscape=\"\" style=\"clear:both;display:block;\"><\/div>[\/vc_column][\/vc_row][vc_row][vc_column width=&#8220;1\/1&#8243;]<div class=\"wf-container dt-gallery-container dt-photos-shortcode loading-effect-flip iso-container\" data-padding=\"20px\" data-cur-page=\"1\" data-width=\"150px\" data-columns=\"3\"><div class=\"wf-cell iso-item\" data-post-id=\"869\" data-date=\"2015-07-05T11:56:17+00:00\" data-name=\"OLYMPUS DIGITAL CAMERA\">\n<article class=\"post post-869 attachment type-attachment status-inherit hentry no-img description-off\">\n\n\t<figure class=\"rollover-project links-hovers-disabled\">\n\t<a href=\"https:\/\/www.nolana-schafe.de\/de-pages\/wp-content\/uploads\/02_RW_Bock.jpg\" class=\"rollover rollover-zoom dt-pswp-item layzr-bg\" title=\"OLYMPUS DIGITAL CAMERA\" data-dt-img-description=\"\"  data-large_image_width=\"266\" data-large_image_height = \"200\" ><img decoding=\"async\" class=\"preload-me iso-lazy-load aspect\" src=\"data:image\/svg+xml,%3Csvg%20xmlns%3D&#39;http%3A%2F%2Fwww.w3.org%2F2000%2Fsvg&#39;%20viewBox%3D&#39;0%200%20225%20169&#39;%2F%3E\" data-src=\"https:\/\/www.nolana-schafe.de\/de-pages\/wp-content\/uploads\/02_RW_Bock-225x169.jpg\" data-srcset=\"https:\/\/www.nolana-schafe.de\/de-pages\/wp-content\/uploads\/02_RW_Bock-225x169.jpg 225w, https:\/\/www.nolana-schafe.de\/de-pages\/wp-content\/uploads\/02_RW_Bock.jpg 266w\" loading=\"eager\" style=\"--ratio: 225 \/ 169\" sizes=\"(max-width: 225px) 100vw, 225px\" alt=\"\" width=\"225\" height=\"169\"  \/><\/a>\t<\/figure>\n<\/article>\n\n<\/div><div class=\"wf-cell iso-item\" data-post-id=\"871\" data-date=\"2015-07-05T11:56:18+00:00\" data-name=\"OLYMPUS DIGITAL CAMERA\">\n<article class=\"post post-871 attachment type-attachment status-inherit hentry no-img description-off\">\n\n\t<figure class=\"rollover-project links-hovers-disabled\">\n\t<a href=\"https:\/\/www.nolana-schafe.de\/de-pages\/wp-content\/uploads\/03_Royal_White_Herde.jpg\" class=\"rollover rollover-zoom dt-pswp-item layzr-bg\" title=\"OLYMPUS DIGITAL CAMERA\" data-dt-img-description=\"\"  data-large_image_width=\"270\" data-large_image_height = \"202\" ><img decoding=\"async\" class=\"preload-me iso-lazy-load aspect\" src=\"data:image\/svg+xml,%3Csvg%20xmlns%3D&#39;http%3A%2F%2Fwww.w3.org%2F2000%2Fsvg&#39;%20viewBox%3D&#39;0%200%20225%20168&#39;%2F%3E\" data-src=\"https:\/\/www.nolana-schafe.de\/de-pages\/wp-content\/uploads\/03_Royal_White_Herde-225x168.jpg\" data-srcset=\"https:\/\/www.nolana-schafe.de\/de-pages\/wp-content\/uploads\/03_Royal_White_Herde-225x168.jpg 225w, https:\/\/www.nolana-schafe.de\/de-pages\/wp-content\/uploads\/03_Royal_White_Herde.jpg 270w\" loading=\"eager\" style=\"--ratio: 225 \/ 168\" sizes=\"(max-width: 225px) 100vw, 225px\" alt=\"\" width=\"225\" height=\"168\"  \/><\/a>\t<\/figure>\n<\/article>\n\n<\/div><div class=\"wf-cell iso-item\" data-post-id=\"872\" data-date=\"2015-07-05T11:56:19+00:00\" data-name=\"OLYMPUS DIGITAL CAMERA\">\n<article class=\"post post-872 attachment type-attachment status-inherit hentry no-img description-off\">\n\n\t<figure class=\"rollover-project links-hovers-disabled\">\n\t<a href=\"https:\/\/www.nolana-schafe.de\/de-pages\/wp-content\/uploads\/03_RW_Auen.jpg\" class=\"rollover rollover-zoom dt-pswp-item layzr-bg\" title=\"OLYMPUS DIGITAL CAMERA\" data-dt-img-description=\"\"  data-large_image_width=\"266\" data-large_image_height = \"200\" ><img decoding=\"async\" class=\"preload-me iso-lazy-load aspect\" src=\"data:image\/svg+xml,%3Csvg%20xmlns%3D&#39;http%3A%2F%2Fwww.w3.org%2F2000%2Fsvg&#39;%20viewBox%3D&#39;0%200%20225%20169&#39;%2F%3E\" data-src=\"https:\/\/www.nolana-schafe.de\/de-pages\/wp-content\/uploads\/03_RW_Auen-225x169.jpg\" data-srcset=\"https:\/\/www.nolana-schafe.de\/de-pages\/wp-content\/uploads\/03_RW_Auen-225x169.jpg 225w, https:\/\/www.nolana-schafe.de\/de-pages\/wp-content\/uploads\/03_RW_Auen.jpg 266w\" loading=\"eager\" style=\"--ratio: 225 \/ 169\" sizes=\"(max-width: 225px) 100vw, 225px\" alt=\"\" width=\"225\" height=\"169\"  \/><\/a>\t<\/figure>\n<\/article>\n\n<\/div><div class=\"wf-cell iso-item\" data-post-id=\"873\" data-date=\"2015-07-05T11:56:19+00:00\" data-name=\"OLYMPUS DIGITAL CAMERA\">\n<article class=\"post post-873 attachment type-attachment status-inherit hentry no-img description-off\">\n\n\t<figure class=\"rollover-project links-hovers-disabled\">\n\t<a href=\"https:\/\/www.nolana-schafe.de\/de-pages\/wp-content\/uploads\/03_RW_Bock.jpg\" class=\"rollover rollover-zoom dt-pswp-item layzr-bg\" title=\"OLYMPUS DIGITAL CAMERA\" data-dt-img-description=\"\"  data-large_image_width=\"266\" data-large_image_height = \"200\" ><img decoding=\"async\" class=\"preload-me iso-lazy-load aspect\" src=\"data:image\/svg+xml,%3Csvg%20xmlns%3D&#39;http%3A%2F%2Fwww.w3.org%2F2000%2Fsvg&#39;%20viewBox%3D&#39;0%200%20225%20169&#39;%2F%3E\" data-src=\"https:\/\/www.nolana-schafe.de\/de-pages\/wp-content\/uploads\/03_RW_Bock-225x169.jpg\" data-srcset=\"https:\/\/www.nolana-schafe.de\/de-pages\/wp-content\/uploads\/03_RW_Bock-225x169.jpg 225w, https:\/\/www.nolana-schafe.de\/de-pages\/wp-content\/uploads\/03_RW_Bock.jpg 266w\" loading=\"eager\" style=\"--ratio: 225 \/ 169\" sizes=\"(max-width: 225px) 100vw, 225px\" alt=\"\" width=\"225\" height=\"169\"  \/><\/a>\t<\/figure>\n<\/article>\n\n<\/div><div class=\"wf-cell iso-item\" data-post-id=\"874\" data-date=\"2015-07-05T11:56:20+00:00\" data-name=\"OLYMPUS DIGITAL CAMERA\">\n<article class=\"post post-874 attachment type-attachment status-inherit hentry no-img description-off\">\n\n\t<figure class=\"rollover-project links-hovers-disabled\">\n\t<a href=\"https:\/\/www.nolana-schafe.de\/de-pages\/wp-content\/uploads\/04RW_Auen.jpg\" class=\"rollover rollover-zoom dt-pswp-item layzr-bg\" title=\"OLYMPUS DIGITAL CAMERA\" data-dt-img-description=\"\"  data-large_image_width=\"266\" data-large_image_height = \"200\" ><img decoding=\"async\" class=\"preload-me iso-lazy-load aspect\" src=\"data:image\/svg+xml,%3Csvg%20xmlns%3D&#39;http%3A%2F%2Fwww.w3.org%2F2000%2Fsvg&#39;%20viewBox%3D&#39;0%200%20225%20169&#39;%2F%3E\" data-src=\"https:\/\/www.nolana-schafe.de\/de-pages\/wp-content\/uploads\/04RW_Auen-225x169.jpg\" data-srcset=\"https:\/\/www.nolana-schafe.de\/de-pages\/wp-content\/uploads\/04RW_Auen-225x169.jpg 225w, https:\/\/www.nolana-schafe.de\/de-pages\/wp-content\/uploads\/04RW_Auen.jpg 266w\" loading=\"eager\" style=\"--ratio: 225 \/ 169\" sizes=\"(max-width: 225px) 100vw, 225px\" alt=\"\" width=\"225\" height=\"169\"  \/><\/a>\t<\/figure>\n<\/article>\n\n<\/div><div class=\"wf-cell iso-item\" data-post-id=\"875\" data-date=\"2015-07-05T11:56:21+00:00\" data-name=\"OLYMPUS DIGITAL CAMERA\">\n<article class=\"post post-875 attachment type-attachment status-inherit hentry no-img description-off\">\n\n\t<figure class=\"rollover-project links-hovers-disabled\">\n\t<a href=\"https:\/\/www.nolana-schafe.de\/de-pages\/wp-content\/uploads\/05_RW_Auen.jpg\" class=\"rollover rollover-zoom dt-pswp-item layzr-bg\" title=\"OLYMPUS DIGITAL CAMERA\" data-dt-img-description=\"\"  data-large_image_width=\"266\" data-large_image_height = \"200\" ><img decoding=\"async\" class=\"preload-me iso-lazy-load aspect\" src=\"data:image\/svg+xml,%3Csvg%20xmlns%3D&#39;http%3A%2F%2Fwww.w3.org%2F2000%2Fsvg&#39;%20viewBox%3D&#39;0%200%20225%20169&#39;%2F%3E\" data-src=\"https:\/\/www.nolana-schafe.de\/de-pages\/wp-content\/uploads\/05_RW_Auen-225x169.jpg\" data-srcset=\"https:\/\/www.nolana-schafe.de\/de-pages\/wp-content\/uploads\/05_RW_Auen-225x169.jpg 225w, https:\/\/www.nolana-schafe.de\/de-pages\/wp-content\/uploads\/05_RW_Auen.jpg 266w\" loading=\"eager\" style=\"--ratio: 225 \/ 169\" sizes=\"(max-width: 225px) 100vw, 225px\" alt=\"\" width=\"225\" height=\"169\"  \/><\/a>\t<\/figure>\n<\/article>\n\n<\/div><div class=\"wf-cell iso-item\" data-post-id=\"876\" data-date=\"2015-07-05T11:56:21+00:00\" data-name=\"OLYMPUS DIGITAL CAMERA\">\n<article class=\"post post-876 attachment type-attachment status-inherit hentry no-img description-off\">\n\n\t<figure class=\"rollover-project links-hovers-disabled\">\n\t<a href=\"https:\/\/www.nolana-schafe.de\/de-pages\/wp-content\/uploads\/01_Royal_White_Herde.jpg\" class=\"rollover rollover-zoom dt-pswp-item layzr-bg\" title=\"OLYMPUS DIGITAL CAMERA\" data-dt-img-description=\"\"  data-large_image_width=\"266\" data-large_image_height = \"200\" ><img decoding=\"async\" class=\"preload-me iso-lazy-load aspect\" src=\"data:image\/svg+xml,%3Csvg%20xmlns%3D&#39;http%3A%2F%2Fwww.w3.org%2F2000%2Fsvg&#39;%20viewBox%3D&#39;0%200%20225%20169&#39;%2F%3E\" data-src=\"https:\/\/www.nolana-schafe.de\/de-pages\/wp-content\/uploads\/01_Royal_White_Herde-225x169.jpg\" data-srcset=\"https:\/\/www.nolana-schafe.de\/de-pages\/wp-content\/uploads\/01_Royal_White_Herde-225x169.jpg 225w, https:\/\/www.nolana-schafe.de\/de-pages\/wp-content\/uploads\/01_Royal_White_Herde.jpg 266w\" loading=\"eager\" style=\"--ratio: 225 \/ 169\" sizes=\"(max-width: 225px) 100vw, 225px\" alt=\"\" width=\"225\" height=\"169\"  \/><\/a>\t<\/figure>\n<\/article>\n\n<\/div><div class=\"wf-cell iso-item\" data-post-id=\"877\" data-date=\"2015-07-05T11:56:22+00:00\" data-name=\"OLYMPUS DIGITAL CAMERA\">\n<article class=\"post post-877 attachment type-attachment status-inherit hentry no-img description-off\">\n\n\t<figure class=\"rollover-project links-hovers-disabled\">\n\t<a href=\"https:\/\/www.nolana-schafe.de\/de-pages\/wp-content\/uploads\/01_RW_Auen.jpg\" class=\"rollover rollover-zoom dt-pswp-item layzr-bg\" title=\"OLYMPUS DIGITAL CAMERA\" data-dt-img-description=\"\"  data-large_image_width=\"266\" data-large_image_height = \"200\" ><img decoding=\"async\" class=\"preload-me iso-lazy-load aspect\" src=\"data:image\/svg+xml,%3Csvg%20xmlns%3D&#39;http%3A%2F%2Fwww.w3.org%2F2000%2Fsvg&#39;%20viewBox%3D&#39;0%200%20225%20169&#39;%2F%3E\" data-src=\"https:\/\/www.nolana-schafe.de\/de-pages\/wp-content\/uploads\/01_RW_Auen-225x169.jpg\" data-srcset=\"https:\/\/www.nolana-schafe.de\/de-pages\/wp-content\/uploads\/01_RW_Auen-225x169.jpg 225w, https:\/\/www.nolana-schafe.de\/de-pages\/wp-content\/uploads\/01_RW_Auen.jpg 266w\" loading=\"eager\" style=\"--ratio: 225 \/ 169\" sizes=\"(max-width: 225px) 100vw, 225px\" alt=\"\" width=\"225\" height=\"169\"  \/><\/a>\t<\/figure>\n<\/article>\n\n<\/div><div class=\"wf-cell iso-item\" data-post-id=\"878\" data-date=\"2015-07-05T11:56:23+00:00\" data-name=\"OLYMPUS DIGITAL CAMERA\">\n<article class=\"post post-878 attachment type-attachment status-inherit hentry no-img description-off\">\n\n\t<figure class=\"rollover-project links-hovers-disabled\">\n\t<a href=\"https:\/\/www.nolana-schafe.de\/de-pages\/wp-content\/uploads\/01_RW_Bock.jpg\" class=\"rollover rollover-zoom dt-pswp-item layzr-bg\" title=\"OLYMPUS DIGITAL CAMERA\" data-dt-img-description=\"\"  data-large_image_width=\"266\" data-large_image_height = \"200\" ><img decoding=\"async\" class=\"preload-me iso-lazy-load aspect\" src=\"data:image\/svg+xml,%3Csvg%20xmlns%3D&#39;http%3A%2F%2Fwww.w3.org%2F2000%2Fsvg&#39;%20viewBox%3D&#39;0%200%20225%20169&#39;%2F%3E\" data-src=\"https:\/\/www.nolana-schafe.de\/de-pages\/wp-content\/uploads\/01_RW_Bock-225x169.jpg\" data-srcset=\"https:\/\/www.nolana-schafe.de\/de-pages\/wp-content\/uploads\/01_RW_Bock-225x169.jpg 225w, https:\/\/www.nolana-schafe.de\/de-pages\/wp-content\/uploads\/01_RW_Bock.jpg 266w\" loading=\"eager\" style=\"--ratio: 225 \/ 169\" sizes=\"(max-width: 225px) 100vw, 225px\" alt=\"\" width=\"225\" height=\"169\"  \/><\/a>\t<\/figure>\n<\/article>\n\n<\/div><div class=\"wf-cell iso-item\" data-post-id=\"881\" data-date=\"2015-07-05T11:56:25+00:00\" data-name=\"OLYMPUS DIGITAL CAMERA\">\n<article class=\"post post-881 attachment type-attachment status-inherit hentry no-img description-off\">\n\n\t<figure class=\"rollover-project links-hovers-disabled\">\n\t<a href=\"https:\/\/www.nolana-schafe.de\/de-pages\/wp-content\/uploads\/02_RW_Auen.jpg\" class=\"rollover rollover-zoom dt-pswp-item layzr-bg\" title=\"OLYMPUS DIGITAL CAMERA\" data-dt-img-description=\"\"  data-large_image_width=\"266\" data-large_image_height = \"200\" ><img decoding=\"async\" class=\"preload-me iso-lazy-load aspect\" src=\"data:image\/svg+xml,%3Csvg%20xmlns%3D&#39;http%3A%2F%2Fwww.w3.org%2F2000%2Fsvg&#39;%20viewBox%3D&#39;0%200%20225%20169&#39;%2F%3E\" data-src=\"https:\/\/www.nolana-schafe.de\/de-pages\/wp-content\/uploads\/02_RW_Auen-225x169.jpg\" data-srcset=\"https:\/\/www.nolana-schafe.de\/de-pages\/wp-content\/uploads\/02_RW_Auen-225x169.jpg 225w, https:\/\/www.nolana-schafe.de\/de-pages\/wp-content\/uploads\/02_RW_Auen.jpg 266w\" loading=\"eager\" style=\"--ratio: 225 \/ 169\" sizes=\"(max-width: 225px) 100vw, 225px\" alt=\"\" width=\"225\" height=\"169\"  \/><\/a>\t<\/figure>\n<\/article>\n\n<\/div><\/div>[\/vc_column][\/vc_row]<\/p>\n<\/div>","protected":false},"excerpt":{"rendered":"<p>[vc_row][vc_column][vc_column_text] Royal White Royal White ist nach Katahdin die zweite Haarschafrasse, die in den vergangenen 20 Jahren in den USA entwickelt wurde. Ausgehend von Kreuzungen zwischen Dorper und St. Croix gelang Bill Hoag die Stabilisierung und Gr\u00fcndung einer neuen Rasse. Royal White-Schafe stellen eine gelungene Kombinationskreuzung zwischen diesen beiden Ausgangsrassen dar und sind nach Angaben&hellip;<\/p>\n","protected":false},"author":1,"featured_media":0,"parent":19,"menu_order":0,"comment_status":"closed","ping_status":"closed","template":"","meta":{"footnotes":""},"class_list":["post-586","page","type-page","status-publish","hentry","description-off"],"_links":{"self":[{"href":"https:\/\/www.nolana-schafe.de\/de-pages\/wp-json\/wp\/v2\/pages\/586","targetHints":{"allow":["GET"]}}],"collection":[{"href":"https:\/\/www.nolana-schafe.de\/de-pages\/wp-json\/wp\/v2\/pages"}],"about":[{"href":"https:\/\/www.nolana-schafe.de\/de-pages\/wp-json\/wp\/v2\/types\/page"}],"author":[{"embeddable":true,"href":"https:\/\/www.nolana-schafe.de\/de-pages\/wp-json\/wp\/v2\/users\/1"}],"replies":[{"embeddable":true,"href":"https:\/\/www.nolana-schafe.de\/de-pages\/wp-json\/wp\/v2\/comments?post=586"}],"version-history":[{"count":7,"href":"https:\/\/www.nolana-schafe.de\/de-pages\/wp-json\/wp\/v2\/pages\/586\/revisions"}],"predecessor-version":[{"id":994,"href":"https:\/\/www.nolana-schafe.de\/de-pages\/wp-json\/wp\/v2\/pages\/586\/revisions\/994"}],"up":[{"embeddable":true,"href":"https:\/\/www.nolana-schafe.de\/de-pages\/wp-json\/wp\/v2\/pages\/19"}],"wp:attachment":[{"href":"https:\/\/www.nolana-schafe.de\/de-pages\/wp-json\/wp\/v2\/media?parent=586"}],"curies":[{"name":"wp","href":"https:\/\/api.w.org\/{rel}","templated":true}]}}