{"id":590,"date":"2015-06-27T13:14:04","date_gmt":"2015-06-27T13:14:04","guid":{"rendered":"http:\/\/www.nolana-schafe.de\/de-pages\/?page_id=590"},"modified":"2015-07-06T16:28:42","modified_gmt":"2015-07-06T16:28:42","slug":"harlequin-speckled","status":"publish","type":"page","link":"https:\/\/www.nolana-schafe.de\/de-pages\/weitere-rassen\/harlequin-speckled\/","title":{"rendered":"Harlequin Speckled"},"content":{"rendered":"<div class=\"wpb-content-wrapper\"><p>[vc_row][vc_column][vc_column_text]<\/p>\n<h2 style=\"text-align: justify;\">Harlequin Speckled<\/h2>\n<p style=\"text-align: justify;\">Quelle: <a href=\"http:\/\/members.bordernet.com.au\/~genelink\/persian1.htm\">http:\/\/members.bordernet.com.au\/~genelink\/persian1.htm<\/a><\/p>\n<h6 style=\"text-align: justify;\"><span style=\"color: #808080;\">Harlequin Speckled oder Skilder Persian Sheep<\/span><br \/>\n<span style=\"color: #808080;\">Denis Russell<\/span><\/h6>\n<h6 style=\"text-align: justify;\"><span style=\"color: #808080;\">genelink (at) bordernet.com.au<\/span><\/h6>\n<h6 style=\"text-align: justify;\"><span style=\"color: #808080;\">PO Box 40 Parilla South Australia 5303<\/span><\/h6>\n<h6 style=\"text-align: justify;\"><span style=\"color: #808080;\">Tel:\u00a0 o8 85766080, Fax 08 85766165<\/span><\/h6>\n<p style=\"text-align: justify;\"><a class=\"dt-single-image\" href=\"http:\/\/www.nolana-schafe.de\/de-pages\/wp-content\/uploads\/05_Harlequin_Speckled_Persian_Sheep_Australia1.jpg\" data-dt-img-description=\"\"><img loading=\"lazy\" decoding=\"async\" class=\"alignleft size-thumbnail wp-image-798\" src=\"http:\/\/www.nolana-schafe.de\/de-pages\/wp-content\/uploads\/05_Harlequin_Speckled_Persian_Sheep_Australia1-150x150.jpg\" alt=\"05_Harlequin_Speckled_Persian_Sheep_Australia\" width=\"150\" height=\"150\" \/><\/a>Anl\u00e4\u00dflich mehrerer Reisen nach S\u00fcdafrika ab 1977, fand Denis Russel auf den Farmen oft Blackhead-Persian-Schafe (Somali-Schwarzkopf) vor. Die beiden h\u00e4ufigsten Varianten waren Blackhead Persian und Black Skilder Persian. Mit Hilfe seines Kompagnons William Marshall fand er im Karoo, einer Halbw\u00fcstenlandschaft in der zentralen Hochebene in S\u00fcdafrika, noch weitere Farbvarianten der Fettstei\u00dfschafe vor. Die meisten Z\u00fcchter dort lehnten diese Farbvarianten ab, einige wenige allerdings hatten bereits seit einigen Jahren auf mehrfarbig gesprenkelte Exemplare selektiert. Im Jahre 2004 konnten mit einigen Z\u00fcchtern Absprachen zur Gewinnung von Embrionen getroffen werden und eine Anzahl von Donortieren wurde gekauft. Die Embrionen, die bei RAMSEN Bloemfontein gewonnen wurden, erbrachten im Oktober 2005 in Australien 14 Aul\u00e4mmer und 8 Bockl\u00e4mmer. Alle wiesen die volle Bandbreite der vorkommenden Farben auf. Diese Farbvarianten sind: Black Skilder, Doberman (dreifarbig), Blue, Brown Skilder, Red Head, Black Head und Red Skilder.<\/p>\n<p style=\"text-align: justify;\">Im Jahre 2006 wurde ein junger Blue-Bock an eine vorhandene Blackhead- und White Persian-Herde in Parilla, Australien, angepaart und die ersten L\u00e4mmer wurden im Juli 2006 geboren. Die jungen importierten Skilder-Auen wurden ab sechs Monate zum Bock gestellt und lammten ab, bevor die meisten von ihnen 12 Monate alt waren. Nur wenige lammten in dieser Zeit nicht ab, weil sie offensichtlich weniger fruchtbar waren. Bei der Anpaarung von Blackhead-B\u00f6cken an White-Auen kamen einige neue Farbvarianten hinzu, u.a. auch rotes Stichelhaar und Blaukopf.<\/p>\n<p style=\"text-align: justify;\">Die Haltung des Somali-Schwarzkopfschafes, das im englischen Sprachbereich \u201ePersian\u201c genannt wird, hat in Halbw\u00fcstengebieten viele Vorteile. Dieser Schaftyp ist ideal f\u00fcr kleinere Betriebe. Diese Schafe sind temperamentvoll und weil sie so klein sind, sind sie einfach zu handhaben und erlauben hohe Bestockungen pro Fl\u00e4cheneinheit. Sie sind \u00e4u\u00dferst gute Futterverwerter, bleiben immer fett mit gl\u00e4nzendem Fell und sind asaisonal. Zwillingsgeburten sind selten. Die Muttereigenschaften sind stark ausgepr\u00e4gt, die L\u00e4mmer sind vital und stark, Aufzuchtverluste sind selten. In ihren afrikanischen Herkunftsregionen werden sie f\u00fcr die Fettproduktion gehalten. Das Fett h\u00e4rtet nicht aus, bleibt \u00f6lig und ist f\u00fcr die Produktion von verschiedenen Fleisch- und Wurstwaren und von Kosmetika geeignet. Das Fleisch ist zart und der Lammschlachtk\u00f6rper wird f\u00fcr Spie\u00dfbraten und Hausverzehr gesucht. Auch die Hobbytierhaltung spielt eine gro\u00dfe Rolle.<\/p>\n<p style=\"text-align: justify;\">In ariden Gebieten S\u00fcdafrikas, wo vorhandene Fleischrassen h\u00e4ufig zu mager bleiben, werden sie in Kreuzungsprogrammen eingesetzt. Auf diese Weise wird das Fleisch schmackhafter und kann besser verkauft werden. Die Kreuzungsprodukte sind f\u00fchreifer. F1-Auen sind gut geeignet, um an gr\u00f6\u00dfere Fleischrassen r\u00fcckgekreuzt zu werden. Somali-Schwarzkopf und deren Farbvarianten (\u201ePersians\u201c) sind hervorragend an die Futtergrundlage in Halbw\u00fcsten angepasst. Das macht auch ihre Kreuzungsprodukte \u00e4u\u00dferst interessant f\u00fcr solche Standorte. Die Fettstei\u00dfschafe (Somali-Schafe, \u201ePersians\u201c) sind diejenige Rasse, die am besten an jene afrikanischen Halbw\u00fcsten angepasst sind. Und in \u00e4hnlichen Trockenregionen k\u00f6nnen nur die reinrassigen Somali-Schafe \u00fcberleben und ein Einkommen generieren.<\/p>\n<p>[\/vc_column_text]<div class=\"ult-spacer spacer-69f27245aa722\" data-id=\"69f27245aa722\" data-height=\"15\" data-height-mobile=\"15\" data-height-tab=\"15\" data-height-tab-portrait=\"\" data-height-mobile-landscape=\"\" style=\"clear:both;display:block;\"><\/div>[\/vc_column][\/vc_row][vc_row][vc_column width=&#8220;1\/1&#8243;]<div class=\"wf-container dt-gallery-container dt-photos-shortcode loading-effect-flip iso-container\" data-padding=\"20px\" data-cur-page=\"1\" data-width=\"150px\" data-columns=\"3\"><div class=\"wf-cell iso-item\" data-post-id=\"798\" data-date=\"2015-07-05T11:42:21+00:00\" data-name=\"05_Harlequin_Speckled_Persian_Sheep_Australia\">\n<article class=\"post post-798 attachment type-attachment status-inherit hentry no-img description-off\">\n\n\t<figure class=\"rollover-project links-hovers-disabled\">\n\t<a href=\"https:\/\/www.nolana-schafe.de\/de-pages\/wp-content\/uploads\/05_Harlequin_Speckled_Persian_Sheep_Australia1.jpg\" class=\"rollover rollover-zoom dt-pswp-item layzr-bg\" title=\"05_Harlequin_Speckled_Persian_Sheep_Australia\" data-dt-img-description=\"\"  data-large_image_width=\"640\" data-large_image_height = \"482\" ><img decoding=\"async\" class=\"preload-me iso-lazy-load aspect\" src=\"data:image\/svg+xml,%3Csvg%20xmlns%3D&#39;http%3A%2F%2Fwww.w3.org%2F2000%2Fsvg&#39;%20viewBox%3D&#39;0%200%20225%20169&#39;%2F%3E\" data-src=\"https:\/\/www.nolana-schafe.de\/de-pages\/wp-content\/uploads\/05_Harlequin_Speckled_Persian_Sheep_Australia1-225x169.jpg\" data-srcset=\"https:\/\/www.nolana-schafe.de\/de-pages\/wp-content\/uploads\/05_Harlequin_Speckled_Persian_Sheep_Australia1-225x169.jpg 225w, https:\/\/www.nolana-schafe.de\/de-pages\/wp-content\/uploads\/05_Harlequin_Speckled_Persian_Sheep_Australia1-450x338.jpg 450w\" loading=\"eager\" style=\"--ratio: 225 \/ 169\" sizes=\"(max-width: 225px) 100vw, 225px\" alt=\"\" width=\"225\" height=\"169\"  \/><\/a>\t<\/figure>\n<\/article>\n\n<\/div><div class=\"wf-cell iso-item\" data-post-id=\"799\" data-date=\"2015-07-05T11:42:23+00:00\" data-name=\"06_Harlequin_Speckled_Persian_Sheep_Australia\">\n<article class=\"post post-799 attachment type-attachment status-inherit hentry no-img description-off\">\n\n\t<figure class=\"rollover-project links-hovers-disabled\">\n\t<a href=\"https:\/\/www.nolana-schafe.de\/de-pages\/wp-content\/uploads\/06_Harlequin_Speckled_Persian_Sheep_Australia1.jpg\" class=\"rollover rollover-zoom dt-pswp-item layzr-bg\" title=\"06_Harlequin_Speckled_Persian_Sheep_Australia\" data-dt-img-description=\"\"  data-large_image_width=\"640\" data-large_image_height = \"480\" ><img decoding=\"async\" class=\"preload-me iso-lazy-load aspect\" src=\"data:image\/svg+xml,%3Csvg%20xmlns%3D&#39;http%3A%2F%2Fwww.w3.org%2F2000%2Fsvg&#39;%20viewBox%3D&#39;0%200%20225%20169&#39;%2F%3E\" data-src=\"https:\/\/www.nolana-schafe.de\/de-pages\/wp-content\/uploads\/06_Harlequin_Speckled_Persian_Sheep_Australia1-225x169.jpg\" data-srcset=\"https:\/\/www.nolana-schafe.de\/de-pages\/wp-content\/uploads\/06_Harlequin_Speckled_Persian_Sheep_Australia1-225x169.jpg 225w, https:\/\/www.nolana-schafe.de\/de-pages\/wp-content\/uploads\/06_Harlequin_Speckled_Persian_Sheep_Australia1-450x338.jpg 450w\" loading=\"eager\" style=\"--ratio: 225 \/ 169\" sizes=\"(max-width: 225px) 100vw, 225px\" alt=\"\" width=\"225\" height=\"169\"  \/><\/a>\t<\/figure>\n<\/article>\n\n<\/div><div class=\"wf-cell iso-item\" data-post-id=\"800\" data-date=\"2015-07-05T11:42:24+00:00\" data-name=\"07_Harlequin_Speckled_Persian_Sheep_Australia\">\n<article class=\"post post-800 attachment type-attachment status-inherit hentry no-img description-off\">\n\n\t<figure class=\"rollover-project links-hovers-disabled\">\n\t<a href=\"https:\/\/www.nolana-schafe.de\/de-pages\/wp-content\/uploads\/07_Harlequin_Speckled_Persian_Sheep_Australia1.jpg\" class=\"rollover rollover-zoom dt-pswp-item layzr-bg\" title=\"07_Harlequin_Speckled_Persian_Sheep_Australia\" data-dt-img-description=\"\"  data-large_image_width=\"640\" data-large_image_height = \"480\" ><img decoding=\"async\" class=\"preload-me iso-lazy-load aspect\" src=\"data:image\/svg+xml,%3Csvg%20xmlns%3D&#39;http%3A%2F%2Fwww.w3.org%2F2000%2Fsvg&#39;%20viewBox%3D&#39;0%200%20225%20169&#39;%2F%3E\" data-src=\"https:\/\/www.nolana-schafe.de\/de-pages\/wp-content\/uploads\/07_Harlequin_Speckled_Persian_Sheep_Australia1-225x169.jpg\" data-srcset=\"https:\/\/www.nolana-schafe.de\/de-pages\/wp-content\/uploads\/07_Harlequin_Speckled_Persian_Sheep_Australia1-225x169.jpg 225w, https:\/\/www.nolana-schafe.de\/de-pages\/wp-content\/uploads\/07_Harlequin_Speckled_Persian_Sheep_Australia1-450x338.jpg 450w\" loading=\"eager\" style=\"--ratio: 225 \/ 169\" sizes=\"(max-width: 225px) 100vw, 225px\" alt=\"\" width=\"225\" height=\"169\"  \/><\/a>\t<\/figure>\n<\/article>\n\n<\/div><div class=\"wf-cell iso-item\" data-post-id=\"801\" data-date=\"2015-07-05T11:42:25+00:00\" data-name=\"08_Harlequin_Speckled_Persian_Sheep_Australia\">\n<article class=\"post post-801 attachment type-attachment status-inherit hentry no-img description-off\">\n\n\t<figure class=\"rollover-project links-hovers-disabled\">\n\t<a href=\"https:\/\/www.nolana-schafe.de\/de-pages\/wp-content\/uploads\/08_Harlequin_Speckled_Persian_Sheep_Australia1.jpg\" class=\"rollover rollover-zoom dt-pswp-item layzr-bg\" title=\"08_Harlequin_Speckled_Persian_Sheep_Australia\" data-dt-img-description=\"\"  data-large_image_width=\"640\" data-large_image_height = \"480\" ><img decoding=\"async\" class=\"preload-me iso-lazy-load aspect\" src=\"data:image\/svg+xml,%3Csvg%20xmlns%3D&#39;http%3A%2F%2Fwww.w3.org%2F2000%2Fsvg&#39;%20viewBox%3D&#39;0%200%20225%20169&#39;%2F%3E\" data-src=\"https:\/\/www.nolana-schafe.de\/de-pages\/wp-content\/uploads\/08_Harlequin_Speckled_Persian_Sheep_Australia1-225x169.jpg\" data-srcset=\"https:\/\/www.nolana-schafe.de\/de-pages\/wp-content\/uploads\/08_Harlequin_Speckled_Persian_Sheep_Australia1-225x169.jpg 225w, https:\/\/www.nolana-schafe.de\/de-pages\/wp-content\/uploads\/08_Harlequin_Speckled_Persian_Sheep_Australia1-450x338.jpg 450w\" loading=\"eager\" style=\"--ratio: 225 \/ 169\" sizes=\"(max-width: 225px) 100vw, 225px\" alt=\"\" width=\"225\" height=\"169\"  \/><\/a>\t<\/figure>\n<\/article>\n\n<\/div><div class=\"wf-cell iso-item\" data-post-id=\"802\" data-date=\"2015-07-05T11:42:25+00:00\" data-name=\"09_Harlequin_Speckled_Persian_Sheep_Australia\">\n<article class=\"post post-802 attachment type-attachment status-inherit hentry no-img description-off\">\n\n\t<figure class=\"rollover-project links-hovers-disabled\">\n\t<a href=\"https:\/\/www.nolana-schafe.de\/de-pages\/wp-content\/uploads\/09_Harlequin_Speckled_Persian_Sheep_Australia1.jpg\" class=\"rollover rollover-zoom dt-pswp-item layzr-bg\" title=\"09_Harlequin_Speckled_Persian_Sheep_Australia\" data-dt-img-description=\"\"  data-large_image_width=\"640\" data-large_image_height = \"480\" ><img decoding=\"async\" class=\"preload-me iso-lazy-load aspect\" src=\"data:image\/svg+xml,%3Csvg%20xmlns%3D&#39;http%3A%2F%2Fwww.w3.org%2F2000%2Fsvg&#39;%20viewBox%3D&#39;0%200%20225%20169&#39;%2F%3E\" data-src=\"https:\/\/www.nolana-schafe.de\/de-pages\/wp-content\/uploads\/09_Harlequin_Speckled_Persian_Sheep_Australia1-225x169.jpg\" data-srcset=\"https:\/\/www.nolana-schafe.de\/de-pages\/wp-content\/uploads\/09_Harlequin_Speckled_Persian_Sheep_Australia1-225x169.jpg 225w, https:\/\/www.nolana-schafe.de\/de-pages\/wp-content\/uploads\/09_Harlequin_Speckled_Persian_Sheep_Australia1-450x338.jpg 450w\" loading=\"eager\" style=\"--ratio: 225 \/ 169\" sizes=\"(max-width: 225px) 100vw, 225px\" alt=\"\" width=\"225\" height=\"169\"  \/><\/a>\t<\/figure>\n<\/article>\n\n<\/div><div class=\"wf-cell iso-item\" data-post-id=\"803\" data-date=\"2015-07-05T11:42:26+00:00\" data-name=\"10_Harlequin_Speckled_Persian_Sheep_Australia\">\n<article class=\"post post-803 attachment type-attachment status-inherit hentry no-img description-off\">\n\n\t<figure class=\"rollover-project links-hovers-disabled\">\n\t<a href=\"https:\/\/www.nolana-schafe.de\/de-pages\/wp-content\/uploads\/10_Harlequin_Speckled_Persian_Sheep_Australia1.jpg\" class=\"rollover rollover-zoom dt-pswp-item layzr-bg\" title=\"10_Harlequin_Speckled_Persian_Sheep_Australia\" data-dt-img-description=\"\"  data-large_image_width=\"640\" data-large_image_height = \"480\" ><img decoding=\"async\" class=\"preload-me iso-lazy-load aspect\" src=\"data:image\/svg+xml,%3Csvg%20xmlns%3D&#39;http%3A%2F%2Fwww.w3.org%2F2000%2Fsvg&#39;%20viewBox%3D&#39;0%200%20225%20169&#39;%2F%3E\" data-src=\"https:\/\/www.nolana-schafe.de\/de-pages\/wp-content\/uploads\/10_Harlequin_Speckled_Persian_Sheep_Australia1-225x169.jpg\" data-srcset=\"https:\/\/www.nolana-schafe.de\/de-pages\/wp-content\/uploads\/10_Harlequin_Speckled_Persian_Sheep_Australia1-225x169.jpg 225w, https:\/\/www.nolana-schafe.de\/de-pages\/wp-content\/uploads\/10_Harlequin_Speckled_Persian_Sheep_Australia1-450x338.jpg 450w\" loading=\"eager\" style=\"--ratio: 225 \/ 169\" sizes=\"(max-width: 225px) 100vw, 225px\" alt=\"\" width=\"225\" height=\"169\"  \/><\/a>\t<\/figure>\n<\/article>\n\n<\/div><div class=\"wf-cell iso-item\" data-post-id=\"804\" data-date=\"2015-07-05T11:42:27+00:00\" data-name=\"11_Harlequin_Speckled_Persian_Sheep_Australia\">\n<article class=\"post post-804 attachment type-attachment status-inherit hentry no-img description-off\">\n\n\t<figure class=\"rollover-project links-hovers-disabled\">\n\t<a href=\"https:\/\/www.nolana-schafe.de\/de-pages\/wp-content\/uploads\/11_Harlequin_Speckled_Persian_Sheep_Australia1.jpg\" class=\"rollover rollover-zoom dt-pswp-item layzr-bg\" title=\"11_Harlequin_Speckled_Persian_Sheep_Australia\" data-dt-img-description=\"\"  data-large_image_width=\"640\" data-large_image_height = \"480\" ><img decoding=\"async\" class=\"preload-me iso-lazy-load aspect\" src=\"data:image\/svg+xml,%3Csvg%20xmlns%3D&#39;http%3A%2F%2Fwww.w3.org%2F2000%2Fsvg&#39;%20viewBox%3D&#39;0%200%20225%20169&#39;%2F%3E\" data-src=\"https:\/\/www.nolana-schafe.de\/de-pages\/wp-content\/uploads\/11_Harlequin_Speckled_Persian_Sheep_Australia1-225x169.jpg\" data-srcset=\"https:\/\/www.nolana-schafe.de\/de-pages\/wp-content\/uploads\/11_Harlequin_Speckled_Persian_Sheep_Australia1-225x169.jpg 225w, https:\/\/www.nolana-schafe.de\/de-pages\/wp-content\/uploads\/11_Harlequin_Speckled_Persian_Sheep_Australia1-450x338.jpg 450w\" loading=\"eager\" style=\"--ratio: 225 \/ 169\" sizes=\"(max-width: 225px) 100vw, 225px\" alt=\"\" width=\"225\" height=\"169\"  \/><\/a>\t<\/figure>\n<\/article>\n\n<\/div><div class=\"wf-cell iso-item\" data-post-id=\"805\" data-date=\"2015-07-05T11:42:27+00:00\" data-name=\"01_Harlequin_Speckled_Persian_Sheep_Australia\">\n<article class=\"post post-805 attachment type-attachment status-inherit hentry no-img description-off\">\n\n\t<figure class=\"rollover-project links-hovers-disabled\">\n\t<a href=\"https:\/\/www.nolana-schafe.de\/de-pages\/wp-content\/uploads\/01_Harlequin_Speckled_Persian_Sheep_Australia1.jpg\" class=\"rollover rollover-zoom dt-pswp-item layzr-bg\" title=\"01_Harlequin_Speckled_Persian_Sheep_Australia\" data-dt-img-description=\"\"  data-large_image_width=\"640\" data-large_image_height = \"480\" ><img decoding=\"async\" class=\"preload-me iso-lazy-load aspect\" src=\"data:image\/svg+xml,%3Csvg%20xmlns%3D&#39;http%3A%2F%2Fwww.w3.org%2F2000%2Fsvg&#39;%20viewBox%3D&#39;0%200%20225%20169&#39;%2F%3E\" data-src=\"https:\/\/www.nolana-schafe.de\/de-pages\/wp-content\/uploads\/01_Harlequin_Speckled_Persian_Sheep_Australia1-225x169.jpg\" data-srcset=\"https:\/\/www.nolana-schafe.de\/de-pages\/wp-content\/uploads\/01_Harlequin_Speckled_Persian_Sheep_Australia1-225x169.jpg 225w, https:\/\/www.nolana-schafe.de\/de-pages\/wp-content\/uploads\/01_Harlequin_Speckled_Persian_Sheep_Australia1-450x338.jpg 450w\" loading=\"eager\" style=\"--ratio: 225 \/ 169\" sizes=\"(max-width: 225px) 100vw, 225px\" alt=\"\" width=\"225\" height=\"169\"  \/><\/a>\t<\/figure>\n<\/article>\n\n<\/div><div class=\"wf-cell iso-item\" data-post-id=\"806\" data-date=\"2015-07-05T11:42:28+00:00\" data-name=\"02_Harlequin_Speckled_Persian_Sheep_Australia\">\n<article class=\"post post-806 attachment type-attachment status-inherit hentry no-img description-off\">\n\n\t<figure class=\"rollover-project links-hovers-disabled\">\n\t<a href=\"https:\/\/www.nolana-schafe.de\/de-pages\/wp-content\/uploads\/02_Harlequin_Speckled_Persian_Sheep_Australia1.jpg\" class=\"rollover rollover-zoom dt-pswp-item layzr-bg\" title=\"02_Harlequin_Speckled_Persian_Sheep_Australia\" data-dt-img-description=\"\"  data-large_image_width=\"640\" data-large_image_height = \"482\" ><img decoding=\"async\" class=\"preload-me iso-lazy-load aspect\" src=\"data:image\/svg+xml,%3Csvg%20xmlns%3D&#39;http%3A%2F%2Fwww.w3.org%2F2000%2Fsvg&#39;%20viewBox%3D&#39;0%200%20225%20169&#39;%2F%3E\" data-src=\"https:\/\/www.nolana-schafe.de\/de-pages\/wp-content\/uploads\/02_Harlequin_Speckled_Persian_Sheep_Australia1-225x169.jpg\" data-srcset=\"https:\/\/www.nolana-schafe.de\/de-pages\/wp-content\/uploads\/02_Harlequin_Speckled_Persian_Sheep_Australia1-225x169.jpg 225w, https:\/\/www.nolana-schafe.de\/de-pages\/wp-content\/uploads\/02_Harlequin_Speckled_Persian_Sheep_Australia1-450x338.jpg 450w\" loading=\"eager\" style=\"--ratio: 225 \/ 169\" sizes=\"(max-width: 225px) 100vw, 225px\" alt=\"\" width=\"225\" height=\"169\"  \/><\/a>\t<\/figure>\n<\/article>\n\n<\/div><div class=\"wf-cell iso-item\" data-post-id=\"807\" data-date=\"2015-07-05T11:42:29+00:00\" data-name=\"04_Harlequin_Speckled_Persian_Sheep_Australia\">\n<article class=\"post post-807 attachment type-attachment status-inherit hentry no-img description-off\">\n\n\t<figure class=\"rollover-project links-hovers-disabled\">\n\t<a href=\"https:\/\/www.nolana-schafe.de\/de-pages\/wp-content\/uploads\/04_Harlequin_Speckled_Persian_Sheep_Australia1.jpg\" class=\"rollover rollover-zoom dt-pswp-item layzr-bg\" title=\"04_Harlequin_Speckled_Persian_Sheep_Australia\" data-dt-img-description=\"\"  data-large_image_width=\"640\" data-large_image_height = \"482\" ><img decoding=\"async\" class=\"preload-me iso-lazy-load aspect\" src=\"data:image\/svg+xml,%3Csvg%20xmlns%3D&#39;http%3A%2F%2Fwww.w3.org%2F2000%2Fsvg&#39;%20viewBox%3D&#39;0%200%20225%20169&#39;%2F%3E\" data-src=\"https:\/\/www.nolana-schafe.de\/de-pages\/wp-content\/uploads\/04_Harlequin_Speckled_Persian_Sheep_Australia1-225x169.jpg\" data-srcset=\"https:\/\/www.nolana-schafe.de\/de-pages\/wp-content\/uploads\/04_Harlequin_Speckled_Persian_Sheep_Australia1-225x169.jpg 225w, https:\/\/www.nolana-schafe.de\/de-pages\/wp-content\/uploads\/04_Harlequin_Speckled_Persian_Sheep_Australia1-450x338.jpg 450w\" loading=\"eager\" style=\"--ratio: 225 \/ 169\" sizes=\"(max-width: 225px) 100vw, 225px\" alt=\"\" width=\"225\" height=\"169\"  \/><\/a>\t<\/figure>\n<\/article>\n\n<\/div><\/div>[\/vc_column][\/vc_row]<\/p>\n<\/div>","protected":false},"excerpt":{"rendered":"<p>[vc_row][vc_column][vc_column_text] Harlequin Speckled Quelle: http:\/\/members.bordernet.com.au\/~genelink\/persian1.htm Harlequin Speckled oder Skilder Persian Sheep Denis Russell genelink (at) bordernet.com.au PO Box 40 Parilla South Australia 5303 Tel:\u00a0 o8 85766080, Fax 08 85766165 Anl\u00e4\u00dflich mehrerer Reisen nach S\u00fcdafrika ab 1977, fand Denis Russel auf den Farmen oft Blackhead-Persian-Schafe (Somali-Schwarzkopf) vor. Die beiden h\u00e4ufigsten Varianten waren Blackhead Persian und Black&hellip;<\/p>\n","protected":false},"author":1,"featured_media":0,"parent":19,"menu_order":0,"comment_status":"closed","ping_status":"closed","template":"","meta":{"footnotes":""},"class_list":["post-590","page","type-page","status-publish","hentry","description-off"],"_links":{"self":[{"href":"https:\/\/www.nolana-schafe.de\/de-pages\/wp-json\/wp\/v2\/pages\/590","targetHints":{"allow":["GET"]}}],"collection":[{"href":"https:\/\/www.nolana-schafe.de\/de-pages\/wp-json\/wp\/v2\/pages"}],"about":[{"href":"https:\/\/www.nolana-schafe.de\/de-pages\/wp-json\/wp\/v2\/types\/page"}],"author":[{"embeddable":true,"href":"https:\/\/www.nolana-schafe.de\/de-pages\/wp-json\/wp\/v2\/users\/1"}],"replies":[{"embeddable":true,"href":"https:\/\/www.nolana-schafe.de\/de-pages\/wp-json\/wp\/v2\/comments?post=590"}],"version-history":[{"count":6,"href":"https:\/\/www.nolana-schafe.de\/de-pages\/wp-json\/wp\/v2\/pages\/590\/revisions"}],"predecessor-version":[{"id":1001,"href":"https:\/\/www.nolana-schafe.de\/de-pages\/wp-json\/wp\/v2\/pages\/590\/revisions\/1001"}],"up":[{"embeddable":true,"href":"https:\/\/www.nolana-schafe.de\/de-pages\/wp-json\/wp\/v2\/pages\/19"}],"wp:attachment":[{"href":"https:\/\/www.nolana-schafe.de\/de-pages\/wp-json\/wp\/v2\/media?parent=590"}],"curies":[{"name":"wp","href":"https:\/\/api.w.org\/{rel}","templated":true}]}}