{"id":594,"date":"2015-06-27T13:18:09","date_gmt":"2015-06-27T13:18:09","guid":{"rendered":"http:\/\/www.nolana-schafe.de\/de-pages\/?page_id=594"},"modified":"2015-10-17T12:46:43","modified_gmt":"2015-10-17T12:46:43","slug":"easycare-schafe","status":"publish","type":"page","link":"https:\/\/www.nolana-schafe.de\/de-pages\/weitere-rassen\/easycare-schafe\/","title":{"rendered":"EasyCare-Schafe"},"content":{"rendered":"<div class=\"wpb-content-wrapper\"><p>[vc_row][vc_column][vc_column_text]<\/p>\n<h2 style=\"text-align: justify;\">EasyCare-Schafe<\/h2>\n<p style=\"text-align: justify;\">Die Geschichte der EasyCare-Schafe in Gro\u00dfbritannien<\/p>\n<p style=\"text-align: justify;\"><a class=\"dt-single-image\" href=\"http:\/\/www.nolana-schafe.de\/de-pages\/wp-content\/uploads\/1_PhHinman_11.04.jpg\" data-dt-img-description=\"\"><img loading=\"lazy\" decoding=\"async\" class=\"alignleft size-thumbnail wp-image-738\" src=\"http:\/\/www.nolana-schafe.de\/de-pages\/wp-content\/uploads\/1_PhHinman_11.04-150x150.jpg\" alt=\"1_PhHinman_11.04\" width=\"150\" height=\"150\" \/><\/a>1965 begann der Farmer Richard \u201eIolo\u201c Owen in Anglesey, Wales, mit seinem Zuchtprogramm. Er wollte ein Schaf ohne Wolle z\u00fcchten, das alle Anspr\u00fcche erf\u00fcllte, die von den Tieflandfarmern an ihre Schafe gestellt wurden. Er wollte seine eigene Nahzucht heranziehen und kein Risiko eingehen, sich beim Zukauf von Zuchtmaterial Krankheiten einzuschleppen oder viel Geld ausgeben zu m\u00fcssen. Das Ziel war ein mittelrahmiges Schaf von etwa 60 kg LG, ein Einnutzungs-Fleischschaf ohne Wolle, mit minimalen Anspr\u00fcchen an Pflege und Haltung, das so nahe wie m\u00f6glich an eine Ablammrate von 200% kommen sollte.<\/p>\n<p style=\"text-align: justify;\">Die Urspr\u00fcnge der EasyCare-Rasse sind in der ber\u00fchmten \u201eGedwydd-Herde, die viele Preise gewonnen hatte, zu suchen. Iolos Vater, Richard Hughes Owen, hatte diese Herde 1911 mit Wiltshire Horn-Schafen in Anglesey in Nordwales aufgebaut.<\/p>\n<p style=\"text-align: justify;\">Die Erfahrungen mit Wiltshire Horn-Schafen hatten der Wert von Schafen ohne Wolle bereits best\u00e4tigt. Die Wolle tr\u00e4gt zu weniger als 5% zum Deckungsbeitrag eines Schafes bei und das rechtfertigt auf keinen Fall den enormen Kostenanteil an den Kosten der Schafhaltung, die der Wolle angelastet werden m\u00fcssen. Nachdem also die Schur, das Behandeln der Parasiten und der Folgen des Befalls mit Fliegenmaden nicht mehr notwendig waren, verblieben als gr\u00f6\u00dferer Posten die Kosten f\u00fcr das \u00dcberwachen des Ablammens. Da diese Merkmale alle erblich sind, bestand der n\u00e4chste Schritt im Ausmerzen derjenigen Tiere, die st\u00e4ndig Geburtshilfe ben\u00f6tigten. Damit waren die grunds\u00e4tzlichen Parameter aufgestellt, nach denen nun ein sorgf\u00e4ltiger Selektionsprozess begann mit st\u00e4ndiger Kontrolle des Zuchtzieles und der Eliminierung der unerw\u00fcnschten Eigenschaften.<\/p>\n<p style=\"text-align: justify;\">Die Nachzucht aus den Welsh Mountain-Schafen, die mit Wiltshire Horn-B\u00f6cken gekreuzt wurden, wies zu 20% die Eigenschaften ihrer V\u00e4ter auf. Diese warfen ihr Vlies von selbst ab und wurden f\u00fcr die Weiterzucht verwendet. Da nur B\u00f6cke mit einer Kurzhaardecke f\u00fcr die Weiterzucht verwendet wurden, war deren Nachzucht auch relativ typtreu. Nach den ersten Generationen trat eine generelle Hornlosigkeit auf. Es dauerte allerdings etwas l\u00e4nger, bis die gesamte Herde zu Haarschafen geworden war. Eine Tatsache trat unerwartet auf, n\u00e4mlich dass mit dem verschwinden der Wolle die Auschafe mehr Milch gaben und damit auch schwerere L\u00e4mmer erzeugten. Und damit war der Verlust der ohnehin sehr geringen Einnahmen aus der Wolle mehr als ausgeglichen. In den 1970\u2019iger Jahren wurde ein Zuchtsystem aus vier Eliteherden aus den besten 25 Auen gebildet, um den anf\u00e4nglichen Heterosiseffekt nicht zu verlieren. Das beste Bocklamm einer jeden Herde wurde ausgew\u00e4hlt, um f\u00fcr eine Saison als Zuchtbock in der n\u00e4chsten Herde eingesetzt zu werden. So wurde zum Beispiel der beste Bock aus \u201eHerde Blau\u201c in \u201eHerde Rot\u201c eingesetzt, der beste aus \u201eHerde Rot\u201c in \u201eHerde Gr\u00fcn\u201c, und so weiter. Indem ein Bock nur f\u00fcr eine Saison eingesetzt wurde, konnte ein schnellerer genetischer Fortschritt erreicht werden. In den 1980\u2019iger Jahren hatte dieser langsame, teure, herausfordernde und manchmal auch frustrierende Prozess ein fortgeschrittenes Stadium erreicht und die so aufgebaute Herde war ein voller Erfolg. Im Jahre 1985 konnte mit den ersten Verk\u00e4ufen begonnen werden.<\/p>\n<p style=\"text-align: justify;\">Die erreichten Ziele waren mehr aus befriedigend und der Zuchtprozess wurde mit einer anderen Methode weiter gef\u00fchrt. Ein Aspekt davon ist die Selektion von herausragend guten Auen, die auf Scrapie getestet wurden und mit dem besten ebenfalls Scrapie-getesteten Bocklamm angepaart wurden mit dem Ziel, nur noch G1- und G2-genotypisierte Schafe zu haben. Weitere Verbesserungen werden angestrebt, obwohl es bekannt ist, dass es um so l\u00e4nger dauert, ein Zuchtziel zu erreichen, je mehr Selektionskriterien ber\u00fccksichtigt werden m\u00fcssen. Und das Erreichte ist ja schon viel mehr als man noch vor einigen Jahrzehnten gedacht h\u00e4tte.<\/p>\n<p style=\"text-align: justify;\">1986 erhielt Iolo Owen den M.B.E. Preis, der f\u00fcr besondere Leistungen in der Landwirtschaft verliehen wird.<\/p>\n<p style=\"text-align: justify;\"><strong>Die wichtigsten Charakteristika der EasyCare-Rasse im \u00dcberblick:<\/strong><\/p>\n<p style=\"text-align: justify; padding-left: 30px;\">\u2022 Lebendgewicht der Mutterschafe ca. 60 kg<br \/>\n\u2022\u00a01,8 aufgezogene L\u00e4mmer\/Mutterschaf<br \/>\n\u2022 Auf leichte Ablammungen selektiert<br \/>\n\u2022 Vitale L\u00e4mmer, alle mit Haarfell<br \/>\n\u2022 W\u00fcchsige L\u00e4mmer, Schlachtgewicht von 17 kg im Alter von 12 Wochen<br \/>\n\u2022 Hohe Schlachtausbeute<br \/>\n\u2022\u00a0Starke B\u00f6cke, fruchtbar und viril<br \/>\n\u2022 Keine Schur erforderlich, leicht zu managen<br \/>\n\u2022 Geringe Tierarztkosten<br \/>\n\u2022 Unempfindlich gegen raue Witterung<br \/>\n\u2022 Gesunde Konstitution, unempfindlich gegen viele Krankheiten<br \/>\n\u2022 Gute Anpassung an Tieflandweiden<br \/>\n\u2022 Entspricht den Anforderungen eines modernen Marktes<br \/>\n\u2022 Sehr kosteng\u00fcnstig, 80% billiger in den Haltungskosten als andere Rassen<\/p>\n<p style=\"text-align: justify;\">Weitere Informationen:<br \/>\n<a href=\"http:\/\/www.easycaresheep.com\/\">http:\/\/www.easycaresheep.com\/<\/a><br \/>\n<a href=\"http:\/\/www.ateal.co.uk\/nolananetwork\/index.html\">http:\/\/www.ateal.co.uk\/nolananetwork\/index.html<\/a><\/p>\n<p>[\/vc_column_text]<div class=\"ult-spacer spacer-69f27260edab2\" data-id=\"69f27260edab2\" data-height=\"15\" data-height-mobile=\"15\" data-height-tab=\"15\" data-height-tab-portrait=\"\" data-height-mobile-landscape=\"\" style=\"clear:both;display:block;\"><\/div>[\/vc_column][\/vc_row][vc_row][vc_column]<div class=\"wf-container dt-gallery-container dt-photos-shortcode loading-effect-flip iso-container\" data-padding=\"20px\" data-cur-page=\"1\" data-width=\"150px\" data-columns=\"3\"><div class=\"wf-cell iso-item\" data-post-id=\"730\" data-date=\"2015-07-05T11:28:38+00:00\" data-name=\"easy care\">\n<article class=\"post post-730 attachment type-attachment status-inherit hentry no-img description-off\">\n\n\t<figure class=\"rollover-project links-hovers-disabled\">\n\t<a href=\"https:\/\/www.nolana-schafe.de\/de-pages\/wp-content\/uploads\/easy-care.jpg\" class=\"rollover rollover-zoom dt-pswp-item layzr-bg\" title=\"easy care\" data-dt-img-description=\"\"  data-large_image_width=\"541\" data-large_image_height = \"361\" ><img decoding=\"async\" class=\"preload-me iso-lazy-load aspect\" src=\"data:image\/svg+xml,%3Csvg%20xmlns%3D&#39;http%3A%2F%2Fwww.w3.org%2F2000%2Fsvg&#39;%20viewBox%3D&#39;0%200%20225%20150&#39;%2F%3E\" data-src=\"https:\/\/www.nolana-schafe.de\/de-pages\/wp-content\/uploads\/easy-care-225x150.jpg\" data-srcset=\"https:\/\/www.nolana-schafe.de\/de-pages\/wp-content\/uploads\/easy-care-225x150.jpg 225w, https:\/\/www.nolana-schafe.de\/de-pages\/wp-content\/uploads\/easy-care-450x300.jpg 450w\" loading=\"eager\" style=\"--ratio: 225 \/ 150\" sizes=\"(max-width: 225px) 100vw, 225px\" alt=\"\" width=\"225\" height=\"150\"  \/><\/a>\t<\/figure>\n<\/article>\n\n<\/div><div class=\"wf-cell iso-item\" data-post-id=\"731\" data-date=\"2015-07-05T11:28:39+00:00\" data-name=\"EasyCAre-Aue_mit_Lamm\">\n<article class=\"post post-731 attachment type-attachment status-inherit hentry no-img description-off\">\n\n\t<figure class=\"rollover-project links-hovers-disabled\">\n\t<a href=\"https:\/\/www.nolana-schafe.de\/de-pages\/wp-content\/uploads\/EasyCAre-Aue_mit_Lamm.jpg\" class=\"rollover rollover-zoom dt-pswp-item layzr-bg\" title=\"EasyCAre-Aue_mit_Lamm\" data-dt-img-description=\"\"  data-large_image_width=\"405\" data-large_image_height = \"233\" ><img decoding=\"async\" class=\"preload-me iso-lazy-load aspect\" src=\"data:image\/svg+xml,%3Csvg%20xmlns%3D&#39;http%3A%2F%2Fwww.w3.org%2F2000%2Fsvg&#39;%20viewBox%3D&#39;0%200%20225%20129&#39;%2F%3E\" data-src=\"https:\/\/www.nolana-schafe.de\/de-pages\/wp-content\/uploads\/EasyCAre-Aue_mit_Lamm-225x129.jpg\" data-srcset=\"https:\/\/www.nolana-schafe.de\/de-pages\/wp-content\/uploads\/EasyCAre-Aue_mit_Lamm-225x129.jpg 225w, https:\/\/www.nolana-schafe.de\/de-pages\/wp-content\/uploads\/EasyCAre-Aue_mit_Lamm.jpg 405w\" loading=\"eager\" style=\"--ratio: 225 \/ 129\" sizes=\"(max-width: 225px) 100vw, 225px\" alt=\"\" width=\"225\" height=\"129\"  \/><\/a>\t<\/figure>\n<\/article>\n\n<\/div><div class=\"wf-cell iso-item\" data-post-id=\"732\" data-date=\"2015-07-05T11:28:39+00:00\" data-name=\"easycaresheep\">\n<article class=\"post post-732 attachment type-attachment status-inherit hentry no-img description-off\">\n\n\t<figure class=\"rollover-project links-hovers-disabled\">\n\t<a href=\"https:\/\/www.nolana-schafe.de\/de-pages\/wp-content\/uploads\/easycaresheep.jpg\" class=\"rollover rollover-zoom dt-pswp-item layzr-bg\" title=\"easycaresheep\" data-dt-img-description=\"\"  data-large_image_width=\"200\" data-large_image_height = \"134\" ><img decoding=\"async\" class=\"preload-me iso-lazy-load aspect\" src=\"data:image\/svg+xml,%3Csvg%20xmlns%3D&#39;http%3A%2F%2Fwww.w3.org%2F2000%2Fsvg&#39;%20viewBox%3D&#39;0%200%20200%20134&#39;%2F%3E\" data-src=\"https:\/\/www.nolana-schafe.de\/de-pages\/wp-content\/uploads\/easycaresheep.jpg\" data-srcset=\"https:\/\/www.nolana-schafe.de\/de-pages\/wp-content\/uploads\/easycaresheep.jpg 200w\" loading=\"eager\" style=\"--ratio: 200 \/ 134\" sizes=\"(max-width: 200px) 100vw, 200px\" alt=\"\" width=\"200\" height=\"134\"  \/><\/a>\t<\/figure>\n<\/article>\n\n<\/div><div class=\"wf-cell iso-item\" data-post-id=\"733\" data-date=\"2015-07-05T11:28:40+00:00\" data-name=\"EasyCareToday2SML\">\n<article class=\"post post-733 attachment type-attachment status-inherit hentry no-img description-off\">\n\n\t<figure class=\"rollover-project links-hovers-disabled\">\n\t<a href=\"https:\/\/www.nolana-schafe.de\/de-pages\/wp-content\/uploads\/EasyCareToday2SML.jpg\" class=\"rollover rollover-zoom dt-pswp-item layzr-bg\" title=\"EasyCareToday2SML\" data-dt-img-description=\"\"  data-large_image_width=\"390\" data-large_image_height = \"156\" ><img decoding=\"async\" class=\"preload-me iso-lazy-load aspect\" src=\"data:image\/svg+xml,%3Csvg%20xmlns%3D&#39;http%3A%2F%2Fwww.w3.org%2F2000%2Fsvg&#39;%20viewBox%3D&#39;0%200%20225%2090&#39;%2F%3E\" data-src=\"https:\/\/www.nolana-schafe.de\/de-pages\/wp-content\/uploads\/EasyCareToday2SML-225x90.jpg\" data-srcset=\"https:\/\/www.nolana-schafe.de\/de-pages\/wp-content\/uploads\/EasyCareToday2SML-225x90.jpg 225w, https:\/\/www.nolana-schafe.de\/de-pages\/wp-content\/uploads\/EasyCareToday2SML.jpg 390w\" loading=\"eager\" style=\"--ratio: 225 \/ 90\" sizes=\"(max-width: 225px) 100vw, 225px\" alt=\"\" width=\"225\" height=\"90\"  \/><\/a>\t<\/figure>\n<\/article>\n\n<\/div><div class=\"wf-cell iso-item\" data-post-id=\"735\" data-date=\"2015-07-05T11:28:41+00:00\" data-name=\"Polled_WH_ewe_and_lambs\">\n<article class=\"post post-735 attachment type-attachment status-inherit hentry no-img description-off\">\n\n\t<figure class=\"rollover-project links-hovers-disabled\">\n\t<a href=\"https:\/\/www.nolana-schafe.de\/de-pages\/wp-content\/uploads\/Polled_WH_ewe_and_lambs.jpg\" class=\"rollover rollover-zoom dt-pswp-item layzr-bg\" title=\"Polled_WH_ewe_and_lambs\" data-dt-img-description=\"\"  data-large_image_width=\"566\" data-large_image_height = \"357\" ><img decoding=\"async\" class=\"preload-me iso-lazy-load aspect\" src=\"data:image\/svg+xml,%3Csvg%20xmlns%3D&#39;http%3A%2F%2Fwww.w3.org%2F2000%2Fsvg&#39;%20viewBox%3D&#39;0%200%20225%20142&#39;%2F%3E\" data-src=\"https:\/\/www.nolana-schafe.de\/de-pages\/wp-content\/uploads\/Polled_WH_ewe_and_lambs-225x142.jpg\" data-srcset=\"https:\/\/www.nolana-schafe.de\/de-pages\/wp-content\/uploads\/Polled_WH_ewe_and_lambs-225x142.jpg 225w, https:\/\/www.nolana-schafe.de\/de-pages\/wp-content\/uploads\/Polled_WH_ewe_and_lambs-450x284.jpg 450w\" loading=\"eager\" style=\"--ratio: 225 \/ 142\" sizes=\"(max-width: 225px) 100vw, 225px\" alt=\"\" width=\"225\" height=\"142\"  \/><\/a>\t<\/figure>\n<\/article>\n\n<\/div><div class=\"wf-cell iso-item\" data-post-id=\"736\" data-date=\"2015-07-05T11:28:42+00:00\" data-name=\"WH-Bock_und_EasyCare-Auen\">\n<article class=\"post post-736 attachment type-attachment status-inherit hentry no-img description-off\">\n\n\t<figure class=\"rollover-project links-hovers-disabled\">\n\t<a href=\"https:\/\/www.nolana-schafe.de\/de-pages\/wp-content\/uploads\/WH-Bock_und_EasyCare-Auen.jpg\" class=\"rollover rollover-zoom dt-pswp-item layzr-bg\" title=\"WH-Bock_und_EasyCare-Auen\" data-dt-img-description=\"\"  data-large_image_width=\"551\" data-large_image_height = \"257\" ><img decoding=\"async\" class=\"preload-me iso-lazy-load aspect\" src=\"data:image\/svg+xml,%3Csvg%20xmlns%3D&#39;http%3A%2F%2Fwww.w3.org%2F2000%2Fsvg&#39;%20viewBox%3D&#39;0%200%20225%20105&#39;%2F%3E\" data-src=\"https:\/\/www.nolana-schafe.de\/de-pages\/wp-content\/uploads\/WH-Bock_und_EasyCare-Auen-225x105.jpg\" data-srcset=\"https:\/\/www.nolana-schafe.de\/de-pages\/wp-content\/uploads\/WH-Bock_und_EasyCare-Auen-225x105.jpg 225w, https:\/\/www.nolana-schafe.de\/de-pages\/wp-content\/uploads\/WH-Bock_und_EasyCare-Auen-450x210.jpg 450w\" loading=\"eager\" style=\"--ratio: 225 \/ 105\" sizes=\"(max-width: 225px) 100vw, 225px\" alt=\"\" width=\"225\" height=\"105\"  \/><\/a>\t<\/figure>\n<\/article>\n\n<\/div><div class=\"wf-cell iso-item\" data-post-id=\"737\" data-date=\"2015-07-05T11:28:43+00:00\" data-name=\"01_ram_lambs\">\n<article class=\"post post-737 attachment type-attachment status-inherit hentry no-img description-off\">\n\n\t<figure class=\"rollover-project links-hovers-disabled\">\n\t<a href=\"https:\/\/www.nolana-schafe.de\/de-pages\/wp-content\/uploads\/01_ram_lambs.jpg\" class=\"rollover rollover-zoom dt-pswp-item layzr-bg\" title=\"01_ram_lambs\" data-dt-img-description=\"\"  data-large_image_width=\"604\" data-large_image_height = \"343\" ><img decoding=\"async\" class=\"preload-me iso-lazy-load aspect\" src=\"data:image\/svg+xml,%3Csvg%20xmlns%3D&#39;http%3A%2F%2Fwww.w3.org%2F2000%2Fsvg&#39;%20viewBox%3D&#39;0%200%20225%20128&#39;%2F%3E\" data-src=\"https:\/\/www.nolana-schafe.de\/de-pages\/wp-content\/uploads\/01_ram_lambs-225x128.jpg\" data-srcset=\"https:\/\/www.nolana-schafe.de\/de-pages\/wp-content\/uploads\/01_ram_lambs-225x128.jpg 225w, https:\/\/www.nolana-schafe.de\/de-pages\/wp-content\/uploads\/01_ram_lambs-450x256.jpg 450w\" loading=\"eager\" style=\"--ratio: 225 \/ 128\" sizes=\"(max-width: 225px) 100vw, 225px\" alt=\"\" width=\"225\" height=\"128\"  \/><\/a>\t<\/figure>\n<\/article>\n\n<\/div><div class=\"wf-cell iso-item\" data-post-id=\"738\" data-date=\"2015-07-05T11:28:43+00:00\" data-name=\"1_PhHinman_11.04\">\n<article class=\"post post-738 attachment type-attachment status-inherit hentry no-img description-off\">\n\n\t<figure class=\"rollover-project links-hovers-disabled\">\n\t<a href=\"https:\/\/www.nolana-schafe.de\/de-pages\/wp-content\/uploads\/1_PhHinman_11.04.jpg\" class=\"rollover rollover-zoom dt-pswp-item layzr-bg\" title=\"1_PhHinman_11.04\" data-dt-img-description=\"\"  data-large_image_width=\"640\" data-large_image_height = \"480\" ><img decoding=\"async\" class=\"preload-me iso-lazy-load aspect\" src=\"data:image\/svg+xml,%3Csvg%20xmlns%3D&#39;http%3A%2F%2Fwww.w3.org%2F2000%2Fsvg&#39;%20viewBox%3D&#39;0%200%20225%20169&#39;%2F%3E\" data-src=\"https:\/\/www.nolana-schafe.de\/de-pages\/wp-content\/uploads\/1_PhHinman_11.04-225x169.jpg\" data-srcset=\"https:\/\/www.nolana-schafe.de\/de-pages\/wp-content\/uploads\/1_PhHinman_11.04-225x169.jpg 225w, https:\/\/www.nolana-schafe.de\/de-pages\/wp-content\/uploads\/1_PhHinman_11.04-450x338.jpg 450w\" loading=\"eager\" style=\"--ratio: 225 \/ 169\" sizes=\"(max-width: 225px) 100vw, 225px\" alt=\"\" width=\"225\" height=\"169\"  \/><\/a>\t<\/figure>\n<\/article>\n\n<\/div><div class=\"wf-cell iso-item\" data-post-id=\"739\" data-date=\"2015-07-05T11:28:44+00:00\" data-name=\"2_PhHinman_11.04\">\n<article class=\"post post-739 attachment type-attachment status-inherit hentry no-img description-off\">\n\n\t<figure class=\"rollover-project links-hovers-disabled\">\n\t<a href=\"https:\/\/www.nolana-schafe.de\/de-pages\/wp-content\/uploads\/2_PhHinman_11.04.jpg\" class=\"rollover rollover-zoom dt-pswp-item layzr-bg\" title=\"2_PhHinman_11.04\" data-dt-img-description=\"\"  data-large_image_width=\"496\" data-large_image_height = \"394\" ><img decoding=\"async\" class=\"preload-me iso-lazy-load aspect\" src=\"data:image\/svg+xml,%3Csvg%20xmlns%3D&#39;http%3A%2F%2Fwww.w3.org%2F2000%2Fsvg&#39;%20viewBox%3D&#39;0%200%20225%20179&#39;%2F%3E\" data-src=\"https:\/\/www.nolana-schafe.de\/de-pages\/wp-content\/uploads\/2_PhHinman_11.04-225x179.jpg\" data-srcset=\"https:\/\/www.nolana-schafe.de\/de-pages\/wp-content\/uploads\/2_PhHinman_11.04-225x179.jpg 225w, https:\/\/www.nolana-schafe.de\/de-pages\/wp-content\/uploads\/2_PhHinman_11.04-450x358.jpg 450w\" loading=\"eager\" style=\"--ratio: 225 \/ 179\" sizes=\"(max-width: 225px) 100vw, 225px\" alt=\"\" width=\"225\" height=\"179\"  \/><\/a>\t<\/figure>\n<\/article>\n\n<\/div><div class=\"wf-cell iso-item\" data-post-id=\"740\" data-date=\"2015-07-05T11:28:45+00:00\" data-name=\"3_PhHInman_11.04\">\n<article class=\"post post-740 attachment type-attachment status-inherit hentry no-img description-off\">\n\n\t<figure class=\"rollover-project links-hovers-disabled\">\n\t<a href=\"https:\/\/www.nolana-schafe.de\/de-pages\/wp-content\/uploads\/3_PhHInman_11.04.jpg\" class=\"rollover rollover-zoom dt-pswp-item layzr-bg\" title=\"3_PhHInman_11.04\" data-dt-img-description=\"\"  data-large_image_width=\"550\" data-large_image_height = \"392\" ><img decoding=\"async\" class=\"preload-me iso-lazy-load aspect\" src=\"data:image\/svg+xml,%3Csvg%20xmlns%3D&#39;http%3A%2F%2Fwww.w3.org%2F2000%2Fsvg&#39;%20viewBox%3D&#39;0%200%20225%20160&#39;%2F%3E\" data-src=\"https:\/\/www.nolana-schafe.de\/de-pages\/wp-content\/uploads\/3_PhHInman_11.04-225x160.jpg\" data-srcset=\"https:\/\/www.nolana-schafe.de\/de-pages\/wp-content\/uploads\/3_PhHInman_11.04-225x160.jpg 225w, https:\/\/www.nolana-schafe.de\/de-pages\/wp-content\/uploads\/3_PhHInman_11.04-450x320.jpg 450w\" loading=\"eager\" style=\"--ratio: 225 \/ 160\" sizes=\"(max-width: 225px) 100vw, 225px\" alt=\"\" width=\"225\" height=\"160\"  \/><\/a>\t<\/figure>\n<\/article>\n\n<\/div><div class=\"wf-cell iso-item\" data-post-id=\"741\" data-date=\"2015-07-05T11:28:45+00:00\" data-name=\"100_0971\">\n<article class=\"post post-741 attachment type-attachment status-inherit hentry no-img description-off\">\n\n\t<figure class=\"rollover-project links-hovers-disabled\">\n\t<a href=\"https:\/\/www.nolana-schafe.de\/de-pages\/wp-content\/uploads\/100_0971.jpg\" class=\"rollover rollover-zoom dt-pswp-item layzr-bg\" title=\"100_0971\" data-dt-img-description=\"\"  data-large_image_width=\"400\" data-large_image_height = \"267\" ><img decoding=\"async\" class=\"preload-me iso-lazy-load aspect\" src=\"data:image\/svg+xml,%3Csvg%20xmlns%3D&#39;http%3A%2F%2Fwww.w3.org%2F2000%2Fsvg&#39;%20viewBox%3D&#39;0%200%20225%20150&#39;%2F%3E\" data-src=\"https:\/\/www.nolana-schafe.de\/de-pages\/wp-content\/uploads\/100_0971-225x150.jpg\" data-srcset=\"https:\/\/www.nolana-schafe.de\/de-pages\/wp-content\/uploads\/100_0971-225x150.jpg 225w, https:\/\/www.nolana-schafe.de\/de-pages\/wp-content\/uploads\/100_0971.jpg 400w\" loading=\"eager\" style=\"--ratio: 225 \/ 150\" sizes=\"(max-width: 225px) 100vw, 225px\" alt=\"\" width=\"225\" height=\"150\"  \/><\/a>\t<\/figure>\n<\/article>\n\n<\/div><\/div>[\/vc_column][\/vc_row]<\/p>\n<\/div>","protected":false},"excerpt":{"rendered":"<p>[vc_row][vc_column][vc_column_text] EasyCare-Schafe Die Geschichte der EasyCare-Schafe in Gro\u00dfbritannien 1965 begann der Farmer Richard \u201eIolo\u201c Owen in Anglesey, Wales, mit seinem Zuchtprogramm. Er wollte ein Schaf ohne Wolle z\u00fcchten, das alle Anspr\u00fcche erf\u00fcllte, die von den Tieflandfarmern an ihre Schafe gestellt wurden. Er wollte seine eigene Nahzucht heranziehen und kein Risiko eingehen, sich beim Zukauf von&hellip;<\/p>\n","protected":false},"author":1,"featured_media":0,"parent":19,"menu_order":0,"comment_status":"closed","ping_status":"closed","template":"","meta":{"footnotes":""},"class_list":["post-594","page","type-page","status-publish","hentry","description-off"],"_links":{"self":[{"href":"https:\/\/www.nolana-schafe.de\/de-pages\/wp-json\/wp\/v2\/pages\/594","targetHints":{"allow":["GET"]}}],"collection":[{"href":"https:\/\/www.nolana-schafe.de\/de-pages\/wp-json\/wp\/v2\/pages"}],"about":[{"href":"https:\/\/www.nolana-schafe.de\/de-pages\/wp-json\/wp\/v2\/types\/page"}],"author":[{"embeddable":true,"href":"https:\/\/www.nolana-schafe.de\/de-pages\/wp-json\/wp\/v2\/users\/1"}],"replies":[{"embeddable":true,"href":"https:\/\/www.nolana-schafe.de\/de-pages\/wp-json\/wp\/v2\/comments?post=594"}],"version-history":[{"count":8,"href":"https:\/\/www.nolana-schafe.de\/de-pages\/wp-json\/wp\/v2\/pages\/594\/revisions"}],"predecessor-version":[{"id":1142,"href":"https:\/\/www.nolana-schafe.de\/de-pages\/wp-json\/wp\/v2\/pages\/594\/revisions\/1142"}],"up":[{"embeddable":true,"href":"https:\/\/www.nolana-schafe.de\/de-pages\/wp-json\/wp\/v2\/pages\/19"}],"wp:attachment":[{"href":"https:\/\/www.nolana-schafe.de\/de-pages\/wp-json\/wp\/v2\/media?parent=594"}],"curies":[{"name":"wp","href":"https:\/\/api.w.org\/{rel}","templated":true}]}}