{"id":600,"date":"2015-06-27T13:21:31","date_gmt":"2015-06-27T13:21:31","guid":{"rendered":"http:\/\/www.nolana-schafe.de\/de-pages\/?page_id=600"},"modified":"2015-07-13T16:50:35","modified_gmt":"2015-07-13T16:50:35","slug":"wiltshire-horn-schafe","status":"publish","type":"page","link":"https:\/\/www.nolana-schafe.de\/de-pages\/weitere-rassen\/wiltshire-horn-schafe\/","title":{"rendered":"Wiltshire Horn-Schafe"},"content":{"rendered":"<div class=\"wpb-content-wrapper\"><p>[vc_row][vc_column][vc_column_text]<\/p>\n<h2 style=\"text-align: justify;\">Wiltshire Horn-Schafe<\/h2>\n<p style=\"text-align: justify;\"><a class=\"dt-single-image\" href=\"http:\/\/www.nolana-schafe.de\/de-pages\/wp-content\/uploads\/Wilt_07_WH_Bock_FH_O_2A4542.jpg\" data-dt-img-description=\"\"><img loading=\"lazy\" decoding=\"async\" class=\"alignleft size-thumbnail wp-image-943\" src=\"http:\/\/www.nolana-schafe.de\/de-pages\/wp-content\/uploads\/Wilt_07_WH_Bock_FH_O_2A4542-150x150.jpg\" alt=\"Wilt_07_WH_Bock_FH_O_2A4542\" width=\"150\" height=\"150\" \/><\/a>Die Rasse Wiltshire Horn ist eine alte bodenst\u00e4ndige Schafrasse aus der Landschaft Wiltshire im S\u00fcden Englands. Sie wurde bereits vor 200 Jahren als extrem kurzwollig beschrieben. Wiltshire Horn Schafe bilden kein Wollvlies. Sie haben den Sommer \u00fcber eine Kurzhaardecke und bilden in der kalten Jahreszeit ein Winterfell von ca. 3,5 cm Dicke aus. Das Winterhaar wird ab Februar-M\u00e4rz im Zuge des nat\u00fcrlichen Haarwechsels wieder abgesto\u00dfen.<\/p>\n<p>Es ist sicherlich ein Kuriosum, dass ausgerechnet in England, dem Land, in dem der mechanische Webstuhl erfunden wurde, das f\u00fcr seine Tuche (Tweed) ber\u00fchmt ist und aus dem viele ber\u00fchmte Wollschafrassen ihren Weg in die Schafzucht vieler L\u00e4nder gefunden haben, eine f\u00fcr die Wollproduktion v\u00f6llig ungeeignete Schafrasse \u00fcberleben konnte.<\/p>\n<p style=\"text-align: justify;\">Wiltshire Horn B\u00f6cke wurden und werden immer noch in Deutschland als Vaterlinie f\u00fcr die Entwicklung der neuen, synthetischen Rasse &#8222;Nolana-Fleischschaf&#8220; eingesetzt.\u00a0 Seit den ersten Versuchen hat sich die Wiltshire Horn-Rasse hierbei als hervorragend geeignet erwiesen, herk\u00f6mmliche Wollschafrassen \u00fcber R\u00fcckkreuzung bis zur R2-Generation mit anschlie\u00dfender Inter-Se-Verpaarung und entsprechender Selektion in Haarschafherden umzuz\u00fcchten.<\/p>\n<p style=\"text-align: justify;\">In verschiedenen tropischen L\u00e4ndern werden Wiltshire Horn-Schafe seit l\u00e4ngerem zur Verbesserung der Fleischleistung von Haarschafen in eingesetzt. In Australien werden sie in gr\u00f6\u00dferem Umfange in Kreuzungsprogrammen zur Verbesserung der Fleischleistung der dortigen Merinorassen eingesetzt.\u00a0 Auch eine hornlose Variante, die &#8222;Wiltipoll&#8220; werden dort gez\u00fcchtet.<\/p>\n<p style=\"text-align: justify;\">Weiter gehende Informationen finden Sie auf der linken Leiste unter\u00a0 &#8222;Zuchtziele&#8220; oder auf den Webseiten der &#8222;Wiltshire Horn Breeders Organisation <a href=\"http:\/\/www.wiltshirehorn.org.uk\/home\/\">http:\/\/www.wiltshirehorn.org.uk\/home\/<\/a>.&#8220;<\/p>\n<p style=\"text-align: justify;\">In den Niederlanden gibt es ebenfalls eine exzellente Wiltshire Horn-Zucht. N\u00e4heres unter <a href=\"http:\/\/www.grootehaarwiltshirehorn.info\">http:\/\/www.grootehaarwiltshirehorn.info<\/a><\/p>\n<h3 style=\"text-align: justify;\">Verkauf von registrierten Zuchttieren:<\/h3>\n<div class=\"wpb_text_column wpb_content_element  fadeIn animate-element animation-triggered start-animation\">\n<div class=\"wpb_wrapper\">\n<p><strong>Paul Sperfeld<\/strong><br \/>\nSchagern 55<br \/>\n<strong>48612 Horstmar<\/strong><br \/>\nTel: 02558-330<br \/>\n<a href=\"mailto:schaeferei-sperfeld@gmx.de\">schaeferei-sperfeld@gmx.de<\/a><\/p>\n<\/div>\n<\/div>\n<p>[\/vc_column_text]<div class=\"ult-spacer spacer-69f150a7209e1\" data-id=\"69f150a7209e1\" data-height=\"15\" data-height-mobile=\"15\" data-height-tab=\"15\" data-height-tab-portrait=\"\" data-height-mobile-landscape=\"\" style=\"clear:both;display:block;\"><\/div>[\/vc_column][\/vc_row][vc_row][vc_column width=&#8220;1\/1&#8243;]<div class=\"wf-container dt-gallery-container dt-photos-shortcode loading-effect-flip iso-container\" data-padding=\"20px\" data-cur-page=\"1\" data-width=\"150px\" data-columns=\"3\"><div class=\"wf-cell iso-item\" data-post-id=\"943\" data-date=\"2015-07-05T12:06:51+00:00\" data-name=\"Wilt_07_WH_Bock_FH_O_2A4542\">\n<article class=\"post post-943 attachment type-attachment status-inherit hentry no-img description-off\">\n\n\t<figure class=\"rollover-project links-hovers-disabled\">\n\t<a href=\"https:\/\/www.nolana-schafe.de\/de-pages\/wp-content\/uploads\/Wilt_07_WH_Bock_FH_O_2A4542.jpg\" class=\"rollover rollover-zoom dt-pswp-item layzr-bg\" title=\"Wilt_07_WH_Bock_FH_O_2A4542\" data-dt-img-description=\"\"  data-large_image_width=\"1077\" data-large_image_height = \"957\" ><img decoding=\"async\" class=\"preload-me iso-lazy-load aspect\" src=\"data:image\/svg+xml,%3Csvg%20xmlns%3D&#39;http%3A%2F%2Fwww.w3.org%2F2000%2Fsvg&#39;%20viewBox%3D&#39;0%200%20225%20200&#39;%2F%3E\" data-src=\"https:\/\/www.nolana-schafe.de\/de-pages\/wp-content\/uploads\/Wilt_07_WH_Bock_FH_O_2A4542-225x200.jpg\" data-srcset=\"https:\/\/www.nolana-schafe.de\/de-pages\/wp-content\/uploads\/Wilt_07_WH_Bock_FH_O_2A4542-225x200.jpg 225w, https:\/\/www.nolana-schafe.de\/de-pages\/wp-content\/uploads\/Wilt_07_WH_Bock_FH_O_2A4542-450x400.jpg 450w\" loading=\"eager\" style=\"--ratio: 225 \/ 200\" sizes=\"(max-width: 225px) 100vw, 225px\" alt=\"\" width=\"225\" height=\"200\"  \/><\/a>\t<\/figure>\n<\/article>\n\n<\/div><div class=\"wf-cell iso-item\" data-post-id=\"944\" data-date=\"2015-07-05T12:06:52+00:00\" data-name=\"Wilt_09_WH-Bock_Nous_2A4544\">\n<article class=\"post post-944 attachment type-attachment status-inherit hentry no-img description-off\">\n\n\t<figure class=\"rollover-project links-hovers-disabled\">\n\t<a href=\"https:\/\/www.nolana-schafe.de\/de-pages\/wp-content\/uploads\/Wilt_09_WH-Bock_Nous_2A4544.jpg\" class=\"rollover rollover-zoom dt-pswp-item layzr-bg\" title=\"Wilt_09_WH-Bock_Nous_2A4544\" data-dt-img-description=\"\"  data-large_image_width=\"384\" data-large_image_height = \"372\" ><img decoding=\"async\" class=\"preload-me iso-lazy-load aspect\" src=\"data:image\/svg+xml,%3Csvg%20xmlns%3D&#39;http%3A%2F%2Fwww.w3.org%2F2000%2Fsvg&#39;%20viewBox%3D&#39;0%200%20225%20218&#39;%2F%3E\" data-src=\"https:\/\/www.nolana-schafe.de\/de-pages\/wp-content\/uploads\/Wilt_09_WH-Bock_Nous_2A4544-225x218.jpg\" data-srcset=\"https:\/\/www.nolana-schafe.de\/de-pages\/wp-content\/uploads\/Wilt_09_WH-Bock_Nous_2A4544-225x218.jpg 225w, https:\/\/www.nolana-schafe.de\/de-pages\/wp-content\/uploads\/Wilt_09_WH-Bock_Nous_2A4544.jpg 383w\" loading=\"eager\" style=\"--ratio: 225 \/ 218\" sizes=\"(max-width: 225px) 100vw, 225px\" alt=\"\" width=\"225\" height=\"218\"  \/><\/a>\t<\/figure>\n<\/article>\n\n<\/div><div class=\"wf-cell iso-item\" data-post-id=\"945\" data-date=\"2015-07-05T12:06:52+00:00\" data-name=\"Wilt_10_WH-Bock_00BV_2A4545\">\n<article class=\"post post-945 attachment type-attachment status-inherit hentry no-img description-off\">\n\n\t<figure class=\"rollover-project links-hovers-disabled\">\n\t<a href=\"https:\/\/www.nolana-schafe.de\/de-pages\/wp-content\/uploads\/Wilt_10_WH-Bock_00BV_2A4545.jpg\" class=\"rollover rollover-zoom dt-pswp-item layzr-bg\" title=\"Wilt_10_WH-Bock_00BV_2A4545\" data-dt-img-description=\"\"  data-large_image_width=\"543\" data-large_image_height = \"377\" ><img decoding=\"async\" class=\"preload-me iso-lazy-load aspect\" src=\"data:image\/svg+xml,%3Csvg%20xmlns%3D&#39;http%3A%2F%2Fwww.w3.org%2F2000%2Fsvg&#39;%20viewBox%3D&#39;0%200%20225%20156&#39;%2F%3E\" data-src=\"https:\/\/www.nolana-schafe.de\/de-pages\/wp-content\/uploads\/Wilt_10_WH-Bock_00BV_2A4545-225x156.jpg\" data-srcset=\"https:\/\/www.nolana-schafe.de\/de-pages\/wp-content\/uploads\/Wilt_10_WH-Bock_00BV_2A4545-225x156.jpg 225w, https:\/\/www.nolana-schafe.de\/de-pages\/wp-content\/uploads\/Wilt_10_WH-Bock_00BV_2A4545-450x312.jpg 450w\" loading=\"eager\" style=\"--ratio: 225 \/ 156\" sizes=\"(max-width: 225px) 100vw, 225px\" alt=\"\" width=\"225\" height=\"156\"  \/><\/a>\t<\/figure>\n<\/article>\n\n<\/div><div class=\"wf-cell iso-item\" data-post-id=\"946\" data-date=\"2015-07-05T12:06:53+00:00\" data-name=\"Wilt_11_Unerwuenscht_2A4546\">\n<article class=\"post post-946 attachment type-attachment status-inherit hentry no-img description-off\">\n\n\t<figure class=\"rollover-project links-hovers-disabled\">\n\t<a href=\"https:\/\/www.nolana-schafe.de\/de-pages\/wp-content\/uploads\/Wilt_11_Unerwuenscht_2A4546.jpg\" class=\"rollover rollover-zoom dt-pswp-item layzr-bg\" title=\"Wilt_11_Unerwuenscht_2A4546\" data-dt-img-description=\"\"  data-large_image_width=\"1600\" data-large_image_height = \"1200\" ><img decoding=\"async\" class=\"preload-me iso-lazy-load aspect\" src=\"data:image\/svg+xml,%3Csvg%20xmlns%3D&#39;http%3A%2F%2Fwww.w3.org%2F2000%2Fsvg&#39;%20viewBox%3D&#39;0%200%20225%20169&#39;%2F%3E\" data-src=\"https:\/\/www.nolana-schafe.de\/de-pages\/wp-content\/uploads\/Wilt_11_Unerwuenscht_2A4546-225x169.jpg\" data-srcset=\"https:\/\/www.nolana-schafe.de\/de-pages\/wp-content\/uploads\/Wilt_11_Unerwuenscht_2A4546-225x169.jpg 225w, https:\/\/www.nolana-schafe.de\/de-pages\/wp-content\/uploads\/Wilt_11_Unerwuenscht_2A4546-450x338.jpg 450w\" loading=\"eager\" style=\"--ratio: 225 \/ 169\" sizes=\"(max-width: 225px) 100vw, 225px\" alt=\"\" width=\"225\" height=\"169\"  \/><\/a>\t<\/figure>\n<\/article>\n\n<\/div><div class=\"wf-cell iso-item\" data-post-id=\"947\" data-date=\"2015-07-05T12:06:54+00:00\" data-name=\"wethers[1]\">\n<article class=\"post post-947 attachment type-attachment status-inherit hentry no-img description-off\">\n\n\t<figure class=\"rollover-project links-hovers-disabled\">\n\t<a href=\"https:\/\/www.nolana-schafe.de\/de-pages\/wp-content\/uploads\/wethers1.jpg\" class=\"rollover rollover-zoom dt-pswp-item layzr-bg\" title=\"wethers[1]\" data-dt-img-description=\"\"  data-large_image_width=\"640\" data-large_image_height = \"480\" ><img decoding=\"async\" class=\"preload-me iso-lazy-load aspect\" src=\"data:image\/svg+xml,%3Csvg%20xmlns%3D&#39;http%3A%2F%2Fwww.w3.org%2F2000%2Fsvg&#39;%20viewBox%3D&#39;0%200%20225%20169&#39;%2F%3E\" data-src=\"https:\/\/www.nolana-schafe.de\/de-pages\/wp-content\/uploads\/wethers1-225x169.jpg\" data-srcset=\"https:\/\/www.nolana-schafe.de\/de-pages\/wp-content\/uploads\/wethers1-225x169.jpg 225w, https:\/\/www.nolana-schafe.de\/de-pages\/wp-content\/uploads\/wethers1-450x338.jpg 450w\" loading=\"eager\" style=\"--ratio: 225 \/ 169\" sizes=\"(max-width: 225px) 100vw, 225px\" alt=\"\" width=\"225\" height=\"169\"  \/><\/a>\t<\/figure>\n<\/article>\n\n<\/div><div class=\"wf-cell iso-item\" data-post-id=\"948\" data-date=\"2015-07-05T12:06:55+00:00\" data-name=\"Wilt_02_Wiltshire_Ho_2A453D\">\n<article class=\"post post-948 attachment type-attachment status-inherit hentry no-img description-off\">\n\n\t<figure class=\"rollover-project links-hovers-disabled\">\n\t<a href=\"https:\/\/www.nolana-schafe.de\/de-pages\/wp-content\/uploads\/Wilt_02_Wiltshire_Ho_2A453D.jpg\" class=\"rollover rollover-zoom dt-pswp-item layzr-bg\" title=\"Wilt_02_Wiltshire_Ho_2A453D\" data-dt-img-description=\"\"  data-large_image_width=\"1116\" data-large_image_height = \"920\" ><img decoding=\"async\" class=\"preload-me iso-lazy-load aspect\" src=\"data:image\/svg+xml,%3Csvg%20xmlns%3D&#39;http%3A%2F%2Fwww.w3.org%2F2000%2Fsvg&#39;%20viewBox%3D&#39;0%200%20225%20185&#39;%2F%3E\" data-src=\"https:\/\/www.nolana-schafe.de\/de-pages\/wp-content\/uploads\/Wilt_02_Wiltshire_Ho_2A453D-225x185.jpg\" data-srcset=\"https:\/\/www.nolana-schafe.de\/de-pages\/wp-content\/uploads\/Wilt_02_Wiltshire_Ho_2A453D-225x185.jpg 225w, https:\/\/www.nolana-schafe.de\/de-pages\/wp-content\/uploads\/Wilt_02_Wiltshire_Ho_2A453D-450x370.jpg 450w\" loading=\"eager\" style=\"--ratio: 225 \/ 185\" sizes=\"(max-width: 225px) 100vw, 225px\" alt=\"\" width=\"225\" height=\"185\"  \/><\/a>\t<\/figure>\n<\/article>\n\n<\/div><div class=\"wf-cell iso-item\" data-post-id=\"949\" data-date=\"2015-07-05T12:06:56+00:00\" data-name=\"Wilt_03_Wiltshire_Ho_2A453E\">\n<article class=\"post post-949 attachment type-attachment status-inherit hentry no-img description-off\">\n\n\t<figure class=\"rollover-project links-hovers-disabled\">\n\t<a href=\"https:\/\/www.nolana-schafe.de\/de-pages\/wp-content\/uploads\/Wilt_03_Wiltshire_Ho_2A453E.jpg\" class=\"rollover rollover-zoom dt-pswp-item layzr-bg\" title=\"Wilt_03_Wiltshire_Ho_2A453E\" data-dt-img-description=\"\"  data-large_image_width=\"1280\" data-large_image_height = \"960\" ><img decoding=\"async\" class=\"preload-me iso-lazy-load aspect\" src=\"data:image\/svg+xml,%3Csvg%20xmlns%3D&#39;http%3A%2F%2Fwww.w3.org%2F2000%2Fsvg&#39;%20viewBox%3D&#39;0%200%20225%20169&#39;%2F%3E\" data-src=\"https:\/\/www.nolana-schafe.de\/de-pages\/wp-content\/uploads\/Wilt_03_Wiltshire_Ho_2A453E-225x169.jpg\" data-srcset=\"https:\/\/www.nolana-schafe.de\/de-pages\/wp-content\/uploads\/Wilt_03_Wiltshire_Ho_2A453E-225x169.jpg 225w, https:\/\/www.nolana-schafe.de\/de-pages\/wp-content\/uploads\/Wilt_03_Wiltshire_Ho_2A453E-450x338.jpg 450w\" loading=\"eager\" style=\"--ratio: 225 \/ 169\" sizes=\"(max-width: 225px) 100vw, 225px\" alt=\"\" width=\"225\" height=\"169\"  \/><\/a>\t<\/figure>\n<\/article>\n\n<\/div><\/div>[\/vc_column][\/vc_row]<\/p>\n<\/div>","protected":false},"excerpt":{"rendered":"<p>[vc_row][vc_column][vc_column_text] Wiltshire Horn-Schafe Die Rasse Wiltshire Horn ist eine alte bodenst\u00e4ndige Schafrasse aus der Landschaft Wiltshire im S\u00fcden Englands. Sie wurde bereits vor 200 Jahren als extrem kurzwollig beschrieben. Wiltshire Horn Schafe bilden kein Wollvlies. Sie haben den Sommer \u00fcber eine Kurzhaardecke und bilden in der kalten Jahreszeit ein Winterfell von ca. 3,5 cm Dicke&hellip;<\/p>\n","protected":false},"author":1,"featured_media":0,"parent":19,"menu_order":0,"comment_status":"closed","ping_status":"closed","template":"","meta":{"footnotes":""},"class_list":["post-600","page","type-page","status-publish","hentry","description-off"],"_links":{"self":[{"href":"https:\/\/www.nolana-schafe.de\/de-pages\/wp-json\/wp\/v2\/pages\/600","targetHints":{"allow":["GET"]}}],"collection":[{"href":"https:\/\/www.nolana-schafe.de\/de-pages\/wp-json\/wp\/v2\/pages"}],"about":[{"href":"https:\/\/www.nolana-schafe.de\/de-pages\/wp-json\/wp\/v2\/types\/page"}],"author":[{"embeddable":true,"href":"https:\/\/www.nolana-schafe.de\/de-pages\/wp-json\/wp\/v2\/users\/1"}],"replies":[{"embeddable":true,"href":"https:\/\/www.nolana-schafe.de\/de-pages\/wp-json\/wp\/v2\/comments?post=600"}],"version-history":[{"count":9,"href":"https:\/\/www.nolana-schafe.de\/de-pages\/wp-json\/wp\/v2\/pages\/600\/revisions"}],"predecessor-version":[{"id":1053,"href":"https:\/\/www.nolana-schafe.de\/de-pages\/wp-json\/wp\/v2\/pages\/600\/revisions\/1053"}],"up":[{"embeddable":true,"href":"https:\/\/www.nolana-schafe.de\/de-pages\/wp-json\/wp\/v2\/pages\/19"}],"wp:attachment":[{"href":"https:\/\/www.nolana-schafe.de\/de-pages\/wp-json\/wp\/v2\/media?parent=600"}],"curies":[{"name":"wp","href":"https:\/\/api.w.org\/{rel}","templated":true}]}}