{"id":624,"date":"2015-07-05T09:03:38","date_gmt":"2015-07-05T09:03:38","guid":{"rendered":"http:\/\/www.nolana-schafe.de\/de-pages\/?page_id=624"},"modified":"2015-07-06T16:27:07","modified_gmt":"2015-07-06T16:27:07","slug":"katahdin-schafe","status":"publish","type":"page","link":"https:\/\/www.nolana-schafe.de\/de-pages\/weitere-rassen\/katahdin-schafe\/","title":{"rendered":"Katahdin-Schafe"},"content":{"rendered":"<div class=\"wpb-content-wrapper\"><p>[vc_row][vc_column][vc_column_text]<\/p>\n<h2 style=\"text-align: justify;\">Katahdin-Schafe in Nordamerika<\/h2>\n<p style=\"text-align: justify;\"><strong> Die Entwicklung der Rasse<\/strong><\/p>\n<p style=\"text-align: justify;\"><a class=\"dt-single-image\" href=\"http:\/\/www.nolana-schafe.de\/de-pages\/wp-content\/uploads\/Kat_01_Katahdin_Bock_2A45131.jpg\" data-dt-img-description=\"\"><img loading=\"lazy\" decoding=\"async\" class=\"alignleft size-thumbnail wp-image-830\" src=\"http:\/\/www.nolana-schafe.de\/de-pages\/wp-content\/uploads\/Kat_01_Katahdin_Bock_2A45131-150x150.jpg\" alt=\"Kat_01_Katahdin_Bock_2A4513\" width=\"150\" height=\"150\" \/><\/a>Die Entwicklung der Katahdin-Rasse begann gegen Ende der f\u00fcnfziger Jahre, als Michael Piel in Main, USA, eine kleinere Anzahl von Haarschafen aus der Karibik importierte. Piel hielt bereits mehrere Tausend Schafe auf seiner Farm und er war der Ansicht, dass der Selektionsfortschritt bei der Selektion auf Fleischleistung beschleunigt w\u00fcrde, wenn man die Selektion auf Wollleistung als bislang wichtiges Selektionskriterium von jetzt ab au\u00dfer Acht lassen w\u00fcrde. Sein Ziel war, die Kurzhaardecke, die hohe Fruchtbarkeit und Robustheit der Schafe der karibischen Jungferninseln mit der Fleischleistung und der Wachstumsrate der Doppelnutzungs-Wollrassen zu verbinden.<\/p>\n<p style=\"text-align: justify;\">Also begann er mit Kreuzungen zwischen Haarschafen und verschiedenen englischen Rassen, haupts\u00e4chlich Suffolk, zu experimentieren. Nach fast 20 Jahren Kreuzungszucht in allen vorstellbaren Kombinationen und Selektion auf die erw\u00fcnschten Charakteristika, baute Piel eine Herde auf und benannte seine Schafe nach dem ber\u00fchmten Berg in Main Katahdin. Ab 1975 etwa wurde auch noch Wiltshire Horn aus England eingekreuzt, um damit eine Verbesserung der Gr\u00f6\u00dfe und Schlachtk\u00f6rperqualit\u00e4t zu erreichen.<\/p>\n<p style=\"text-align: justify;\">Ausgehend von dieser Herde konnten interessierte Haarschafz\u00fcchter die Anzahl der Katahdin-Schafe in Nord- und Mittelamerika schnell vermehren. Sorgf\u00e4ltig wurde dabei auf Kurzhaardecke, Schlachtk\u00f6rperqualit\u00e4t und Reproduktionsleistung selektiert.<\/p>\n<p style=\"text-align: justify;\">1986 wurde die Z\u00fcchtervereinigung \u201eKatahdin Hair Sheep International- KHSI\u201c (<a href=\"http:\/\/www.khsi.org\/\">http:\/\/www.khsi.org\/<\/a>) mit folgenden Zielen gegr\u00fcndet:<\/p>\n<p style=\"text-align: justify;\">&#8211; Herdbuchf\u00fchrung f\u00fcr Katahdinschafe<br \/>\n&#8211; Unterst\u00fctzung bei der Verbreitung und Vermarktung<br \/>\n&#8211; Unterst\u00fctzung von begleitender Forschung mit Bezug auf die Rasse<\/p>\n<p style=\"text-align: justify;\">Alle Katahdin-Jungtiere werden im Alter von 12 Monaten vor der Aufnahme ins Herdbuch inspiziert, um die \u00dcbereinstimmung mit dem Rassestandart zu gew\u00e4hrleisten. Die Z\u00fcchter werden ersucht, KHSI-Mitglieder zu werden, um ihre Schafe registrieren zu lassen. L\u00e4mmer aus Herdbuchtieren, die nach dem 01.01.1998 geboren wurden, ben\u00f6tigen keine Inspektion mehr.<\/p>\n<p style=\"text-align: justify;\">Wollen Z\u00fcchter eine reinrassige Katahdin-Herde aufbauen, so m\u00fcssen sie dem festgelegten Zuchtschema der KHSI genau folgen.<\/p>\n<p style=\"text-align: justify;\">Katahdin-Schafe weisen viele wirtschaftlich erw\u00fcnschte Eigenschaften auf. Um diese wissenschaftlich zu \u00fcberpr\u00fcfen, haben Z\u00fcchter an vielen Untersuchungen teilgenommen.<\/p>\n<p style=\"text-align: justify;\">Untersuchungen der Parasitentoleranz in Arkansas haben erwiesen, dass Katahdin eine signifikant h\u00f6here Resistenz gegen innere Parasiten haben als Wollschafrassen, mit denen sie verglichen wurden. Untersuchungen der Hitzetoleranz zeigten \u00e4hnliche Ergebnisse. Ihre Asaisonalit\u00e4t, hohe Fruchtbarkeit und andere Fruchtbarkeitsfaktoren, Schlachtk\u00f6rperqualit\u00e4t und Fleischgeschmack sowie die Wachstumsleistung wurden ebenfalls wissenschaftlich untersucht.<\/p>\n<p style=\"text-align: justify;\"><strong>Der Standart-Typ<\/strong><\/p>\n<p style=\"text-align: justify;\">Katahdins produzieren kein Wollvlies. Die Kurzhaardecke muss nicht geschoren werden und ist vollkommen frei von permanenten Wollhaaren. Die Fellfarbe variiert. Sie sind einfach zu halten, tolerieren klimatische Extreme und weisen gute Leistungen an Standorten unterschiedlichster \u00f6kologischer, geographischer und klimatischer Standortbedingungen auf. Das Zuchtziel der Rasse ist eine effiziente Fleischleistung. Hornlosigkeit ist erw\u00fcnscht.<\/p>\n<p style=\"text-align: justify;\">Erwachsene B\u00f6cke erreichen 81 \u2013 113 kg LG.<br \/>\nErwachsene Auen erreichen 56 \u2013 83 kg LG.<br \/>\nDie Reproduktionsrate soll 200% betragen.<\/p>\n<p style=\"text-align: justify;\">Katahdins sind gut bemuskelt und von mittlerem Rahmen. Sie sind f\u00fcr alle Produktionssysteme geeignet. Sie sind fr\u00fchreif, lammen leicht ab, weisen gute Muttereigenschaften und eine hohe Milchleistung auf.<\/p>\n<p style=\"text-align: justify;\">Die L\u00e4mmer sind vital bei hoher \u00dcberlebensrate. Sie wachsen schnell zur Marktreife heran und produzieren fettarme, fleischige Schlachtk\u00f6rper. Das Fleisch weist einen milden Geschmack auf.<\/p>\n<p style=\"text-align: justify;\">F\u00fcr weitergehende Informationen besuchen Sie bitte die Webseiten der &#8222;Katahdin Hair Sheep International- KHSI\u201c <a href=\"http:\/\/www.khsi.org\/\">http:\/\/www.khsi.org\/<\/a>.<\/p>\n<p>[\/vc_column_text]<div class=\"ult-spacer spacer-6a059719da771\" data-id=\"6a059719da771\" data-height=\"15\" data-height-mobile=\"15\" data-height-tab=\"15\" data-height-tab-portrait=\"\" data-height-mobile-landscape=\"\" style=\"clear:both;display:block;\"><\/div>[\/vc_column][\/vc_row][vc_row][vc_column width=&#8220;1\/1&#8243;]<div class=\"wf-container dt-gallery-container dt-photos-shortcode loading-effect-flip iso-container\" data-padding=\"20px\" data-cur-page=\"1\" data-width=\"150px\" data-columns=\"3\"><div class=\"wf-cell iso-item\" data-post-id=\"822\" data-date=\"2015-07-05T11:45:34+00:00\" data-name=\"Kat_05_Katahdin_Bock_2A4517\">\n<article class=\"post post-822 attachment type-attachment status-inherit hentry no-img description-off\">\n\n\t<figure class=\"rollover-project links-hovers-disabled\">\n\t<a href=\"https:\/\/www.nolana-schafe.de\/de-pages\/wp-content\/uploads\/Kat_05_Katahdin_Bock_2A45171.jpg\" class=\"rollover rollover-zoom dt-pswp-item layzr-bg\" title=\"Kat_05_Katahdin_Bock_2A4517\" data-dt-img-description=\"\"  data-large_image_width=\"555\" data-large_image_height = \"532\" ><img decoding=\"async\" class=\"preload-me iso-lazy-load aspect\" src=\"data:image\/svg+xml,%3Csvg%20xmlns%3D&#39;http%3A%2F%2Fwww.w3.org%2F2000%2Fsvg&#39;%20viewBox%3D&#39;0%200%20225%20216&#39;%2F%3E\" data-src=\"https:\/\/www.nolana-schafe.de\/de-pages\/wp-content\/uploads\/Kat_05_Katahdin_Bock_2A45171-225x216.jpg\" data-srcset=\"https:\/\/www.nolana-schafe.de\/de-pages\/wp-content\/uploads\/Kat_05_Katahdin_Bock_2A45171-225x216.jpg 225w, https:\/\/www.nolana-schafe.de\/de-pages\/wp-content\/uploads\/Kat_05_Katahdin_Bock_2A45171-450x432.jpg 450w\" loading=\"eager\" style=\"--ratio: 225 \/ 216\" sizes=\"(max-width: 225px) 100vw, 225px\" alt=\"\" width=\"225\" height=\"216\"  \/><\/a>\t<\/figure>\n<\/article>\n\n<\/div><div class=\"wf-cell iso-item\" data-post-id=\"823\" data-date=\"2015-07-05T11:45:34+00:00\" data-name=\"Kat_09_Katadin_Auen__2A451B\">\n<article class=\"post post-823 attachment type-attachment status-inherit hentry no-img description-off\">\n\n\t<figure class=\"rollover-project links-hovers-disabled\">\n\t<a href=\"https:\/\/www.nolana-schafe.de\/de-pages\/wp-content\/uploads\/Kat_09_Katadin_Auen__2A451B1.jpg\" class=\"rollover rollover-zoom dt-pswp-item layzr-bg\" title=\"Kat_09_Katadin_Auen__2A451B\" data-dt-img-description=\"\"  data-large_image_width=\"113\" data-large_image_height = \"85\" ><img decoding=\"async\" class=\"preload-me iso-lazy-load aspect\" src=\"data:image\/svg+xml,%3Csvg%20xmlns%3D&#39;http%3A%2F%2Fwww.w3.org%2F2000%2Fsvg&#39;%20viewBox%3D&#39;0%200%20113%2085&#39;%2F%3E\" data-src=\"https:\/\/www.nolana-schafe.de\/de-pages\/wp-content\/uploads\/Kat_09_Katadin_Auen__2A451B1.jpg\" data-srcset=\"https:\/\/www.nolana-schafe.de\/de-pages\/wp-content\/uploads\/Kat_09_Katadin_Auen__2A451B1.jpg 113w\" loading=\"eager\" style=\"--ratio: 113 \/ 85\" sizes=\"(max-width: 113px) 100vw, 113px\" alt=\"\" width=\"113\" height=\"85\"  \/><\/a>\t<\/figure>\n<\/article>\n\n<\/div><div class=\"wf-cell iso-item\" data-post-id=\"824\" data-date=\"2015-07-05T11:45:35+00:00\" data-name=\"Kat_10_Katahdin_Bock_2A451C\">\n<article class=\"post post-824 attachment type-attachment status-inherit hentry no-img description-off\">\n\n\t<figure class=\"rollover-project links-hovers-disabled\">\n\t<a href=\"https:\/\/www.nolana-schafe.de\/de-pages\/wp-content\/uploads\/Kat_10_Katahdin_Bock_2A451C1.jpg\" class=\"rollover rollover-zoom dt-pswp-item layzr-bg\" title=\"Kat_10_Katahdin_Bock_2A451C\" data-dt-img-description=\"\"  data-large_image_width=\"108\" data-large_image_height = \"82\" ><img decoding=\"async\" class=\"preload-me iso-lazy-load aspect\" src=\"data:image\/svg+xml,%3Csvg%20xmlns%3D&#39;http%3A%2F%2Fwww.w3.org%2F2000%2Fsvg&#39;%20viewBox%3D&#39;0%200%20108%2082&#39;%2F%3E\" data-src=\"https:\/\/www.nolana-schafe.de\/de-pages\/wp-content\/uploads\/Kat_10_Katahdin_Bock_2A451C1.jpg\" data-srcset=\"https:\/\/www.nolana-schafe.de\/de-pages\/wp-content\/uploads\/Kat_10_Katahdin_Bock_2A451C1.jpg 108w\" loading=\"eager\" style=\"--ratio: 108 \/ 82\" sizes=\"(max-width: 108px) 100vw, 108px\" alt=\"\" width=\"108\" height=\"82\"  \/><\/a>\t<\/figure>\n<\/article>\n\n<\/div><div class=\"wf-cell iso-item\" data-post-id=\"825\" data-date=\"2015-07-05T11:45:35+00:00\" data-name=\"Kat_11_Katahdin_Aue__2A451D\">\n<article class=\"post post-825 attachment type-attachment status-inherit hentry no-img description-off\">\n\n\t<figure class=\"rollover-project links-hovers-disabled\">\n\t<a href=\"https:\/\/www.nolana-schafe.de\/de-pages\/wp-content\/uploads\/Kat_11_Katahdin_Aue__2A451D1.jpg\" class=\"rollover rollover-zoom dt-pswp-item layzr-bg\" title=\"Kat_11_Katahdin_Aue__2A451D\" data-dt-img-description=\"\"  data-large_image_width=\"250\" data-large_image_height = \"191\" ><img decoding=\"async\" class=\"preload-me iso-lazy-load aspect\" src=\"data:image\/svg+xml,%3Csvg%20xmlns%3D&#39;http%3A%2F%2Fwww.w3.org%2F2000%2Fsvg&#39;%20viewBox%3D&#39;0%200%20225%20172&#39;%2F%3E\" data-src=\"https:\/\/www.nolana-schafe.de\/de-pages\/wp-content\/uploads\/Kat_11_Katahdin_Aue__2A451D1-225x172.jpg\" data-srcset=\"https:\/\/www.nolana-schafe.de\/de-pages\/wp-content\/uploads\/Kat_11_Katahdin_Aue__2A451D1-225x172.jpg 225w, https:\/\/www.nolana-schafe.de\/de-pages\/wp-content\/uploads\/Kat_11_Katahdin_Aue__2A451D1.jpg 249w\" loading=\"eager\" style=\"--ratio: 225 \/ 172\" sizes=\"(max-width: 225px) 100vw, 225px\" alt=\"\" width=\"225\" height=\"172\"  \/><\/a>\t<\/figure>\n<\/article>\n\n<\/div><div class=\"wf-cell iso-item\" data-post-id=\"826\" data-date=\"2015-07-05T11:45:36+00:00\" data-name=\"Kat_12_Katahdin_Grup_2A451E\">\n<article class=\"post post-826 attachment type-attachment status-inherit hentry no-img description-off\">\n\n\t<figure class=\"rollover-project links-hovers-disabled\">\n\t<a href=\"https:\/\/www.nolana-schafe.de\/de-pages\/wp-content\/uploads\/Kat_12_Katahdin_Grup_2A451E1.jpg\" class=\"rollover rollover-zoom dt-pswp-item layzr-bg\" title=\"Kat_12_Katahdin_Grup_2A451E\" data-dt-img-description=\"\"  data-large_image_width=\"250\" data-large_image_height = \"167\" ><img decoding=\"async\" class=\"preload-me iso-lazy-load aspect\" src=\"data:image\/svg+xml,%3Csvg%20xmlns%3D&#39;http%3A%2F%2Fwww.w3.org%2F2000%2Fsvg&#39;%20viewBox%3D&#39;0%200%20225%20150&#39;%2F%3E\" data-src=\"https:\/\/www.nolana-schafe.de\/de-pages\/wp-content\/uploads\/Kat_12_Katahdin_Grup_2A451E1-225x150.jpg\" data-srcset=\"https:\/\/www.nolana-schafe.de\/de-pages\/wp-content\/uploads\/Kat_12_Katahdin_Grup_2A451E1-225x150.jpg 225w, https:\/\/www.nolana-schafe.de\/de-pages\/wp-content\/uploads\/Kat_12_Katahdin_Grup_2A451E1.jpg 250w\" loading=\"eager\" style=\"--ratio: 225 \/ 150\" sizes=\"(max-width: 225px) 100vw, 225px\" alt=\"\" width=\"225\" height=\"150\"  \/><\/a>\t<\/figure>\n<\/article>\n\n<\/div><div class=\"wf-cell iso-item\" data-post-id=\"827\" data-date=\"2015-07-05T11:45:37+00:00\" data-name=\"Kat_14_Katahdin_Bock_2A4520\">\n<article class=\"post post-827 attachment type-attachment status-inherit hentry no-img description-off\">\n\n\t<figure class=\"rollover-project links-hovers-disabled\">\n\t<a href=\"https:\/\/www.nolana-schafe.de\/de-pages\/wp-content\/uploads\/Kat_14_Katahdin_Bock_2A45201.jpg\" class=\"rollover rollover-zoom dt-pswp-item layzr-bg\" title=\"Kat_14_Katahdin_Bock_2A4520\" data-dt-img-description=\"\"  data-large_image_width=\"250\" data-large_image_height = \"185\" ><img decoding=\"async\" class=\"preload-me iso-lazy-load aspect\" src=\"data:image\/svg+xml,%3Csvg%20xmlns%3D&#39;http%3A%2F%2Fwww.w3.org%2F2000%2Fsvg&#39;%20viewBox%3D&#39;0%200%20225%20167&#39;%2F%3E\" data-src=\"https:\/\/www.nolana-schafe.de\/de-pages\/wp-content\/uploads\/Kat_14_Katahdin_Bock_2A45201-225x167.jpg\" data-srcset=\"https:\/\/www.nolana-schafe.de\/de-pages\/wp-content\/uploads\/Kat_14_Katahdin_Bock_2A45201-225x167.jpg 225w, https:\/\/www.nolana-schafe.de\/de-pages\/wp-content\/uploads\/Kat_14_Katahdin_Bock_2A45201.jpg 249w\" loading=\"eager\" style=\"--ratio: 225 \/ 167\" sizes=\"(max-width: 225px) 100vw, 225px\" alt=\"\" width=\"225\" height=\"167\"  \/><\/a>\t<\/figure>\n<\/article>\n\n<\/div><div class=\"wf-cell iso-item\" data-post-id=\"828\" data-date=\"2015-07-05T11:45:37+00:00\" data-name=\"Kat_15_Katahdin_Auen_2A4521\">\n<article class=\"post post-828 attachment type-attachment status-inherit hentry no-img description-off\">\n\n\t<figure class=\"rollover-project links-hovers-disabled\">\n\t<a href=\"https:\/\/www.nolana-schafe.de\/de-pages\/wp-content\/uploads\/Kat_15_Katahdin_Auen_2A45211.jpg\" class=\"rollover rollover-zoom dt-pswp-item layzr-bg\" title=\"Kat_15_Katahdin_Auen_2A4521\" data-dt-img-description=\"\"  data-large_image_width=\"200\" data-large_image_height = \"164\" ><img decoding=\"async\" class=\"preload-me iso-lazy-load aspect\" src=\"data:image\/svg+xml,%3Csvg%20xmlns%3D&#39;http%3A%2F%2Fwww.w3.org%2F2000%2Fsvg&#39;%20viewBox%3D&#39;0%200%20200%20164&#39;%2F%3E\" data-src=\"https:\/\/www.nolana-schafe.de\/de-pages\/wp-content\/uploads\/Kat_15_Katahdin_Auen_2A45211.jpg\" data-srcset=\"https:\/\/www.nolana-schafe.de\/de-pages\/wp-content\/uploads\/Kat_15_Katahdin_Auen_2A45211.jpg 200w\" loading=\"eager\" style=\"--ratio: 200 \/ 164\" sizes=\"(max-width: 200px) 100vw, 200px\" alt=\"\" width=\"200\" height=\"164\"  \/><\/a>\t<\/figure>\n<\/article>\n\n<\/div><div class=\"wf-cell iso-item\" data-post-id=\"829\" data-date=\"2015-07-05T11:45:38+00:00\" data-name=\"Kat_17_Katahdin_Aue__2A4523\">\n<article class=\"post post-829 attachment type-attachment status-inherit hentry no-img description-off\">\n\n\t<figure class=\"rollover-project links-hovers-disabled\">\n\t<a href=\"https:\/\/www.nolana-schafe.de\/de-pages\/wp-content\/uploads\/Kat_17_Katahdin_Aue__2A45231.jpg\" class=\"rollover rollover-zoom dt-pswp-item layzr-bg\" title=\"Kat_17_Katahdin_Aue__2A4523\" data-dt-img-description=\"\"  data-large_image_width=\"99\" data-large_image_height = \"99\" ><img decoding=\"async\" class=\"preload-me iso-lazy-load aspect\" src=\"data:image\/svg+xml,%3Csvg%20xmlns%3D&#39;http%3A%2F%2Fwww.w3.org%2F2000%2Fsvg&#39;%20viewBox%3D&#39;0%200%2099%2099&#39;%2F%3E\" data-src=\"https:\/\/www.nolana-schafe.de\/de-pages\/wp-content\/uploads\/Kat_17_Katahdin_Aue__2A45231.jpg\" data-srcset=\"https:\/\/www.nolana-schafe.de\/de-pages\/wp-content\/uploads\/Kat_17_Katahdin_Aue__2A45231.jpg 99w\" loading=\"eager\" style=\"--ratio: 99 \/ 99\" sizes=\"(max-width: 99px) 100vw, 99px\" alt=\"\" width=\"99\" height=\"99\"  \/><\/a>\t<\/figure>\n<\/article>\n\n<\/div><div class=\"wf-cell iso-item\" data-post-id=\"830\" data-date=\"2015-07-05T11:45:39+00:00\" data-name=\"Kat_01_Katahdin_Bock_2A4513\">\n<article class=\"post post-830 attachment type-attachment status-inherit hentry no-img description-off\">\n\n\t<figure class=\"rollover-project links-hovers-disabled\">\n\t<a href=\"https:\/\/www.nolana-schafe.de\/de-pages\/wp-content\/uploads\/Kat_01_Katahdin_Bock_2A45131.jpg\" class=\"rollover rollover-zoom dt-pswp-item layzr-bg\" title=\"Kat_01_Katahdin_Bock_2A4513\" data-dt-img-description=\"\"  data-large_image_width=\"640\" data-large_image_height = \"480\" ><img decoding=\"async\" class=\"preload-me iso-lazy-load aspect\" src=\"data:image\/svg+xml,%3Csvg%20xmlns%3D&#39;http%3A%2F%2Fwww.w3.org%2F2000%2Fsvg&#39;%20viewBox%3D&#39;0%200%20225%20169&#39;%2F%3E\" data-src=\"https:\/\/www.nolana-schafe.de\/de-pages\/wp-content\/uploads\/Kat_01_Katahdin_Bock_2A45131-225x169.jpg\" data-srcset=\"https:\/\/www.nolana-schafe.de\/de-pages\/wp-content\/uploads\/Kat_01_Katahdin_Bock_2A45131-225x169.jpg 225w, https:\/\/www.nolana-schafe.de\/de-pages\/wp-content\/uploads\/Kat_01_Katahdin_Bock_2A45131-450x338.jpg 450w\" loading=\"eager\" style=\"--ratio: 225 \/ 169\" sizes=\"(max-width: 225px) 100vw, 225px\" alt=\"\" width=\"225\" height=\"169\"  \/><\/a>\t<\/figure>\n<\/article>\n\n<\/div><\/div>[\/vc_column][\/vc_row]<\/p>\n<\/div>","protected":false},"excerpt":{"rendered":"<p>[vc_row][vc_column][vc_column_text] Katahdin-Schafe in Nordamerika Die Entwicklung der Rasse Die Entwicklung der Katahdin-Rasse begann gegen Ende der f\u00fcnfziger Jahre, als Michael Piel in Main, USA, eine kleinere Anzahl von Haarschafen aus der Karibik importierte. Piel hielt bereits mehrere Tausend Schafe auf seiner Farm und er war der Ansicht, dass der Selektionsfortschritt bei der Selektion auf Fleischleistung&hellip;<\/p>\n","protected":false},"author":1,"featured_media":0,"parent":19,"menu_order":0,"comment_status":"closed","ping_status":"closed","template":"","meta":{"footnotes":""},"class_list":["post-624","page","type-page","status-publish","hentry","description-off"],"_links":{"self":[{"href":"https:\/\/www.nolana-schafe.de\/de-pages\/wp-json\/wp\/v2\/pages\/624","targetHints":{"allow":["GET"]}}],"collection":[{"href":"https:\/\/www.nolana-schafe.de\/de-pages\/wp-json\/wp\/v2\/pages"}],"about":[{"href":"https:\/\/www.nolana-schafe.de\/de-pages\/wp-json\/wp\/v2\/types\/page"}],"author":[{"embeddable":true,"href":"https:\/\/www.nolana-schafe.de\/de-pages\/wp-json\/wp\/v2\/users\/1"}],"replies":[{"embeddable":true,"href":"https:\/\/www.nolana-schafe.de\/de-pages\/wp-json\/wp\/v2\/comments?post=624"}],"version-history":[{"count":6,"href":"https:\/\/www.nolana-schafe.de\/de-pages\/wp-json\/wp\/v2\/pages\/624\/revisions"}],"predecessor-version":[{"id":999,"href":"https:\/\/www.nolana-schafe.de\/de-pages\/wp-json\/wp\/v2\/pages\/624\/revisions\/999"}],"up":[{"embeddable":true,"href":"https:\/\/www.nolana-schafe.de\/de-pages\/wp-json\/wp\/v2\/pages\/19"}],"wp:attachment":[{"href":"https:\/\/www.nolana-schafe.de\/de-pages\/wp-json\/wp\/v2\/media?parent=624"}],"curies":[{"name":"wp","href":"https:\/\/api.w.org\/{rel}","templated":true}]}}