{"id":632,"date":"2015-07-05T09:12:04","date_gmt":"2015-07-05T09:12:04","guid":{"rendered":"http:\/\/www.nolana-schafe.de\/de-pages\/?page_id=632"},"modified":"2015-07-06T16:27:58","modified_gmt":"2015-07-06T16:27:58","slug":"kamerunschafe","status":"publish","type":"page","link":"https:\/\/www.nolana-schafe.de\/de-pages\/weitere-rassen\/kamerunschafe\/","title":{"rendered":"Kamerunschafe"},"content":{"rendered":"<div class=\"wpb-content-wrapper\"><p>[vc_row][vc_column][vc_column_text]<\/p>\n<h2 style=\"text-align: justify;\">Kamerunschafe<\/h2>\n<p style=\"text-align: justify;\"><strong>Die Kamerunschafpopulation in Deutschland<\/strong><\/p>\n<p style=\"text-align: justify;\"><a class=\"dt-single-image\" href=\"http:\/\/www.nolana-schafe.de\/de-pages\/wp-content\/uploads\/Kamerun_Jungbock1.jpg\" data-dt-img-description=\"\"><img loading=\"lazy\" decoding=\"async\" class=\"alignleft size-thumbnail wp-image-809\" src=\"http:\/\/www.nolana-schafe.de\/de-pages\/wp-content\/uploads\/Kamerun_Jungbock1-150x150.jpg\" alt=\"Kamerun_Jungbock\" width=\"150\" height=\"150\" \/><\/a>Kamerunschafe gibt es seit \u00fcber 100 Jahren in Deutschland. Sie sind echte Haarschafe und kamen mit den Raubtiertransporten Carl Hagenbecks (10.06.1844-14.04.1913) aus Westafrika nach Deutschland. C. Hagenbeck organisierte, nachdem der die Tierhandlung seines Vaters 1866 \u00fcbernommen hatte, vier bis f\u00fcnf Tierfangexpeditionen pro Jahr nach Westafrika. Die dort vorkommenden Zwergschafe wurden als Lebendfutter mit auf die Reise genommen. Was unterwegs nicht verbraucht wurde, wurde in Hamburg \u00fcber die Tierhandlung Hagenbeck verkauft. Das geschah in einer Zeit, als die Wolle in Deutschland noch teuer und ein stark nachgefragter Rohstoff war. Aus diesem Grunde nahmen die Tierzuchtverwaltung und die Tierzuchtwissenschaft im deutschen Kaiserreich keine Notiz von diesen kleinen Haarschafen. So kamen die hierzulande \u201eKamerunschafe\u201c genannten westafrikanischen Zwergschafe zu Hobbyhaltern, wo sie sich, teilweise leider durch Inzucht und wenig sachverst\u00e4ndige Haltung degeneriert, auf einen heute gesch\u00e4tzten Bestand von 7000 Tieren entwickelten.<\/p>\n<p style=\"text-align: justify;\">Erst seitdem die Preise f\u00fcr Rohwolle in Deutschland verfallen sind, wandte man sich dieser inzwischen bestens angepassten Haarschafrasse erneut zu. Eine systematische z\u00fcchterische Bearbeitung setzte ein. Z\u00fcchtervereinigungen formierten sich, Herdb\u00fccher wurden eingerichtet und Leistungsherden aufgebaut. Heute wird das Kamerunschaf als Landschafrasse gef\u00fchrt. Die B\u00f6cke sind geh\u00f6rnt und tragen eine schwere Halsm\u00e4hne. Typisch ist das \u201eDachsgesicht\u201c und die rotbraune Decke mit schwarzem Bauch und schwarzen Innenseiten der Schenkel. Kamerunschafe sind selten handzahm, eher unruhig und immer fluchtbereit. Die Schafe sind schnellw\u00fcchsig und sehr fruchtbar. Sie sind h\u00e4ufig schon mit f\u00fcnf Monaten geschlechtsreif und haben einen asaisonalen Zyklus. Zwischenlammzeiten von acht Monaten sind m\u00f6glich. Die durchschnittliche Ablammrate betr\u00e4gt 1,5 L\u00e4mmer.<\/p>\n<p style=\"text-align: justify;\">N\u00e4here Informationen \u00fcber Kamerunschafe finden Sie auf den Webseiten des \u201eVereins der Kamerunschafz\u00fcchter und \u2013halter\u201c <a href=\"http:\/\/kamerun-schafe.de\/\">http:\/\/kamerun-schafe.de\/<\/a>. Dieser bundesweit ope-rierende Verein stellt auch das Zuchtziel f\u00fcr das Kamerunschaf auf. N\u00e4heres dazu auf der linken Navigationsleiste unter \u201eZuchtziele\u201c.<\/p>\n<p>[\/vc_column_text]<div class=\"ult-spacer spacer-69f27245af1e5\" data-id=\"69f27245af1e5\" data-height=\"15\" data-height-mobile=\"15\" data-height-tab=\"15\" data-height-tab-portrait=\"\" data-height-mobile-landscape=\"\" style=\"clear:both;display:block;\"><\/div>[\/vc_column][\/vc_row][vc_row][vc_column width=&#8220;1\/1&#8243;]<div class=\"wf-container dt-gallery-container dt-photos-shortcode loading-effect-flip iso-container\" data-padding=\"20px\" data-cur-page=\"1\" data-width=\"150px\" data-columns=\"3\"><div class=\"wf-cell iso-item\" data-post-id=\"809\" data-date=\"2015-07-05T11:44:07+00:00\" data-name=\"Kamerun_Jungbock\">\n<article class=\"post post-809 attachment type-attachment status-inherit hentry no-img description-off\">\n\n\t<figure class=\"rollover-project links-hovers-disabled\">\n\t<a href=\"https:\/\/www.nolana-schafe.de\/de-pages\/wp-content\/uploads\/Kamerun_Jungbock1.jpg\" class=\"rollover rollover-zoom dt-pswp-item layzr-bg\" title=\"Kamerun_Jungbock\" data-dt-img-description=\"\"  data-large_image_width=\"400\" data-large_image_height = \"331\" ><img decoding=\"async\" class=\"preload-me iso-lazy-load aspect\" src=\"data:image\/svg+xml,%3Csvg%20xmlns%3D&#39;http%3A%2F%2Fwww.w3.org%2F2000%2Fsvg&#39;%20viewBox%3D&#39;0%200%20225%20186&#39;%2F%3E\" data-src=\"https:\/\/www.nolana-schafe.de\/de-pages\/wp-content\/uploads\/Kamerun_Jungbock1-225x186.jpg\" data-srcset=\"https:\/\/www.nolana-schafe.de\/de-pages\/wp-content\/uploads\/Kamerun_Jungbock1-225x186.jpg 225w, https:\/\/www.nolana-schafe.de\/de-pages\/wp-content\/uploads\/Kamerun_Jungbock1.jpg 400w\" loading=\"eager\" style=\"--ratio: 225 \/ 186\" sizes=\"(max-width: 225px) 100vw, 225px\" alt=\"\" width=\"225\" height=\"186\"  \/><\/a>\t<\/figure>\n<\/article>\n\n<\/div><div class=\"wf-cell iso-item\" data-post-id=\"811\" data-date=\"2015-07-05T11:44:09+00:00\" data-name=\"Kamerunaue_mit_Bocklamm\">\n<article class=\"post post-811 attachment type-attachment status-inherit hentry no-img description-off\">\n\n\t<figure class=\"rollover-project links-hovers-disabled\">\n\t<a href=\"https:\/\/www.nolana-schafe.de\/de-pages\/wp-content\/uploads\/Kamerunaue_mit_Bocklamm.jpg\" class=\"rollover rollover-zoom dt-pswp-item layzr-bg\" title=\"Kamerunaue_mit_Bocklamm\" data-dt-img-description=\"\"  data-large_image_width=\"400\" data-large_image_height = \"313\" ><img decoding=\"async\" class=\"preload-me iso-lazy-load aspect\" src=\"data:image\/svg+xml,%3Csvg%20xmlns%3D&#39;http%3A%2F%2Fwww.w3.org%2F2000%2Fsvg&#39;%20viewBox%3D&#39;0%200%20225%20176&#39;%2F%3E\" data-src=\"https:\/\/www.nolana-schafe.de\/de-pages\/wp-content\/uploads\/Kamerunaue_mit_Bocklamm-225x176.jpg\" data-srcset=\"https:\/\/www.nolana-schafe.de\/de-pages\/wp-content\/uploads\/Kamerunaue_mit_Bocklamm-225x176.jpg 225w, https:\/\/www.nolana-schafe.de\/de-pages\/wp-content\/uploads\/Kamerunaue_mit_Bocklamm.jpg 400w\" loading=\"eager\" style=\"--ratio: 225 \/ 176\" sizes=\"(max-width: 225px) 100vw, 225px\" alt=\"\" width=\"225\" height=\"176\"  \/><\/a>\t<\/figure>\n<\/article>\n\n<\/div><div class=\"wf-cell iso-item\" data-post-id=\"812\" data-date=\"2015-07-05T11:44:09+00:00\" data-name=\"Kamerunbock\">\n<article class=\"post post-812 attachment type-attachment status-inherit hentry no-img description-off\">\n\n\t<figure class=\"rollover-project links-hovers-disabled\">\n\t<a href=\"https:\/\/www.nolana-schafe.de\/de-pages\/wp-content\/uploads\/Kamerunbock1.jpg\" class=\"rollover rollover-zoom dt-pswp-item layzr-bg\" title=\"Kamerunbock\" data-dt-img-description=\"\"  data-large_image_width=\"400\" data-large_image_height = \"380\" ><img decoding=\"async\" class=\"preload-me iso-lazy-load aspect\" src=\"data:image\/svg+xml,%3Csvg%20xmlns%3D&#39;http%3A%2F%2Fwww.w3.org%2F2000%2Fsvg&#39;%20viewBox%3D&#39;0%200%20225%20214&#39;%2F%3E\" data-src=\"https:\/\/www.nolana-schafe.de\/de-pages\/wp-content\/uploads\/Kamerunbock1-225x214.jpg\" data-srcset=\"https:\/\/www.nolana-schafe.de\/de-pages\/wp-content\/uploads\/Kamerunbock1-225x214.jpg 225w, https:\/\/www.nolana-schafe.de\/de-pages\/wp-content\/uploads\/Kamerunbock1.jpg 399w\" loading=\"eager\" style=\"--ratio: 225 \/ 214\" sizes=\"(max-width: 225px) 100vw, 225px\" alt=\"\" width=\"225\" height=\"214\"  \/><\/a>\t<\/figure>\n<\/article>\n\n<\/div><div class=\"wf-cell iso-item\" data-post-id=\"814\" data-date=\"2015-07-05T11:44:11+00:00\" data-name=\"Kamerungruppe\">\n<article class=\"post post-814 attachment type-attachment status-inherit hentry no-img description-off\">\n\n\t<figure class=\"rollover-project links-hovers-disabled\">\n\t<a href=\"https:\/\/www.nolana-schafe.de\/de-pages\/wp-content\/uploads\/Kamerungruppe1.jpg\" class=\"rollover rollover-zoom dt-pswp-item layzr-bg\" title=\"Kamerungruppe\" data-dt-img-description=\"\"  data-large_image_width=\"839\" data-large_image_height = \"629\" ><img decoding=\"async\" class=\"preload-me iso-lazy-load aspect\" src=\"data:image\/svg+xml,%3Csvg%20xmlns%3D&#39;http%3A%2F%2Fwww.w3.org%2F2000%2Fsvg&#39;%20viewBox%3D&#39;0%200%20225%20169&#39;%2F%3E\" data-src=\"https:\/\/www.nolana-schafe.de\/de-pages\/wp-content\/uploads\/Kamerungruppe1-225x169.jpg\" data-srcset=\"https:\/\/www.nolana-schafe.de\/de-pages\/wp-content\/uploads\/Kamerungruppe1-225x169.jpg 225w, https:\/\/www.nolana-schafe.de\/de-pages\/wp-content\/uploads\/Kamerungruppe1-450x338.jpg 450w\" loading=\"eager\" style=\"--ratio: 225 \/ 169\" sizes=\"(max-width: 225px) 100vw, 225px\" alt=\"\" width=\"225\" height=\"169\"  \/><\/a>\t<\/figure>\n<\/article>\n\n<\/div><div class=\"wf-cell iso-item\" data-post-id=\"815\" data-date=\"2015-07-05T11:44:11+00:00\" data-name=\"Kamerunmuttern\">\n<article class=\"post post-815 attachment type-attachment status-inherit hentry no-img description-off\">\n\n\t<figure class=\"rollover-project links-hovers-disabled\">\n\t<a href=\"https:\/\/www.nolana-schafe.de\/de-pages\/wp-content\/uploads\/Kamerunmuttern1.jpg\" class=\"rollover rollover-zoom dt-pswp-item layzr-bg\" title=\"Kamerunmuttern\" data-dt-img-description=\"\"  data-large_image_width=\"400\" data-large_image_height = \"300\" ><img decoding=\"async\" class=\"preload-me iso-lazy-load aspect\" src=\"data:image\/svg+xml,%3Csvg%20xmlns%3D&#39;http%3A%2F%2Fwww.w3.org%2F2000%2Fsvg&#39;%20viewBox%3D&#39;0%200%20225%20169&#39;%2F%3E\" data-src=\"https:\/\/www.nolana-schafe.de\/de-pages\/wp-content\/uploads\/Kamerunmuttern1-225x169.jpg\" data-srcset=\"https:\/\/www.nolana-schafe.de\/de-pages\/wp-content\/uploads\/Kamerunmuttern1-225x169.jpg 225w, https:\/\/www.nolana-schafe.de\/de-pages\/wp-content\/uploads\/Kamerunmuttern1.jpg 399w\" loading=\"eager\" style=\"--ratio: 225 \/ 169\" sizes=\"(max-width: 225px) 100vw, 225px\" alt=\"\" width=\"225\" height=\"169\"  \/><\/a>\t<\/figure>\n<\/article>\n\n<\/div><div class=\"wf-cell iso-item\" data-post-id=\"816\" data-date=\"2015-07-05T11:44:12+00:00\" data-name=\"Kamerunschafe_in_Afrika\">\n<article class=\"post post-816 attachment type-attachment status-inherit hentry no-img description-off\">\n\n\t<figure class=\"rollover-project links-hovers-disabled\">\n\t<a href=\"https:\/\/www.nolana-schafe.de\/de-pages\/wp-content\/uploads\/Kamerunschafe_in_Afrika1.jpg\" class=\"rollover rollover-zoom dt-pswp-item layzr-bg\" title=\"Kamerunschafe_in_Afrika\" data-dt-img-description=\"\"  data-large_image_width=\"300\" data-large_image_height = \"400\" ><img fetchpriority=\"high\" decoding=\"async\" class=\"preload-me iso-lazy-load aspect\" src=\"data:image\/svg+xml,%3Csvg%20xmlns%3D&#39;http%3A%2F%2Fwww.w3.org%2F2000%2Fsvg&#39;%20viewBox%3D&#39;0%200%20225%20300&#39;%2F%3E\" data-src=\"https:\/\/www.nolana-schafe.de\/de-pages\/wp-content\/uploads\/Kamerunschafe_in_Afrika1-225x300.jpg\" data-srcset=\"https:\/\/www.nolana-schafe.de\/de-pages\/wp-content\/uploads\/Kamerunschafe_in_Afrika1-225x300.jpg 225w, https:\/\/www.nolana-schafe.de\/de-pages\/wp-content\/uploads\/Kamerunschafe_in_Afrika1.jpg 300w\" loading=\"eager\" style=\"--ratio: 225 \/ 300\" sizes=\"(max-width: 225px) 100vw, 225px\" alt=\"\" width=\"225\" height=\"300\"  \/><\/a>\t<\/figure>\n<\/article>\n\n<\/div><div class=\"wf-cell iso-item\" data-post-id=\"817\" data-date=\"2015-07-05T11:44:12+00:00\" data-name=\"Kam_01_Kamerungruppe\">\n<article class=\"post post-817 attachment type-attachment status-inherit hentry no-img description-off\">\n\n\t<figure class=\"rollover-project links-hovers-disabled\">\n\t<a href=\"https:\/\/www.nolana-schafe.de\/de-pages\/wp-content\/uploads\/Kam_01_Kamerungruppe1.jpg\" class=\"rollover rollover-zoom dt-pswp-item layzr-bg\" title=\"Kam_01_Kamerungruppe\" data-dt-img-description=\"\"  data-large_image_width=\"533\" data-large_image_height = \"400\" ><img decoding=\"async\" class=\"preload-me iso-lazy-load aspect\" src=\"data:image\/svg+xml,%3Csvg%20xmlns%3D&#39;http%3A%2F%2Fwww.w3.org%2F2000%2Fsvg&#39;%20viewBox%3D&#39;0%200%20225%20169&#39;%2F%3E\" data-src=\"https:\/\/www.nolana-schafe.de\/de-pages\/wp-content\/uploads\/Kam_01_Kamerungruppe1-225x169.jpg\" data-srcset=\"https:\/\/www.nolana-schafe.de\/de-pages\/wp-content\/uploads\/Kam_01_Kamerungruppe1-225x169.jpg 225w, https:\/\/www.nolana-schafe.de\/de-pages\/wp-content\/uploads\/Kam_01_Kamerungruppe1-450x338.jpg 450w\" loading=\"eager\" style=\"--ratio: 225 \/ 169\" sizes=\"(max-width: 225px) 100vw, 225px\" alt=\"\" width=\"225\" height=\"169\"  \/><\/a>\t<\/figure>\n<\/article>\n\n<\/div><div class=\"wf-cell iso-item\" data-post-id=\"818\" data-date=\"2015-07-05T11:44:13+00:00\" data-name=\"Kam_02_Kamerunaue_mi_2A4534\">\n<article class=\"post post-818 attachment type-attachment status-inherit hentry no-img description-off\">\n\n\t<figure class=\"rollover-project links-hovers-disabled\">\n\t<a href=\"https:\/\/www.nolana-schafe.de\/de-pages\/wp-content\/uploads\/Kam_02_Kamerunaue_mi_2A45341.jpg\" class=\"rollover rollover-zoom dt-pswp-item layzr-bg\" title=\"Kam_02_Kamerunaue_mi_2A4534\" data-dt-img-description=\"\"  data-large_image_width=\"108\" data-large_image_height = \"107\" ><img decoding=\"async\" class=\"preload-me iso-lazy-load aspect\" src=\"data:image\/svg+xml,%3Csvg%20xmlns%3D&#39;http%3A%2F%2Fwww.w3.org%2F2000%2Fsvg&#39;%20viewBox%3D&#39;0%200%20108%20107&#39;%2F%3E\" data-src=\"https:\/\/www.nolana-schafe.de\/de-pages\/wp-content\/uploads\/Kam_02_Kamerunaue_mi_2A45341.jpg\" data-srcset=\"https:\/\/www.nolana-schafe.de\/de-pages\/wp-content\/uploads\/Kam_02_Kamerunaue_mi_2A45341.jpg 108w\" loading=\"eager\" style=\"--ratio: 108 \/ 107\" sizes=\"(max-width: 108px) 100vw, 108px\" alt=\"\" width=\"108\" height=\"107\"  \/><\/a>\t<\/figure>\n<\/article>\n\n<\/div><div class=\"wf-cell iso-item\" data-post-id=\"820\" data-date=\"2015-07-05T11:44:14+00:00\" data-name=\"Kam_05_Kamerunlaemmer\">\n<article class=\"post post-820 attachment type-attachment status-inherit hentry no-img description-off\">\n\n\t<figure class=\"rollover-project links-hovers-disabled\">\n\t<a href=\"https:\/\/www.nolana-schafe.de\/de-pages\/wp-content\/uploads\/Kam_05_Kamerunlaemmer1.jpg\" class=\"rollover rollover-zoom dt-pswp-item layzr-bg\" title=\"Kam_05_Kamerunlaemmer\" data-dt-img-description=\"\"  data-large_image_width=\"124\" data-large_image_height = \"109\" ><img decoding=\"async\" class=\"preload-me iso-lazy-load aspect\" src=\"data:image\/svg+xml,%3Csvg%20xmlns%3D&#39;http%3A%2F%2Fwww.w3.org%2F2000%2Fsvg&#39;%20viewBox%3D&#39;0%200%20124%20109&#39;%2F%3E\" data-src=\"https:\/\/www.nolana-schafe.de\/de-pages\/wp-content\/uploads\/Kam_05_Kamerunlaemmer1.jpg\" data-srcset=\"https:\/\/www.nolana-schafe.de\/de-pages\/wp-content\/uploads\/Kam_05_Kamerunlaemmer1.jpg 124w\" loading=\"eager\" style=\"--ratio: 124 \/ 109\" sizes=\"(max-width: 124px) 100vw, 124px\" alt=\"\" width=\"124\" height=\"109\"  \/><\/a>\t<\/figure>\n<\/article>\n\n<\/div><\/div>[\/vc_column][\/vc_row]<\/p>\n<\/div>","protected":false},"excerpt":{"rendered":"<p>[vc_row][vc_column][vc_column_text] Kamerunschafe Die Kamerunschafpopulation in Deutschland Kamerunschafe gibt es seit \u00fcber 100 Jahren in Deutschland. Sie sind echte Haarschafe und kamen mit den Raubtiertransporten Carl Hagenbecks (10.06.1844-14.04.1913) aus Westafrika nach Deutschland. C. Hagenbeck organisierte, nachdem der die Tierhandlung seines Vaters 1866 \u00fcbernommen hatte, vier bis f\u00fcnf Tierfangexpeditionen pro Jahr nach Westafrika. Die dort vorkommenden Zwergschafe&hellip;<\/p>\n","protected":false},"author":1,"featured_media":0,"parent":19,"menu_order":0,"comment_status":"closed","ping_status":"closed","template":"","meta":{"footnotes":""},"class_list":["post-632","page","type-page","status-publish","hentry","description-off"],"_links":{"self":[{"href":"https:\/\/www.nolana-schafe.de\/de-pages\/wp-json\/wp\/v2\/pages\/632","targetHints":{"allow":["GET"]}}],"collection":[{"href":"https:\/\/www.nolana-schafe.de\/de-pages\/wp-json\/wp\/v2\/pages"}],"about":[{"href":"https:\/\/www.nolana-schafe.de\/de-pages\/wp-json\/wp\/v2\/types\/page"}],"author":[{"embeddable":true,"href":"https:\/\/www.nolana-schafe.de\/de-pages\/wp-json\/wp\/v2\/users\/1"}],"replies":[{"embeddable":true,"href":"https:\/\/www.nolana-schafe.de\/de-pages\/wp-json\/wp\/v2\/comments?post=632"}],"version-history":[{"count":4,"href":"https:\/\/www.nolana-schafe.de\/de-pages\/wp-json\/wp\/v2\/pages\/632\/revisions"}],"predecessor-version":[{"id":1000,"href":"https:\/\/www.nolana-schafe.de\/de-pages\/wp-json\/wp\/v2\/pages\/632\/revisions\/1000"}],"up":[{"embeddable":true,"href":"https:\/\/www.nolana-schafe.de\/de-pages\/wp-json\/wp\/v2\/pages\/19"}],"wp:attachment":[{"href":"https:\/\/www.nolana-schafe.de\/de-pages\/wp-json\/wp\/v2\/media?parent=632"}],"curies":[{"name":"wp","href":"https:\/\/api.w.org\/{rel}","templated":true}]}}