{"id":637,"date":"2015-07-05T09:15:59","date_gmt":"2015-07-05T09:15:59","guid":{"rendered":"http:\/\/www.nolana-schafe.de\/de-pages\/?page_id=637"},"modified":"2015-07-06T16:19:04","modified_gmt":"2015-07-06T16:19:04","slug":"st-croix","status":"publish","type":"page","link":"https:\/\/www.nolana-schafe.de\/de-pages\/weitere-rassen\/st-croix\/","title":{"rendered":"St. Croix"},"content":{"rendered":"<div class=\"wpb-content-wrapper\"><p>[vc_row][vc_column][vc_column_text]<\/p>\n<h2>St. Croix &#8211; Die weissen Schafe der Jungferninseln<\/h2>\n<p style=\"text-align: justify;\"><a class=\"dt-single-image\" href=\"http:\/\/www.nolana-schafe.de\/de-pages\/wp-content\/uploads\/Croix_07_St._Croix_A_2A4492.jpg\" data-dt-img-description=\"\"><img loading=\"lazy\" decoding=\"async\" class=\"alignleft size-full wp-image-898\" src=\"http:\/\/www.nolana-schafe.de\/de-pages\/wp-content\/uploads\/Croix_07_St._Croix_A_2A4492.jpg\" alt=\"Croix_07_St._Croix_A_2A4492\" width=\"99\" height=\"64\" \/><\/a>St. Croix, ehemals Santa Cruz, die gr\u00f6\u00dfte Insel der karibischen Jungferninseln (Islas Virgines, Virgin Islands) hat dieser Haarschafrasse ihren Namen gegeben. Ebenso wie alle anderen Haarschafrassen und -schl\u00e4ge, die seit der Kolonialzeit in der Karibik und anderen Regionen S\u00fcdamerikas zu finden sind, stammen auch die wei\u00dfen St. Croix-Schafe von westafrikanischen Haarschafen ab, die mit den Schiffen der Sklavenh\u00e4ndler als Lebendproviant in die Karibik gelangten. Der Verwandtschaftsgrad zwischen diesen Rassen ist hoch, oft unterscheidet sie nur die als rassetypisch erachtete Fellf\u00e4rbung.<\/p>\n<p style=\"text-align: justify;\">Die Jungferninseln haben seit der Entdeckung durch Columbus mehrmals ihre Besitzer gewechselt. Spanier, Franzosen, D\u00e4nen, Deutsche, Briten und Amerikaner wechselten einander ab. Alle, vor allem aber die europ\u00e4ischen Besitzer w\u00e4hrend der Sklavenwirtschaft, haben in der Vergangenheit Schafrassen aus Europa mitgebracht und mit den westafrikanischen Haarschafimporten gekreuzt. Wir m\u00fcssen wohl annehmen, dass das wenig systematisch geschah und dass die heute als St. Croix bezeichnete Rasse in den vergangenen 300 Jahren im wesentlichen durch nat\u00fcrliche Selektion entstanden ist. Mit Ausnahme der wei\u00dfen Fellfarbe weisen St. Croix-Schafe in der Entstehungsgeschichte, im Ph\u00e4notyp, in ihrer Morphologie und auch in den Leistungen, starke \u00c4hnlichkeiten mit der Barbados Blackbelly-Rasse auf.<\/p>\n<p style=\"text-align: justify;\">Erst seit mit dem Niedergang der Preise f\u00fcr Rohwolle in den Industriel\u00e4ndern der n\u00f6rdlichen Hemisph\u00e4re die Zucht von Haarschafen immer wirtschaftlicher wurde, schenkte man dieser interessanten Ressource die Beachtung, die sie verdient. Ab etwa 1960 (Michael Piel, siehe Katahdin-Schafe) wurden in mehreren Sch\u00fcben kleinere St\u00fcckzahlen von St. Croix-Schafen in die USA gebracht und hier z\u00fcchterisch weiter entwickelt.<\/p>\n<p style=\"text-align: justify;\">St. Croix-Schafe sind robuste, mittelrahmige und hornlose wei\u00dfe Haarschafe. In n\u00f6rdlichen L\u00e4ndern tragen sie im Sommer eine Kurzhaardecke und im Winter ein Winterfell mit dichter Unterwolle. Dieses wird wie bei den anderen Haarschafen auch im Fr\u00fchjahr auf nat\u00fcrliche Art gewechselt. Sie m\u00fcssen daher nicht geschoren werden. Alte B\u00f6cke haben ebenso wie die Barbados Blackbelly-Schafe eine schwere Halsm\u00e4hne, die bis zu den Knien herab f\u00e4llt.<\/p>\n<p style=\"text-align: justify; padding-left: 30px;\">Erwachsene B\u00f6cke erreichen Gewichte bis zu 90 kg LG.<br \/>\nErwachsene Auen erreichen Gewichte bis zu 68 kg LG.<br \/>\nDie Geburtsgewichte liegen bei Zwillingsgeburten um 3,2 kg.<\/p>\n<p style=\"text-align: justify;\">50-75% aller Geburten sind Mehrlingsgeburten. Die Reproduktionsrate liegt bei 200%. Die Auen k\u00f6nnen schon einen Monat nach dem Ablammen wieder aufnehmen, so dass eine Zwischenlammzeit von acht Monaten m\u00f6glich ist. Zwillingsgeburten sind die Regel, Drillinge sind h\u00e4ufig, Vier- und F\u00fcnflinge nicht selten.<\/p>\n<p style=\"text-align: justify;\">Die Schlachtk\u00f6rperzusammensetzung \u00e4hnelt nach Angaben der St. Croix-Zuchtorganisation derjenigen der Rambouillet-Rasse. Die Schlachtausbeute ist allerdings 23% h\u00f6her aufgrund der leichteren Knochen und dem sehr geringen Fettgehalt. Das Fleisch ist zart und von mildem Geschmack.<\/p>\n<p style=\"text-align: justify;\">St. Croix-Schafe sind sehr aktiv, unruhig mit einer leichten Neigung zum verwildern. Sie weisen eine sehr hohe Resistenz gegen\u00fcber inneren Parasiten auf. Auch in diesen Eigenschaften \u00e4hneln sie ihren rotbraunen Verwandten aus Barbados in auffallender Weise.<\/p>\n<p style=\"text-align: justify;\">Da die St. Croix-Rasse erst seit kurzer Zeit z\u00fcchterisch bearbeitet wird, weist sie noch entsprechend langsame Wachstumsraten und eine eher geringwertige Konformation auf. In Reinzucht ist sie f\u00fcr die Fleischproduktion wenig geeignet. Noch sind ihre Leistungen \u00e4hnlich wie die der Barbados Blackbelly. Weiterer Zuchtfortschritt ist zu erwarten. Die Rasse stellt daher eine wichtige Ressource f\u00fcr die Entwicklung neuer, synthetischer Haarschafrassen dar.<\/p>\n<p style=\"text-align: justify;\">F\u00fcr weitergehende Informationen besuchen Sie bitte die Webseiten der St-Croix-Zuchtorganisation \u201eInternational St. Croix Hair Sheep Association, Inc. (a.k.a. St. Croix Sheep Breeders Association)\u201d http:\/\/www.stcroixsheep.org\/index.htm.<\/p>\n<p style=\"text-align: justify;\">Die FAO (Food and Agriculture Organization der UNO) h\u00e4lt auf ihren Webseiten sehr ausf\u00fchrliche, wissenschaftlich abgesicherte Informationen \u00fcber Barbados Blackbelly und St. Croix Haarschafe vor: <a href=\"http:\/\/www.fao.org\/DOCREP\/004\/X6517E\/X6517E02.htm\">http:\/\/www.fao.org\/DOCREP\/004\/X6517E\/X6517E02.htm<\/a> .<\/p>\n<p>[\/vc_column_text]<div class=\"ult-spacer spacer-69d53f250af57\" data-id=\"69d53f250af57\" data-height=\"15\" data-height-mobile=\"15\" data-height-tab=\"15\" data-height-tab-portrait=\"\" data-height-mobile-landscape=\"\" style=\"clear:both;display:block;\"><\/div>[\/vc_column][\/vc_row][vc_row][vc_column width=&#8220;1\/1&#8243;]<div class=\"wf-container dt-gallery-container dt-photos-shortcode loading-effect-flip iso-container\" data-padding=\"20px\" data-cur-page=\"1\" data-width=\"150px\" data-columns=\"3\"><div class=\"wf-cell iso-item\" data-post-id=\"886\" data-date=\"2015-07-05T11:58:47+00:00\" data-name=\"Croix_08_St._Croix_A_2A4493\">\n<article class=\"post post-886 attachment type-attachment status-inherit hentry no-img description-off\">\n\n\t<figure class=\"rollover-project links-hovers-disabled\">\n\t<a href=\"https:\/\/www.nolana-schafe.de\/de-pages\/wp-content\/uploads\/Croix_08_St._Croix_A_2A4493.jpg\" class=\"rollover rollover-zoom dt-pswp-item layzr-bg\" title=\"Croix_08_St._Croix_A_2A4493\" data-dt-img-description=\"\"  data-large_image_width=\"135\" data-large_image_height = \"101\" ><img decoding=\"async\" class=\"preload-me iso-lazy-load aspect\" src=\"data:image\/svg+xml,%3Csvg%20xmlns%3D&#39;http%3A%2F%2Fwww.w3.org%2F2000%2Fsvg&#39;%20viewBox%3D&#39;0%200%20135%20101&#39;%2F%3E\" data-src=\"https:\/\/www.nolana-schafe.de\/de-pages\/wp-content\/uploads\/Croix_08_St._Croix_A_2A4493.jpg\" data-srcset=\"https:\/\/www.nolana-schafe.de\/de-pages\/wp-content\/uploads\/Croix_08_St._Croix_A_2A4493.jpg 135w\" loading=\"eager\" style=\"--ratio: 135 \/ 101\" sizes=\"(max-width: 135px) 100vw, 135px\" alt=\"\" width=\"135\" height=\"101\"  \/><\/a>\t<\/figure>\n<\/article>\n\n<\/div><div class=\"wf-cell iso-item\" data-post-id=\"887\" data-date=\"2015-07-05T11:58:47+00:00\" data-name=\"Croix_10_St._Croix_Gruppe\">\n<article class=\"post post-887 attachment type-attachment status-inherit hentry no-img description-off\">\n\n\t<figure class=\"rollover-project links-hovers-disabled\">\n\t<a href=\"https:\/\/www.nolana-schafe.de\/de-pages\/wp-content\/uploads\/Croix_10_St._Croix_Gruppe.jpg\" class=\"rollover rollover-zoom dt-pswp-item layzr-bg\" title=\"Croix_10_St._Croix_Gruppe\" data-dt-img-description=\"\"  data-large_image_width=\"135\" data-large_image_height = \"101\" ><img decoding=\"async\" class=\"preload-me iso-lazy-load aspect\" src=\"data:image\/svg+xml,%3Csvg%20xmlns%3D&#39;http%3A%2F%2Fwww.w3.org%2F2000%2Fsvg&#39;%20viewBox%3D&#39;0%200%20135%20101&#39;%2F%3E\" data-src=\"https:\/\/www.nolana-schafe.de\/de-pages\/wp-content\/uploads\/Croix_10_St._Croix_Gruppe.jpg\" data-srcset=\"https:\/\/www.nolana-schafe.de\/de-pages\/wp-content\/uploads\/Croix_10_St._Croix_Gruppe.jpg 135w\" loading=\"eager\" style=\"--ratio: 135 \/ 101\" sizes=\"(max-width: 135px) 100vw, 135px\" alt=\"\" width=\"135\" height=\"101\"  \/><\/a>\t<\/figure>\n<\/article>\n\n<\/div><div class=\"wf-cell iso-item\" data-post-id=\"888\" data-date=\"2015-07-05T11:58:48+00:00\" data-name=\"Croix_11_St._Croix_A_2A4496\">\n<article class=\"post post-888 attachment type-attachment status-inherit hentry no-img description-off\">\n\n\t<figure class=\"rollover-project links-hovers-disabled\">\n\t<a href=\"https:\/\/www.nolana-schafe.de\/de-pages\/wp-content\/uploads\/Croix_11_St._Croix_A_2A4496.jpg\" class=\"rollover rollover-zoom dt-pswp-item layzr-bg\" title=\"Croix_11_St._Croix_A_2A4496\" data-dt-img-description=\"\"  data-large_image_width=\"101\" data-large_image_height = \"66\" ><img decoding=\"async\" class=\"preload-me iso-lazy-load aspect\" src=\"data:image\/svg+xml,%3Csvg%20xmlns%3D&#39;http%3A%2F%2Fwww.w3.org%2F2000%2Fsvg&#39;%20viewBox%3D&#39;0%200%20101%2066&#39;%2F%3E\" data-src=\"https:\/\/www.nolana-schafe.de\/de-pages\/wp-content\/uploads\/Croix_11_St._Croix_A_2A4496.jpg\" data-srcset=\"https:\/\/www.nolana-schafe.de\/de-pages\/wp-content\/uploads\/Croix_11_St._Croix_A_2A4496.jpg 101w\" loading=\"eager\" style=\"--ratio: 101 \/ 66\" sizes=\"(max-width: 101px) 100vw, 101px\" alt=\"\" width=\"101\" height=\"66\"  \/><\/a>\t<\/figure>\n<\/article>\n\n<\/div><div class=\"wf-cell iso-item\" data-post-id=\"889\" data-date=\"2015-07-05T11:58:49+00:00\" data-name=\"Croix_12_St._Croix_Gruppe\">\n<article class=\"post post-889 attachment type-attachment status-inherit hentry no-img description-off\">\n\n\t<figure class=\"rollover-project links-hovers-disabled\">\n\t<a href=\"https:\/\/www.nolana-schafe.de\/de-pages\/wp-content\/uploads\/Croix_12_St._Croix_Gruppe.jpg\" class=\"rollover rollover-zoom dt-pswp-item layzr-bg\" title=\"Croix_12_St._Croix_Gruppe\" data-dt-img-description=\"\"  data-large_image_width=\"65\" data-large_image_height = \"101\" ><img decoding=\"async\" class=\"preload-me iso-lazy-load aspect\" src=\"data:image\/svg+xml,%3Csvg%20xmlns%3D&#39;http%3A%2F%2Fwww.w3.org%2F2000%2Fsvg&#39;%20viewBox%3D&#39;0%200%2065%20101&#39;%2F%3E\" data-src=\"https:\/\/www.nolana-schafe.de\/de-pages\/wp-content\/uploads\/Croix_12_St._Croix_Gruppe.jpg\" data-srcset=\"https:\/\/www.nolana-schafe.de\/de-pages\/wp-content\/uploads\/Croix_12_St._Croix_Gruppe.jpg 65w\" loading=\"eager\" style=\"--ratio: 65 \/ 101\" sizes=\"(max-width: 65px) 100vw, 65px\" alt=\"\" width=\"65\" height=\"101\"  \/><\/a>\t<\/figure>\n<\/article>\n\n<\/div><div class=\"wf-cell iso-item\" data-post-id=\"890\" data-date=\"2015-07-05T11:58:49+00:00\" data-name=\"Croix_13_St._Croix_Auen\">\n<article class=\"post post-890 attachment type-attachment status-inherit hentry no-img description-off\">\n\n\t<figure class=\"rollover-project links-hovers-disabled\">\n\t<a href=\"https:\/\/www.nolana-schafe.de\/de-pages\/wp-content\/uploads\/Croix_13_St._Croix_Auen.jpg\" class=\"rollover rollover-zoom dt-pswp-item layzr-bg\" title=\"Croix_13_St._Croix_Auen\" data-dt-img-description=\"\"  data-large_image_width=\"131\" data-large_image_height = \"49\" ><img decoding=\"async\" class=\"preload-me iso-lazy-load aspect\" src=\"data:image\/svg+xml,%3Csvg%20xmlns%3D&#39;http%3A%2F%2Fwww.w3.org%2F2000%2Fsvg&#39;%20viewBox%3D&#39;0%200%20131%2049&#39;%2F%3E\" data-src=\"https:\/\/www.nolana-schafe.de\/de-pages\/wp-content\/uploads\/Croix_13_St._Croix_Auen.jpg\" data-srcset=\"https:\/\/www.nolana-schafe.de\/de-pages\/wp-content\/uploads\/Croix_13_St._Croix_Auen.jpg 131w\" loading=\"eager\" style=\"--ratio: 131 \/ 49\" sizes=\"(max-width: 131px) 100vw, 131px\" alt=\"\" width=\"131\" height=\"49\"  \/><\/a>\t<\/figure>\n<\/article>\n\n<\/div><div class=\"wf-cell iso-item\" data-post-id=\"891\" data-date=\"2015-07-05T11:58:50+00:00\" data-name=\"Croix_14_St._Croix_Auen\">\n<article class=\"post post-891 attachment type-attachment status-inherit hentry no-img description-off\">\n\n\t<figure class=\"rollover-project links-hovers-disabled\">\n\t<a href=\"https:\/\/www.nolana-schafe.de\/de-pages\/wp-content\/uploads\/Croix_14_St._Croix_Auen.jpg\" class=\"rollover rollover-zoom dt-pswp-item layzr-bg\" title=\"Croix_14_St._Croix_Auen\" data-dt-img-description=\"\"  data-large_image_width=\"266\" data-large_image_height = \"175\" ><img decoding=\"async\" class=\"preload-me iso-lazy-load aspect\" src=\"data:image\/svg+xml,%3Csvg%20xmlns%3D&#39;http%3A%2F%2Fwww.w3.org%2F2000%2Fsvg&#39;%20viewBox%3D&#39;0%200%20225%20148&#39;%2F%3E\" data-src=\"https:\/\/www.nolana-schafe.de\/de-pages\/wp-content\/uploads\/Croix_14_St._Croix_Auen-225x148.jpg\" data-srcset=\"https:\/\/www.nolana-schafe.de\/de-pages\/wp-content\/uploads\/Croix_14_St._Croix_Auen-225x148.jpg 225w, https:\/\/www.nolana-schafe.de\/de-pages\/wp-content\/uploads\/Croix_14_St._Croix_Auen.jpg 266w\" loading=\"eager\" style=\"--ratio: 225 \/ 148\" sizes=\"(max-width: 225px) 100vw, 225px\" alt=\"\" width=\"225\" height=\"148\"  \/><\/a>\t<\/figure>\n<\/article>\n\n<\/div><div class=\"wf-cell iso-item\" data-post-id=\"892\" data-date=\"2015-07-05T11:58:50+00:00\" data-name=\"Croix_15_St._Croix_Bock\">\n<article class=\"post post-892 attachment type-attachment status-inherit hentry no-img description-off\">\n\n\t<figure class=\"rollover-project links-hovers-disabled\">\n\t<a href=\"https:\/\/www.nolana-schafe.de\/de-pages\/wp-content\/uploads\/Croix_15_St._Croix_Bock.jpg\" class=\"rollover rollover-zoom dt-pswp-item layzr-bg\" title=\"Croix_15_St._Croix_Bock\" data-dt-img-description=\"\"  data-large_image_width=\"200\" data-large_image_height = \"176\" ><img decoding=\"async\" class=\"preload-me iso-lazy-load aspect\" src=\"data:image\/svg+xml,%3Csvg%20xmlns%3D&#39;http%3A%2F%2Fwww.w3.org%2F2000%2Fsvg&#39;%20viewBox%3D&#39;0%200%20200%20176&#39;%2F%3E\" data-src=\"https:\/\/www.nolana-schafe.de\/de-pages\/wp-content\/uploads\/Croix_15_St._Croix_Bock.jpg\" data-srcset=\"https:\/\/www.nolana-schafe.de\/de-pages\/wp-content\/uploads\/Croix_15_St._Croix_Bock.jpg 200w\" loading=\"eager\" style=\"--ratio: 200 \/ 176\" sizes=\"(max-width: 200px) 100vw, 200px\" alt=\"\" width=\"200\" height=\"176\"  \/><\/a>\t<\/figure>\n<\/article>\n\n<\/div><div class=\"wf-cell iso-item\" data-post-id=\"893\" data-date=\"2015-07-05T11:58:51+00:00\" data-name=\"Croix_02_Premium_St._2A448D\">\n<article class=\"post post-893 attachment type-attachment status-inherit hentry no-img description-off\">\n\n\t<figure class=\"rollover-project links-hovers-disabled\">\n\t<a href=\"https:\/\/www.nolana-schafe.de\/de-pages\/wp-content\/uploads\/Croix_02_Premium_St._2A448D.jpg\" class=\"rollover rollover-zoom dt-pswp-item layzr-bg\" title=\"Croix_02_Premium_St._2A448D\" data-dt-img-description=\"\"  data-large_image_width=\"195\" data-large_image_height = \"145\" ><img decoding=\"async\" class=\"preload-me iso-lazy-load aspect\" src=\"data:image\/svg+xml,%3Csvg%20xmlns%3D&#39;http%3A%2F%2Fwww.w3.org%2F2000%2Fsvg&#39;%20viewBox%3D&#39;0%200%20195%20145&#39;%2F%3E\" data-src=\"https:\/\/www.nolana-schafe.de\/de-pages\/wp-content\/uploads\/Croix_02_Premium_St._2A448D.jpg\" data-srcset=\"https:\/\/www.nolana-schafe.de\/de-pages\/wp-content\/uploads\/Croix_02_Premium_St._2A448D.jpg 195w\" loading=\"eager\" style=\"--ratio: 195 \/ 145\" sizes=\"(max-width: 195px) 100vw, 195px\" alt=\"\" width=\"195\" height=\"145\"  \/><\/a>\t<\/figure>\n<\/article>\n\n<\/div><div class=\"wf-cell iso-item\" data-post-id=\"895\" data-date=\"2015-07-05T11:58:52+00:00\" data-name=\"Croix_04_St._Croix_Bock\">\n<article class=\"post post-895 attachment type-attachment status-inherit hentry no-img description-off\">\n\n\t<figure class=\"rollover-project links-hovers-disabled\">\n\t<a href=\"https:\/\/www.nolana-schafe.de\/de-pages\/wp-content\/uploads\/Croix_04_St._Croix_Bock.jpg\" class=\"rollover rollover-zoom dt-pswp-item layzr-bg\" title=\"Croix_04_St._Croix_Bock\" data-dt-img-description=\"\"  data-large_image_width=\"110\" data-large_image_height = \"105\" ><img decoding=\"async\" class=\"preload-me iso-lazy-load aspect\" src=\"data:image\/svg+xml,%3Csvg%20xmlns%3D&#39;http%3A%2F%2Fwww.w3.org%2F2000%2Fsvg&#39;%20viewBox%3D&#39;0%200%20110%20105&#39;%2F%3E\" data-src=\"https:\/\/www.nolana-schafe.de\/de-pages\/wp-content\/uploads\/Croix_04_St._Croix_Bock.jpg\" data-srcset=\"https:\/\/www.nolana-schafe.de\/de-pages\/wp-content\/uploads\/Croix_04_St._Croix_Bock.jpg 110w\" loading=\"eager\" style=\"--ratio: 110 \/ 105\" sizes=\"(max-width: 110px) 100vw, 110px\" alt=\"\" width=\"110\" height=\"105\"  \/><\/a>\t<\/figure>\n<\/article>\n\n<\/div><div class=\"wf-cell iso-item\" data-post-id=\"896\" data-date=\"2015-07-05T11:58:53+00:00\" data-name=\"Croix_05_St._Croix_Bock\">\n<article class=\"post post-896 attachment type-attachment status-inherit hentry no-img description-off\">\n\n\t<figure class=\"rollover-project links-hovers-disabled\">\n\t<a href=\"https:\/\/www.nolana-schafe.de\/de-pages\/wp-content\/uploads\/Croix_05_St._Croix_Bock.jpg\" class=\"rollover rollover-zoom dt-pswp-item layzr-bg\" title=\"Croix_05_St._Croix_Bock\" data-dt-img-description=\"\"  data-large_image_width=\"99\" data-large_image_height = \"90\" ><img decoding=\"async\" class=\"preload-me iso-lazy-load aspect\" src=\"data:image\/svg+xml,%3Csvg%20xmlns%3D&#39;http%3A%2F%2Fwww.w3.org%2F2000%2Fsvg&#39;%20viewBox%3D&#39;0%200%2099%2090&#39;%2F%3E\" data-src=\"https:\/\/www.nolana-schafe.de\/de-pages\/wp-content\/uploads\/Croix_05_St._Croix_Bock.jpg\" data-srcset=\"https:\/\/www.nolana-schafe.de\/de-pages\/wp-content\/uploads\/Croix_05_St._Croix_Bock.jpg 99w\" loading=\"eager\" style=\"--ratio: 99 \/ 90\" sizes=\"(max-width: 99px) 100vw, 99px\" alt=\"\" width=\"99\" height=\"90\"  \/><\/a>\t<\/figure>\n<\/article>\n\n<\/div><div class=\"wf-cell iso-item\" data-post-id=\"897\" data-date=\"2015-07-05T11:58:53+00:00\" data-name=\"Croix_06_St._Croix_Lamm\">\n<article class=\"post post-897 attachment type-attachment status-inherit hentry no-img description-off\">\n\n\t<figure class=\"rollover-project links-hovers-disabled\">\n\t<a href=\"https:\/\/www.nolana-schafe.de\/de-pages\/wp-content\/uploads\/Croix_06_St._Croix_Lamm.jpg\" class=\"rollover rollover-zoom dt-pswp-item layzr-bg\" title=\"Croix_06_St._Croix_Lamm\" data-dt-img-description=\"\"  data-large_image_width=\"113\" data-large_image_height = \"142\" ><img decoding=\"async\" class=\"preload-me iso-lazy-load aspect\" src=\"data:image\/svg+xml,%3Csvg%20xmlns%3D&#39;http%3A%2F%2Fwww.w3.org%2F2000%2Fsvg&#39;%20viewBox%3D&#39;0%200%20113%20142&#39;%2F%3E\" data-src=\"https:\/\/www.nolana-schafe.de\/de-pages\/wp-content\/uploads\/Croix_06_St._Croix_Lamm.jpg\" data-srcset=\"https:\/\/www.nolana-schafe.de\/de-pages\/wp-content\/uploads\/Croix_06_St._Croix_Lamm.jpg 113w\" loading=\"eager\" style=\"--ratio: 113 \/ 142\" sizes=\"(max-width: 113px) 100vw, 113px\" alt=\"\" width=\"113\" height=\"142\"  \/><\/a>\t<\/figure>\n<\/article>\n\n<\/div><div class=\"wf-cell iso-item\" data-post-id=\"898\" data-date=\"2015-07-05T11:58:54+00:00\" data-name=\"Croix_07_St._Croix_A_2A4492\">\n<article class=\"post post-898 attachment type-attachment status-inherit hentry no-img description-off\">\n\n\t<figure class=\"rollover-project links-hovers-disabled\">\n\t<a href=\"https:\/\/www.nolana-schafe.de\/de-pages\/wp-content\/uploads\/Croix_07_St._Croix_A_2A4492.jpg\" class=\"rollover rollover-zoom dt-pswp-item layzr-bg\" title=\"Croix_07_St._Croix_A_2A4492\" data-dt-img-description=\"\"  data-large_image_width=\"99\" data-large_image_height = \"64\" ><img decoding=\"async\" class=\"preload-me iso-lazy-load aspect\" src=\"data:image\/svg+xml,%3Csvg%20xmlns%3D&#39;http%3A%2F%2Fwww.w3.org%2F2000%2Fsvg&#39;%20viewBox%3D&#39;0%200%2099%2064&#39;%2F%3E\" data-src=\"https:\/\/www.nolana-schafe.de\/de-pages\/wp-content\/uploads\/Croix_07_St._Croix_A_2A4492.jpg\" data-srcset=\"https:\/\/www.nolana-schafe.de\/de-pages\/wp-content\/uploads\/Croix_07_St._Croix_A_2A4492.jpg 99w\" loading=\"eager\" style=\"--ratio: 99 \/ 64\" sizes=\"(max-width: 99px) 100vw, 99px\" alt=\"\" width=\"99\" height=\"64\"  \/><\/a>\t<\/figure>\n<\/article>\n\n<\/div><\/div>[\/vc_column][\/vc_row]<\/p>\n<\/div>","protected":false},"excerpt":{"rendered":"<p>[vc_row][vc_column][vc_column_text] St. Croix &#8211; Die weissen Schafe der Jungferninseln St. Croix, ehemals Santa Cruz, die gr\u00f6\u00dfte Insel der karibischen Jungferninseln (Islas Virgines, Virgin Islands) hat dieser Haarschafrasse ihren Namen gegeben. Ebenso wie alle anderen Haarschafrassen und -schl\u00e4ge, die seit der Kolonialzeit in der Karibik und anderen Regionen S\u00fcdamerikas zu finden sind, stammen auch die wei\u00dfen&hellip;<\/p>\n","protected":false},"author":1,"featured_media":0,"parent":19,"menu_order":0,"comment_status":"closed","ping_status":"closed","template":"","meta":{"footnotes":""},"class_list":["post-637","page","type-page","status-publish","hentry","description-off"],"_links":{"self":[{"href":"https:\/\/www.nolana-schafe.de\/de-pages\/wp-json\/wp\/v2\/pages\/637","targetHints":{"allow":["GET"]}}],"collection":[{"href":"https:\/\/www.nolana-schafe.de\/de-pages\/wp-json\/wp\/v2\/pages"}],"about":[{"href":"https:\/\/www.nolana-schafe.de\/de-pages\/wp-json\/wp\/v2\/types\/page"}],"author":[{"embeddable":true,"href":"https:\/\/www.nolana-schafe.de\/de-pages\/wp-json\/wp\/v2\/users\/1"}],"replies":[{"embeddable":true,"href":"https:\/\/www.nolana-schafe.de\/de-pages\/wp-json\/wp\/v2\/comments?post=637"}],"version-history":[{"count":5,"href":"https:\/\/www.nolana-schafe.de\/de-pages\/wp-json\/wp\/v2\/pages\/637\/revisions"}],"predecessor-version":[{"id":989,"href":"https:\/\/www.nolana-schafe.de\/de-pages\/wp-json\/wp\/v2\/pages\/637\/revisions\/989"}],"up":[{"embeddable":true,"href":"https:\/\/www.nolana-schafe.de\/de-pages\/wp-json\/wp\/v2\/pages\/19"}],"wp:attachment":[{"href":"https:\/\/www.nolana-schafe.de\/de-pages\/wp-json\/wp\/v2\/media?parent=637"}],"curies":[{"name":"wp","href":"https:\/\/api.w.org\/{rel}","templated":true}]}}