{"id":640,"date":"2015-07-05T09:34:48","date_gmt":"2015-07-05T09:34:48","guid":{"rendered":"http:\/\/www.nolana-schafe.de\/de-pages\/?page_id=640"},"modified":"2015-07-06T16:24:23","modified_gmt":"2015-07-06T16:24:23","slug":"pelibuey-schafe","status":"publish","type":"page","link":"https:\/\/www.nolana-schafe.de\/de-pages\/weitere-rassen\/pelibuey-schafe\/","title":{"rendered":"Pelibuey-Schafe"},"content":{"rendered":"<div class=\"wpb-content-wrapper\"><p>[vc_row][vc_column][vc_column_text]<\/p>\n<h2>Pelibuey-Schafe<\/h2>\n<p><strong>Pelibuey-Schafe in Mittelamerika und in der Karibik<\/strong><\/p>\n<p>Synonym in Mexico: Tabasco<\/p>\n<p style=\"text-align: justify;\"><a class=\"dt-single-image\" href=\"http:\/\/www.nolana-schafe.de\/de-pages\/wp-content\/uploads\/Extraorbitante_morueco_Pelibuey_Mexico.jpg\" data-dt-img-description=\"\"><img loading=\"lazy\" decoding=\"async\" class=\"alignleft size-thumbnail wp-image-850\" src=\"http:\/\/www.nolana-schafe.de\/de-pages\/wp-content\/uploads\/Extraorbitante_morueco_Pelibuey_Mexico-150x150.jpg\" alt=\"Extraorbitante_morueco_Pelibuey,_Mexico\" width=\"150\" height=\"150\" \/><\/a>Die Urspr\u00fcnge der Rasse Pelibuey sind nicht zweifelsfrei gekl\u00e4rt. Namhafte spanische Wissenschaftler (z.B. J.V. Delgado, Universidad de Cordoba) behaupten, dass diese Haarschafrasse eine autochtone Rasse der Kanarischen Inseln sei. Es seien urspr\u00fcnglich Schafe im Typ der Sahelschafe gewesen, die von den Guanchen, den Ureinwohnern der Kanarischen Inseln, aus Westafrika dorthin gebracht worden seien. Dabei berufen sie sich auf Aufzeichnungen der Konquistadoren aus der Zeit der Eroberung (1400-1500) der Kanarischen Inseln. Nach der Entdeckung Amerikas seien diese Schafe dann mit den Haustiertransporten von den Kanaren in die Karibik und weiter nach Mittelamerika gelangt.<\/p>\n<p style=\"text-align: justify;\">Andere Quellen behaupten, dass die Pelibueyschafe ebenso wie die anderen Haarschafrassen und \u2013schl\u00e4ge der Neuen Welt ihren Ursprung in Westafrika h\u00e4tten. Sie seien als Lebendproviant mit den Sklavenschiffen erstmalig in die Neue Welt gekommen.<\/p>\n<p style=\"text-align: justify;\">Der Name dieser Rasse allerdings kann eindeutig gekl\u00e4rt werden. Die Bezeichnung Pelibuey (spanisch: \u201epiel de buey\u201c oder portugiesisch: \u201epele de boi\u201c) bedeutet \u201eRinderfell\u201c oder besser \u201eFell wie ein Rind\u201c im Gegensatz zu den Wollschafen. Da der Name Pelibuey \u00e4hnlich klingt wie das brasilianisch ausgesprochene \u201epele de boi\u201c, k\u00f6nnten auch brasilianische Haarschafe, deren Urspr\u00fcnge ebenfalls in Westafrika liegen, auf dem Seeweg aus Brasilien in die Karibik gelangt sein. Oder portugiesische Sklavenh\u00e4ndler k\u00f6nnten diesen Schaftyp aus Westafrika in die Karibik und nach Brasilien gebracht und ihm so zu seinem Namen verholfen haben.<\/p>\n<p style=\"text-align: justify;\">Wichtige Urspr\u00fcnge des modernen Pelibuey-Zuchttyps liegen in der Region von Tabasco, Mexico, und in Cuba. Die in Kolumbien und Venezuela vorkommenden Schafe dieses Typs werden dort \u201eAfricano Rojo\u201c (= Rote Afrikaner) genannt (die letzten vier Fotos in der Fotogallerie). In j\u00fcngerer Zeit wurde die Rasse enorm verbessert. Vor allem in Mexico hat man durch die Einkreuzung von Katahdin- und Dorperb\u00f6cken sehr hohe Leistungssteigerungen erreicht. Vor allem die besten weissen Pelibuey-B\u00f6cke dr\u00e4ngen die Vermutung nahezu auf, dass sie weisse Dorper unter ihrer Ahnenreihe haben. Seither gewinnt die Rasse st\u00e4ndig an Bedeutung und Bekanntheit und breitet sich kontinuierlich aus. Inzwischen findet sie sich auch in den USA. Ebenso hat es Importe aus Cuba und Venezuela nach Teneriffa gegeben. Dort allerdings werden Pelibuey-Schafe offiziell als autochtone Rasse gef\u00fchrt.<\/p>\n<p style=\"text-align: justify;\"><strong>Morphologische Beschreibung<\/strong><\/p>\n<p style=\"text-align: justify;\">Pelibuey-Schafe sind mittelgro\u00dfe ungeh\u00f6rnte, echte Haarschafe mit kurzen, seitlich abstehenden Ohren. Die h\u00e4ufigste und anscheinend urspr\u00fcngliche Farbe ist rot mit hellem bis wei\u00dfem Kopf. Aufgrund der Verbesserungen durch Einkreuzungen sind heute auch weisse und gescheckte Exemplare h\u00e4ufig. Fellfarben im Barbados Blackbelly-Typ sind selten. Reinrassige, adulte B\u00f6cke weisen eine glatte Kehlregion auf. Nur selten tragen sie eine leichte Kehlm\u00e4hne und nur in Ausnahmef\u00e4llen ist diese M\u00e4hne so ausgepr\u00e4gt wie bei den Barbados Blackbelly-B\u00f6cken. In Einzelf\u00e4llen k\u00f6nnte die Kehlm\u00e4hne auf die Einkreuzung anderer Rassen hinweisen. Die Rasse weist eine leichte Ramsnase auf, die bei Altb\u00f6cken von tiefen Falten durchzogen sein kann. Bei den rostroten Pelibuey sind die Schleimh\u00e4ute der K\u00f6rper\u00f6ffnung dunkel bis schwarz pigmentiert. Weisse Pelibuey weisen h\u00e4ufig keinerlei Pigmentierung auf.<\/p>\n<p><strong>Masse und Gewichte<\/strong><\/p>\n<div align=\"justify\"><\/div>\n<table border=\"1\" width=\"50%\" cellspacing=\"0\" cellpadding=\"0\">\n<tbody>\n<tr>\n<td valign=\"top\" width=\"192\">\n<div>Adulte B\u00f6cke<\/div>\n<\/td>\n<td valign=\"top\" width=\"120\">\n<div align=\"right\">80 \u2013 100 kg<\/div>\n<\/td>\n<\/tr>\n<tr>\n<td valign=\"top\" width=\"192\">\n<div>Adulte Auschafe<\/div>\n<\/td>\n<td valign=\"top\" width=\"120\">\n<div align=\"right\">45 \u2013 60 kg<\/div>\n<\/td>\n<\/tr>\n<tr>\n<td valign=\"top\" width=\"192\">\n<div>Lammb\u00f6cke, 5 Monate<\/div>\n<\/td>\n<td valign=\"top\" width=\"120\">\n<div align=\"right\">35 \u2013 40 kg<\/div>\n<\/td>\n<\/tr>\n<tr>\n<td valign=\"top\" width=\"192\">\n<div>Aul\u00e4mmer, 8 Monate<\/div>\n<\/td>\n<td valign=\"top\" width=\"120\">\n<div align=\"right\">35 \u2013 40 kg<\/div>\n<\/td>\n<\/tr>\n<\/tbody>\n<\/table>\n<p>&nbsp;<\/p>\n<p style=\"text-align: justify;\">In der Landeszucht erreichen die Pelibuey-Schafe eine Widerristh\u00f6he zwischen 60 und 70 cm, der Brustumfang bel\u00e4uft sich auf 74-86 cm und die Rumpfl\u00e4nge betr\u00e4gt 59 \u2013 68 cm. Die Konformation der Pelibuey und Africano Rojo ist bei etwa gleichem Rahmen und gro\u00dfer ph\u00e4notypischer \u00c4hnlichkeit auffallend besser als die der Barbados Blackbelly- und der Morada Nova-Schafe.<\/p>\n<p style=\"text-align: justify;\"><strong>Fruchtbarkeit<\/strong><\/p>\n<p style=\"text-align: justify;\">Die Fruchtbarkeit in der Landeszucht ist etwas niedriger als bei anderen Haarschafrassen gleichen Ursprungs und \u00e4hnlichen Typs. In den besten Herden sind Zwillingsgeburten die Regel. Im Durchschnitt der Landeszucht allerdings werden nur 1-2 L\u00e4mmer\/Ablammung geboren. Die Rasse ist asaisonal. Die Monate mit geringerer Sexualaktivit\u00e4t sind n\u00f6rdlich des \u00c4quators der April und der Mai. Ablammungen alle sieben Monate sind m\u00f6glich. Bockl\u00e4mmer erreichen die Pubert\u00e4t mit etwa 150 Tagen, wenn sie ein Lebendgewicht von 30-35 kg erreicht haben. Jungschafe lammen zum ersten Male im Alter von 15-19 Monaten.<\/p>\n<p style=\"text-align: justify;\">Wie andere Haarschafe gleichen geographischen Ursprungs, weisen auch die Pelibuey eine hohe Toleranz wenn nicht Resistenz gegen gastro-intestinale Parasiten auf.<\/p>\n<p style=\"text-align: justify;\">Die Rasse hat sich in j\u00fcngerer Zeit in Mexico stark ausgebreitet. In Nordmexico und in den Hochgebirgen zeigte sich, dass diese Haarschafe ein Winterfell ausbilden und im Fr\u00fchjahr einen nat\u00fcrlichen Fellwechsel aufweisen.<\/p>\n<p>[\/vc_column_text]<div class=\"ult-spacer spacer-69f45f376b048\" data-id=\"69f45f376b048\" data-height=\"15\" data-height-mobile=\"15\" data-height-tab=\"15\" data-height-tab-portrait=\"\" data-height-mobile-landscape=\"\" style=\"clear:both;display:block;\"><\/div>[\/vc_column][\/vc_row][vc_row][vc_column width=&#8220;1\/1&#8243;]<div class=\"wf-container dt-gallery-container dt-photos-shortcode loading-effect-flip iso-container\" data-padding=\"20px\" data-cur-page=\"1\" data-width=\"150px\" data-columns=\"3\"><div class=\"wf-cell iso-item\" data-post-id=\"849\" data-date=\"2015-07-05T11:51:31+00:00\" data-name=\"Corderos_Pelibuey,_Mexico\">\n<article class=\"post post-849 attachment type-attachment status-inherit hentry no-img description-off\">\n\n\t<figure class=\"rollover-project links-hovers-disabled\">\n\t<a href=\"https:\/\/www.nolana-schafe.de\/de-pages\/wp-content\/uploads\/Corderos_Pelibuey_Mexico.jpg\" class=\"rollover rollover-zoom dt-pswp-item layzr-bg\" title=\"Corderos_Pelibuey,_Mexico\" data-dt-img-description=\"\"  data-large_image_width=\"800\" data-large_image_height = \"533\" ><img decoding=\"async\" class=\"preload-me iso-lazy-load aspect\" src=\"data:image\/svg+xml,%3Csvg%20xmlns%3D&#39;http%3A%2F%2Fwww.w3.org%2F2000%2Fsvg&#39;%20viewBox%3D&#39;0%200%20225%20150&#39;%2F%3E\" data-src=\"https:\/\/www.nolana-schafe.de\/de-pages\/wp-content\/uploads\/Corderos_Pelibuey_Mexico-225x150.jpg\" data-srcset=\"https:\/\/www.nolana-schafe.de\/de-pages\/wp-content\/uploads\/Corderos_Pelibuey_Mexico-225x150.jpg 225w, https:\/\/www.nolana-schafe.de\/de-pages\/wp-content\/uploads\/Corderos_Pelibuey_Mexico-450x300.jpg 450w\" loading=\"eager\" style=\"--ratio: 225 \/ 150\" sizes=\"(max-width: 225px) 100vw, 225px\" alt=\"\" width=\"225\" height=\"150\"  \/><\/a>\t<\/figure>\n<\/article>\n\n<\/div><div class=\"wf-cell iso-item\" data-post-id=\"850\" data-date=\"2015-07-05T11:51:33+00:00\" data-name=\"Extraorbitante_morueco_Pelibuey,_Mexico\">\n<article class=\"post post-850 attachment type-attachment status-inherit hentry no-img description-off\">\n\n\t<figure class=\"rollover-project links-hovers-disabled\">\n\t<a href=\"https:\/\/www.nolana-schafe.de\/de-pages\/wp-content\/uploads\/Extraorbitante_morueco_Pelibuey_Mexico.jpg\" class=\"rollover rollover-zoom dt-pswp-item layzr-bg\" title=\"Extraorbitante_morueco_Pelibuey,_Mexico\" data-dt-img-description=\"\"  data-large_image_width=\"638\" data-large_image_height = \"479\" ><img decoding=\"async\" class=\"preload-me iso-lazy-load aspect\" src=\"data:image\/svg+xml,%3Csvg%20xmlns%3D&#39;http%3A%2F%2Fwww.w3.org%2F2000%2Fsvg&#39;%20viewBox%3D&#39;0%200%20225%20169&#39;%2F%3E\" data-src=\"https:\/\/www.nolana-schafe.de\/de-pages\/wp-content\/uploads\/Extraorbitante_morueco_Pelibuey_Mexico-225x169.jpg\" data-srcset=\"https:\/\/www.nolana-schafe.de\/de-pages\/wp-content\/uploads\/Extraorbitante_morueco_Pelibuey_Mexico-225x169.jpg 225w, https:\/\/www.nolana-schafe.de\/de-pages\/wp-content\/uploads\/Extraorbitante_morueco_Pelibuey_Mexico-450x338.jpg 450w\" loading=\"eager\" style=\"--ratio: 225 \/ 169\" sizes=\"(max-width: 225px) 100vw, 225px\" alt=\"\" width=\"225\" height=\"169\"  \/><\/a>\t<\/figure>\n<\/article>\n\n<\/div><div class=\"wf-cell iso-item\" data-post-id=\"851\" data-date=\"2015-07-05T11:51:34+00:00\" data-name=\"Gruppe_Africano_rojo_Kolumbien\">\n<article class=\"post post-851 attachment type-attachment status-inherit hentry no-img description-off\">\n\n\t<figure class=\"rollover-project links-hovers-disabled\">\n\t<a href=\"https:\/\/www.nolana-schafe.de\/de-pages\/wp-content\/uploads\/Gruppe_Africano_rojo_Kolumbien.jpg\" class=\"rollover rollover-zoom dt-pswp-item layzr-bg\" title=\"Gruppe_Africano_rojo_Kolumbien\" data-dt-img-description=\"\"  data-large_image_width=\"1280\" data-large_image_height = \"960\" ><img decoding=\"async\" class=\"preload-me iso-lazy-load aspect\" src=\"data:image\/svg+xml,%3Csvg%20xmlns%3D&#39;http%3A%2F%2Fwww.w3.org%2F2000%2Fsvg&#39;%20viewBox%3D&#39;0%200%20225%20169&#39;%2F%3E\" data-src=\"https:\/\/www.nolana-schafe.de\/de-pages\/wp-content\/uploads\/Gruppe_Africano_rojo_Kolumbien-225x169.jpg\" data-srcset=\"https:\/\/www.nolana-schafe.de\/de-pages\/wp-content\/uploads\/Gruppe_Africano_rojo_Kolumbien-225x169.jpg 225w, https:\/\/www.nolana-schafe.de\/de-pages\/wp-content\/uploads\/Gruppe_Africano_rojo_Kolumbien-450x338.jpg 450w\" loading=\"eager\" style=\"--ratio: 225 \/ 169\" sizes=\"(max-width: 225px) 100vw, 225px\" alt=\"\" width=\"225\" height=\"169\"  \/><\/a>\t<\/figure>\n<\/article>\n\n<\/div><div class=\"wf-cell iso-item\" data-post-id=\"852\" data-date=\"2015-07-05T11:51:35+00:00\" data-name=\"Manada_ovejas_Pelibuey,_Mexico\">\n<article class=\"post post-852 attachment type-attachment status-inherit hentry no-img description-off\">\n\n\t<figure class=\"rollover-project links-hovers-disabled\">\n\t<a href=\"https:\/\/www.nolana-schafe.de\/de-pages\/wp-content\/uploads\/Manada_ovejas_Pelibuey_Mexico.jpg\" class=\"rollover rollover-zoom dt-pswp-item layzr-bg\" title=\"Manada_ovejas_Pelibuey,_Mexico\" data-dt-img-description=\"\"  data-large_image_width=\"800\" data-large_image_height = \"533\" ><img decoding=\"async\" class=\"preload-me iso-lazy-load aspect\" src=\"data:image\/svg+xml,%3Csvg%20xmlns%3D&#39;http%3A%2F%2Fwww.w3.org%2F2000%2Fsvg&#39;%20viewBox%3D&#39;0%200%20225%20150&#39;%2F%3E\" data-src=\"https:\/\/www.nolana-schafe.de\/de-pages\/wp-content\/uploads\/Manada_ovejas_Pelibuey_Mexico-225x150.jpg\" data-srcset=\"https:\/\/www.nolana-schafe.de\/de-pages\/wp-content\/uploads\/Manada_ovejas_Pelibuey_Mexico-225x150.jpg 225w, https:\/\/www.nolana-schafe.de\/de-pages\/wp-content\/uploads\/Manada_ovejas_Pelibuey_Mexico-450x300.jpg 450w\" loading=\"eager\" style=\"--ratio: 225 \/ 150\" sizes=\"(max-width: 225px) 100vw, 225px\" alt=\"\" width=\"225\" height=\"150\"  \/><\/a>\t<\/figure>\n<\/article>\n\n<\/div><div class=\"wf-cell iso-item\" data-post-id=\"853\" data-date=\"2015-07-05T11:51:35+00:00\" data-name=\"Morueco_Pelibuey_blanco,_Mexico\">\n<article class=\"post post-853 attachment type-attachment status-inherit hentry no-img description-off\">\n\n\t<figure class=\"rollover-project links-hovers-disabled\">\n\t<a href=\"https:\/\/www.nolana-schafe.de\/de-pages\/wp-content\/uploads\/Morueco_Pelibuey_blanco_Mexico.jpg\" class=\"rollover rollover-zoom dt-pswp-item layzr-bg\" title=\"Morueco_Pelibuey_blanco,_Mexico\" data-dt-img-description=\"\"  data-large_image_width=\"800\" data-large_image_height = \"533\" ><img decoding=\"async\" class=\"preload-me iso-lazy-load aspect\" src=\"data:image\/svg+xml,%3Csvg%20xmlns%3D&#39;http%3A%2F%2Fwww.w3.org%2F2000%2Fsvg&#39;%20viewBox%3D&#39;0%200%20225%20150&#39;%2F%3E\" data-src=\"https:\/\/www.nolana-schafe.de\/de-pages\/wp-content\/uploads\/Morueco_Pelibuey_blanco_Mexico-225x150.jpg\" data-srcset=\"https:\/\/www.nolana-schafe.de\/de-pages\/wp-content\/uploads\/Morueco_Pelibuey_blanco_Mexico-225x150.jpg 225w, https:\/\/www.nolana-schafe.de\/de-pages\/wp-content\/uploads\/Morueco_Pelibuey_blanco_Mexico-450x300.jpg 450w\" loading=\"eager\" style=\"--ratio: 225 \/ 150\" sizes=\"(max-width: 225px) 100vw, 225px\" alt=\"\" width=\"225\" height=\"150\"  \/><\/a>\t<\/figure>\n<\/article>\n\n<\/div><div class=\"wf-cell iso-item\" data-post-id=\"854\" data-date=\"2015-07-05T11:51:36+00:00\" data-name=\"ovejas_Pelibuey,_Mexico\">\n<article class=\"post post-854 attachment type-attachment status-inherit hentry no-img description-off\">\n\n\t<figure class=\"rollover-project links-hovers-disabled\">\n\t<a href=\"https:\/\/www.nolana-schafe.de\/de-pages\/wp-content\/uploads\/ovejas_Pelibuey_Mexico.jpg\" class=\"rollover rollover-zoom dt-pswp-item layzr-bg\" title=\"ovejas_Pelibuey,_Mexico\" data-dt-img-description=\"\"  data-large_image_width=\"500\" data-large_image_height = \"318\" ><img decoding=\"async\" class=\"preload-me iso-lazy-load aspect\" src=\"data:image\/svg+xml,%3Csvg%20xmlns%3D&#39;http%3A%2F%2Fwww.w3.org%2F2000%2Fsvg&#39;%20viewBox%3D&#39;0%200%20225%20143&#39;%2F%3E\" data-src=\"https:\/\/www.nolana-schafe.de\/de-pages\/wp-content\/uploads\/ovejas_Pelibuey_Mexico-225x143.jpg\" data-srcset=\"https:\/\/www.nolana-schafe.de\/de-pages\/wp-content\/uploads\/ovejas_Pelibuey_Mexico-225x143.jpg 225w, https:\/\/www.nolana-schafe.de\/de-pages\/wp-content\/uploads\/ovejas_Pelibuey_Mexico-450x286.jpg 450w\" loading=\"eager\" style=\"--ratio: 225 \/ 143\" sizes=\"(max-width: 225px) 100vw, 225px\" alt=\"\" width=\"225\" height=\"143\"  \/><\/a>\t<\/figure>\n<\/article>\n\n<\/div><div class=\"wf-cell iso-item\" data-post-id=\"855\" data-date=\"2015-07-05T11:51:37+00:00\" data-name=\"Pelibuey\">\n<article class=\"post post-855 attachment type-attachment status-inherit hentry no-img description-off\">\n\n\t<figure class=\"rollover-project links-hovers-disabled\">\n\t<a href=\"https:\/\/www.nolana-schafe.de\/de-pages\/wp-content\/uploads\/Pelibuey.jpg\" class=\"rollover rollover-zoom dt-pswp-item layzr-bg\" title=\"Pelibuey\" data-dt-img-description=\"\"  data-large_image_width=\"300\" data-large_image_height = \"210\" ><img decoding=\"async\" class=\"preload-me iso-lazy-load aspect\" src=\"data:image\/svg+xml,%3Csvg%20xmlns%3D&#39;http%3A%2F%2Fwww.w3.org%2F2000%2Fsvg&#39;%20viewBox%3D&#39;0%200%20225%20158&#39;%2F%3E\" data-src=\"https:\/\/www.nolana-schafe.de\/de-pages\/wp-content\/uploads\/Pelibuey-225x158.jpg\" data-srcset=\"https:\/\/www.nolana-schafe.de\/de-pages\/wp-content\/uploads\/Pelibuey-225x158.jpg 225w, https:\/\/www.nolana-schafe.de\/de-pages\/wp-content\/uploads\/Pelibuey.jpg 299w\" loading=\"eager\" style=\"--ratio: 225 \/ 158\" sizes=\"(max-width: 225px) 100vw, 225px\" alt=\"\" width=\"225\" height=\"158\"  \/><\/a>\t<\/figure>\n<\/article>\n\n<\/div><div class=\"wf-cell iso-item\" data-post-id=\"856\" data-date=\"2015-07-05T11:51:37+00:00\" data-name=\"Pelibuey_Aue_mit_Drillingen\">\n<article class=\"post post-856 attachment type-attachment status-inherit hentry no-img description-off\">\n\n\t<figure class=\"rollover-project links-hovers-disabled\">\n\t<a href=\"https:\/\/www.nolana-schafe.de\/de-pages\/wp-content\/uploads\/Pelibuey_Aue_mit_Drillingen.jpg\" class=\"rollover rollover-zoom dt-pswp-item layzr-bg\" title=\"Pelibuey_Aue_mit_Drillingen\" data-dt-img-description=\"\"  data-large_image_width=\"800\" data-large_image_height = \"533\" ><img decoding=\"async\" class=\"preload-me iso-lazy-load aspect\" src=\"data:image\/svg+xml,%3Csvg%20xmlns%3D&#39;http%3A%2F%2Fwww.w3.org%2F2000%2Fsvg&#39;%20viewBox%3D&#39;0%200%20225%20150&#39;%2F%3E\" data-src=\"https:\/\/www.nolana-schafe.de\/de-pages\/wp-content\/uploads\/Pelibuey_Aue_mit_Drillingen-225x150.jpg\" data-srcset=\"https:\/\/www.nolana-schafe.de\/de-pages\/wp-content\/uploads\/Pelibuey_Aue_mit_Drillingen-225x150.jpg 225w, https:\/\/www.nolana-schafe.de\/de-pages\/wp-content\/uploads\/Pelibuey_Aue_mit_Drillingen-450x300.jpg 450w\" loading=\"eager\" style=\"--ratio: 225 \/ 150\" sizes=\"(max-width: 225px) 100vw, 225px\" alt=\"\" width=\"225\" height=\"150\"  \/><\/a>\t<\/figure>\n<\/article>\n\n<\/div><div class=\"wf-cell iso-item\" data-post-id=\"858\" data-date=\"2015-07-05T11:51:39+00:00\" data-name=\"Roter_Pelibuey_Bock\">\n<article class=\"post post-858 attachment type-attachment status-inherit hentry no-img description-off\">\n\n\t<figure class=\"rollover-project links-hovers-disabled\">\n\t<a href=\"https:\/\/www.nolana-schafe.de\/de-pages\/wp-content\/uploads\/Roter_Pelibuey_Bock.jpg\" class=\"rollover rollover-zoom dt-pswp-item layzr-bg\" title=\"Roter_Pelibuey_Bock\" data-dt-img-description=\"\"  data-large_image_width=\"285\" data-large_image_height = \"185\" ><img decoding=\"async\" class=\"preload-me iso-lazy-load aspect\" src=\"data:image\/svg+xml,%3Csvg%20xmlns%3D&#39;http%3A%2F%2Fwww.w3.org%2F2000%2Fsvg&#39;%20viewBox%3D&#39;0%200%20225%20146&#39;%2F%3E\" data-src=\"https:\/\/www.nolana-schafe.de\/de-pages\/wp-content\/uploads\/Roter_Pelibuey_Bock-225x146.jpg\" data-srcset=\"https:\/\/www.nolana-schafe.de\/de-pages\/wp-content\/uploads\/Roter_Pelibuey_Bock-225x146.jpg 225w, https:\/\/www.nolana-schafe.de\/de-pages\/wp-content\/uploads\/Roter_Pelibuey_Bock.jpg 285w\" loading=\"eager\" style=\"--ratio: 225 \/ 146\" sizes=\"(max-width: 225px) 100vw, 225px\" alt=\"\" width=\"225\" height=\"146\"  \/><\/a>\t<\/figure>\n<\/article>\n\n<\/div><div class=\"wf-cell iso-item\" data-post-id=\"859\" data-date=\"2015-07-05T11:51:39+00:00\" data-name=\"Weisser_Pelibuey_Bock,_Mexico\">\n<article class=\"post post-859 attachment type-attachment status-inherit hentry no-img description-off\">\n\n\t<figure class=\"rollover-project links-hovers-disabled\">\n\t<a href=\"https:\/\/www.nolana-schafe.de\/de-pages\/wp-content\/uploads\/Weisser_Pelibuey_Bock_Mexico.jpg\" class=\"rollover rollover-zoom dt-pswp-item layzr-bg\" title=\"Weisser_Pelibuey_Bock,_Mexico\" data-dt-img-description=\"\"  data-large_image_width=\"800\" data-large_image_height = \"533\" ><img decoding=\"async\" class=\"preload-me iso-lazy-load aspect\" src=\"data:image\/svg+xml,%3Csvg%20xmlns%3D&#39;http%3A%2F%2Fwww.w3.org%2F2000%2Fsvg&#39;%20viewBox%3D&#39;0%200%20225%20150&#39;%2F%3E\" data-src=\"https:\/\/www.nolana-schafe.de\/de-pages\/wp-content\/uploads\/Weisser_Pelibuey_Bock_Mexico-225x150.jpg\" data-srcset=\"https:\/\/www.nolana-schafe.de\/de-pages\/wp-content\/uploads\/Weisser_Pelibuey_Bock_Mexico-225x150.jpg 225w, https:\/\/www.nolana-schafe.de\/de-pages\/wp-content\/uploads\/Weisser_Pelibuey_Bock_Mexico-450x300.jpg 450w\" loading=\"eager\" style=\"--ratio: 225 \/ 150\" sizes=\"(max-width: 225px) 100vw, 225px\" alt=\"\" width=\"225\" height=\"150\"  \/><\/a>\t<\/figure>\n<\/article>\n\n<\/div><div class=\"wf-cell iso-item\" data-post-id=\"860\" data-date=\"2015-07-05T11:51:40+00:00\" data-name=\"Africano_Rojo_Bock_Ausstellung\">\n<article class=\"post post-860 attachment type-attachment status-inherit hentry no-img description-off\">\n\n\t<figure class=\"rollover-project links-hovers-disabled\">\n\t<a href=\"https:\/\/www.nolana-schafe.de\/de-pages\/wp-content\/uploads\/Africano_Rojo_Bock_Ausstellung.jpg\" class=\"rollover rollover-zoom dt-pswp-item layzr-bg\" title=\"Africano_Rojo_Bock_Ausstellung\" data-dt-img-description=\"\"  data-large_image_width=\"512\" data-large_image_height = \"384\" ><img decoding=\"async\" class=\"preload-me iso-lazy-load aspect\" src=\"data:image\/svg+xml,%3Csvg%20xmlns%3D&#39;http%3A%2F%2Fwww.w3.org%2F2000%2Fsvg&#39;%20viewBox%3D&#39;0%200%20225%20169&#39;%2F%3E\" data-src=\"https:\/\/www.nolana-schafe.de\/de-pages\/wp-content\/uploads\/Africano_Rojo_Bock_Ausstellung-225x169.jpg\" data-srcset=\"https:\/\/www.nolana-schafe.de\/de-pages\/wp-content\/uploads\/Africano_Rojo_Bock_Ausstellung-225x169.jpg 225w, https:\/\/www.nolana-schafe.de\/de-pages\/wp-content\/uploads\/Africano_Rojo_Bock_Ausstellung-450x338.jpg 450w\" loading=\"eager\" style=\"--ratio: 225 \/ 169\" sizes=\"(max-width: 225px) 100vw, 225px\" alt=\"\" width=\"225\" height=\"169\"  \/><\/a>\t<\/figure>\n<\/article>\n\n<\/div><div class=\"wf-cell iso-item\" data-post-id=\"861\" data-date=\"2015-07-05T11:51:41+00:00\" data-name=\"Africano_Rojo_Nicaragua\">\n<article class=\"post post-861 attachment type-attachment status-inherit hentry no-img description-off\">\n\n\t<figure class=\"rollover-project links-hovers-disabled\">\n\t<a href=\"https:\/\/www.nolana-schafe.de\/de-pages\/wp-content\/uploads\/Africano_Rojo_Nicaragua.jpg\" class=\"rollover rollover-zoom dt-pswp-item layzr-bg\" title=\"Africano_Rojo_Nicaragua\" data-dt-img-description=\"\"  data-large_image_width=\"460\" data-large_image_height = \"345\" ><img decoding=\"async\" class=\"preload-me iso-lazy-load aspect\" src=\"data:image\/svg+xml,%3Csvg%20xmlns%3D&#39;http%3A%2F%2Fwww.w3.org%2F2000%2Fsvg&#39;%20viewBox%3D&#39;0%200%20225%20169&#39;%2F%3E\" data-src=\"https:\/\/www.nolana-schafe.de\/de-pages\/wp-content\/uploads\/Africano_Rojo_Nicaragua-225x169.jpg\" data-srcset=\"https:\/\/www.nolana-schafe.de\/de-pages\/wp-content\/uploads\/Africano_Rojo_Nicaragua-225x169.jpg 225w, https:\/\/www.nolana-schafe.de\/de-pages\/wp-content\/uploads\/Africano_Rojo_Nicaragua-450x338.jpg 450w\" loading=\"eager\" style=\"--ratio: 225 \/ 169\" sizes=\"(max-width: 225px) 100vw, 225px\" alt=\"\" width=\"225\" height=\"169\"  \/><\/a>\t<\/figure>\n<\/article>\n\n<\/div><\/div>[\/vc_column][\/vc_row]<\/p>\n<\/div>","protected":false},"excerpt":{"rendered":"<p>[vc_row][vc_column][vc_column_text] Pelibuey-Schafe Pelibuey-Schafe in Mittelamerika und in der Karibik Synonym in Mexico: Tabasco Die Urspr\u00fcnge der Rasse Pelibuey sind nicht zweifelsfrei gekl\u00e4rt. Namhafte spanische Wissenschaftler (z.B. J.V. Delgado, Universidad de Cordoba) behaupten, dass diese Haarschafrasse eine autochtone Rasse der Kanarischen Inseln sei. Es seien urspr\u00fcnglich Schafe im Typ der Sahelschafe gewesen, die von den Guanchen,&hellip;<\/p>\n","protected":false},"author":1,"featured_media":0,"parent":19,"menu_order":0,"comment_status":"closed","ping_status":"closed","template":"","meta":{"footnotes":""},"class_list":["post-640","page","type-page","status-publish","hentry","description-off"],"_links":{"self":[{"href":"https:\/\/www.nolana-schafe.de\/de-pages\/wp-json\/wp\/v2\/pages\/640","targetHints":{"allow":["GET"]}}],"collection":[{"href":"https:\/\/www.nolana-schafe.de\/de-pages\/wp-json\/wp\/v2\/pages"}],"about":[{"href":"https:\/\/www.nolana-schafe.de\/de-pages\/wp-json\/wp\/v2\/types\/page"}],"author":[{"embeddable":true,"href":"https:\/\/www.nolana-schafe.de\/de-pages\/wp-json\/wp\/v2\/users\/1"}],"replies":[{"embeddable":true,"href":"https:\/\/www.nolana-schafe.de\/de-pages\/wp-json\/wp\/v2\/comments?post=640"}],"version-history":[{"count":5,"href":"https:\/\/www.nolana-schafe.de\/de-pages\/wp-json\/wp\/v2\/pages\/640\/revisions"}],"predecessor-version":[{"id":996,"href":"https:\/\/www.nolana-schafe.de\/de-pages\/wp-json\/wp\/v2\/pages\/640\/revisions\/996"}],"up":[{"embeddable":true,"href":"https:\/\/www.nolana-schafe.de\/de-pages\/wp-json\/wp\/v2\/pages\/19"}],"wp:attachment":[{"href":"https:\/\/www.nolana-schafe.de\/de-pages\/wp-json\/wp\/v2\/media?parent=640"}],"curies":[{"name":"wp","href":"https:\/\/api.w.org\/{rel}","templated":true}]}}