{"id":643,"date":"2015-07-05T09:37:07","date_gmt":"2015-07-05T09:37:07","guid":{"rendered":"http:\/\/www.nolana-schafe.de\/de-pages\/?page_id=643"},"modified":"2015-07-06T16:36:45","modified_gmt":"2015-07-06T16:36:45","slug":"american-blackbelly-und-barbado","status":"publish","type":"page","link":"https:\/\/www.nolana-schafe.de\/de-pages\/weitere-rassen\/american-blackbelly-und-barbado\/","title":{"rendered":"American Blackbelly und Barbado"},"content":{"rendered":"<div class=\"wpb-content-wrapper\"><p>[vc_row][vc_column][vc_column_text]<\/p>\n<h2>American Blackbelly und Barbado in den USA<\/h2>\n<p>Troph\u00e4enschafe auf Jagd-Ranchbetrieben<\/p>\n<p style=\"text-align: justify;\"><strong>Barbado-Schafe<\/strong><br \/>\n<a class=\"dt-single-image\" href=\"http:\/\/www.nolana-schafe.de\/de-pages\/wp-content\/uploads\/4396542f9c74c5928ee401bb3d09de96.jpg\" data-dt-img-description=\"\"><img loading=\"lazy\" decoding=\"async\" class=\"alignleft size-thumbnail wp-image-1009\" src=\"http:\/\/www.nolana-schafe.de\/de-pages\/wp-content\/uploads\/4396542f9c74c5928ee401bb3d09de96-150x150.jpg\" alt=\"4396542f9c74c5928ee401bb3d09de96\" width=\"150\" height=\"150\" \/><\/a>Im Jahre 1904 importierte das Landwirtschaftsministerium der USA vier Auen und einen Bock der Rasse Barbados Blackbelly und brachte sie in das Gebiet des Edwards Plateau in Texas. Hier wurden sie mit Rambouillet und Europ\u00e4ischem Muflon gekreuzt. Man wollte ein parasitenresistentes, fleischiges Haarschaf heraus z\u00fcchten. Es sollte krankheitsresistent und sehr fruchtbar sein. Dieser Plan scheiterte am geringen Rahmen der Tiere. Allerdings schoben die B\u00f6cke starke Geh\u00f6rne von betr\u00e4chtlicher Gr\u00f6\u00dfe, weshalb sie schnell ihren Markt als Troph\u00e4en-Schafe auf privaten Game-Ranches fanden. Diese aufgekreuzte, geh\u00f6rnte Variante des Barbados Blackbelly-Schafes wurde &#8222;Barbado&#8220; (ohne \u201as\u2019) genannt. Die B\u00f6cke dieser Variante tragen ein schweres Geh\u00f6rn und eine ausgepr\u00e4gte Halsm\u00e4hne, die Tiere sind etwas schwerer als reinrassige Barbados Blackbelly, weisen aber deren typisches Dachsgesicht und die rotbraune Fellf\u00e4rbung allerdings h\u00e4ufig mit wei\u00dfem Bauch und wei\u00dfen Innenseiten der Beine auf. Im strengen tierz\u00fcchterischen Sinne darf man nicht davon ausgehen, dass es sich bei diesen Schafen um eine genetisch konsolidierte Rasse handelt. Es mendeln immer wieder wei\u00dfe, schwarze und gescheckte Exemplare aus. \u00dcber Leistungen und Gewichte des Barbado-Troph\u00e4enschafes sind keine zuverl\u00e4ssigen Angaben zu finden.<\/p>\n<p style=\"text-align: justify;\"><strong>American Blackbelly-Schafe<\/strong><br \/>\nIn den folgenden Jahrzehnten wurden Haarschafe im Barbados Blackbelly-Typ langsam in den gro\u00dfen, sehr extensiv gehaltenen Schafherden in Texas absorbiert. Die reinen Blutlinien verschwanden, da die Rancher keine Register f\u00fchrten. Allerdings traten immer wieder Barbados Blackbelly-Typen in den Herden auf, was schlie\u00dflich dazu f\u00fchrte, dass in neuerer Zeit einige Z\u00fcchter sich daran machten, unter den geh\u00f6rnten Haarschafen (Barbado und andere) ein Haarschaf mit Barbados Blackbelly-Kennzeichen und einem schweren Geh\u00f6rn zu selektieren und z\u00fcchterisch weiter zu entwickeln. Diese Variante wurde \u201eAmerican Blackbelly\u201c genannt und wird in USA als geh\u00f6rnte Variante des Barbados Blackbelly betrachtet. Diese Schafe finden als Troph\u00e4en-Wild in privaten Game-Ranches und in der Hobbyzucht Verwendung.<br \/>\nDie Tiere sind asaisonal und sehr fruchtbar. Ausgewachsene B\u00f6cke wiegen 50-65 kg, ausgewachsene Auen wiegen 30-35 kg. Damit liegen leicht sie unter den Gewichten guter Barbados Blackbelly.<\/p>\n<p>Weitere Informationen finden sich unter folgenden Links:<br \/>\n<a href=\"http:\/\/www.blackbellysheep.org\/\">http:\/\/www.blackbellysheep.org\/<\/a><br \/>\n<a href=\"http:\/\/www.raftersb.com\/OriginsofPD,BH,TDSheep.htm\">http:\/\/www.raftersb.com\/OriginsofPD,BH,TDSheep.htm<\/a><br \/>\n<a href=\"http:\/\/www.elcascabel.com\/CascabelPaintedDesertSheep.html\">http:\/\/www.elcascabel.com\/CascabelPaintedDesertSheep.html<\/a>[\/vc_column_text]<div class=\"ult-spacer spacer-69f2f959b14ec\" data-id=\"69f2f959b14ec\" data-height=\"15\" data-height-mobile=\"15\" data-height-tab=\"15\" data-height-tab-portrait=\"\" data-height-mobile-landscape=\"\" style=\"clear:both;display:block;\"><\/div>[\/vc_column][\/vc_row][vc_row][vc_column width=&#8220;1\/1&#8243;]<div class=\"wf-container dt-gallery-container dt-photos-shortcode loading-effect-flip iso-container\" data-padding=\"20px\" data-cur-page=\"1\" data-width=\"150px\" data-columns=\"3\"><div class=\"wf-cell iso-item\" data-post-id=\"1006\" data-date=\"2015-07-06T16:35:11+00:00\" data-name=\"American Blackbelly Barbado\">\n<article class=\"post post-1006 attachment type-attachment status-inherit hentry no-img description-off\">\n\n\t<figure class=\"rollover-project links-hovers-disabled\">\n\t<a href=\"https:\/\/www.nolana-schafe.de\/de-pages\/wp-content\/uploads\/6c3e1486976fdfcb65254a0de347c23b.jpg\" class=\"rollover rollover-zoom dt-pswp-item layzr-bg\" title=\"American Blackbelly Barbado\" data-dt-img-description=\"\"  data-large_image_width=\"299\" data-large_image_height = \"200\" ><img decoding=\"async\" class=\"preload-me iso-lazy-load aspect\" src=\"data:image\/svg+xml,%3Csvg%20xmlns%3D&#39;http%3A%2F%2Fwww.w3.org%2F2000%2Fsvg&#39;%20viewBox%3D&#39;0%200%20225%20151&#39;%2F%3E\" data-src=\"https:\/\/www.nolana-schafe.de\/de-pages\/wp-content\/uploads\/6c3e1486976fdfcb65254a0de347c23b-225x151.jpg\" data-srcset=\"https:\/\/www.nolana-schafe.de\/de-pages\/wp-content\/uploads\/6c3e1486976fdfcb65254a0de347c23b-225x151.jpg 225w, https:\/\/www.nolana-schafe.de\/de-pages\/wp-content\/uploads\/6c3e1486976fdfcb65254a0de347c23b.jpg 298w\" loading=\"eager\" style=\"--ratio: 225 \/ 151\" sizes=\"(max-width: 225px) 100vw, 225px\" alt=\"\" width=\"225\" height=\"151\"  \/><\/a>\t<\/figure>\n<\/article>\n\n<\/div><div class=\"wf-cell iso-item\" data-post-id=\"1007\" data-date=\"2015-07-06T16:35:11+00:00\" data-name=\"8bdd5c379df8fa09694e782d0834e5f1\">\n<article class=\"post post-1007 attachment type-attachment status-inherit hentry no-img description-off\">\n\n\t<figure class=\"rollover-project links-hovers-disabled\">\n\t<a href=\"https:\/\/www.nolana-schafe.de\/de-pages\/wp-content\/uploads\/8bdd5c379df8fa09694e782d0834e5f1.jpg\" class=\"rollover rollover-zoom dt-pswp-item layzr-bg\" title=\"8bdd5c379df8fa09694e782d0834e5f1\" data-dt-img-description=\"\"  data-large_image_width=\"538\" data-large_image_height = \"403\" ><img decoding=\"async\" class=\"preload-me iso-lazy-load aspect\" src=\"data:image\/svg+xml,%3Csvg%20xmlns%3D&#39;http%3A%2F%2Fwww.w3.org%2F2000%2Fsvg&#39;%20viewBox%3D&#39;0%200%20225%20169&#39;%2F%3E\" data-src=\"https:\/\/www.nolana-schafe.de\/de-pages\/wp-content\/uploads\/8bdd5c379df8fa09694e782d0834e5f1-225x169.jpg\" data-srcset=\"https:\/\/www.nolana-schafe.de\/de-pages\/wp-content\/uploads\/8bdd5c379df8fa09694e782d0834e5f1-225x169.jpg 225w, https:\/\/www.nolana-schafe.de\/de-pages\/wp-content\/uploads\/8bdd5c379df8fa09694e782d0834e5f1-450x338.jpg 450w\" loading=\"eager\" style=\"--ratio: 225 \/ 169\" sizes=\"(max-width: 225px) 100vw, 225px\" alt=\"\" width=\"225\" height=\"169\"  \/><\/a>\t<\/figure>\n<\/article>\n\n<\/div><div class=\"wf-cell iso-item\" data-post-id=\"1008\" data-date=\"2015-07-06T16:35:12+00:00\" data-name=\"44b73d8bf0606ee1d318a32159d7d869\">\n<article class=\"post post-1008 attachment type-attachment status-inherit hentry no-img description-off\">\n\n\t<figure class=\"rollover-project links-hovers-disabled\">\n\t<a href=\"https:\/\/www.nolana-schafe.de\/de-pages\/wp-content\/uploads\/44b73d8bf0606ee1d318a32159d7d869.jpg\" class=\"rollover rollover-zoom dt-pswp-item layzr-bg\" title=\"44b73d8bf0606ee1d318a32159d7d869\" data-dt-img-description=\"\"  data-large_image_width=\"136\" data-large_image_height = \"101\" ><img decoding=\"async\" class=\"preload-me iso-lazy-load aspect\" src=\"data:image\/svg+xml,%3Csvg%20xmlns%3D&#39;http%3A%2F%2Fwww.w3.org%2F2000%2Fsvg&#39;%20viewBox%3D&#39;0%200%20136%20101&#39;%2F%3E\" data-src=\"https:\/\/www.nolana-schafe.de\/de-pages\/wp-content\/uploads\/44b73d8bf0606ee1d318a32159d7d869.jpg\" data-srcset=\"https:\/\/www.nolana-schafe.de\/de-pages\/wp-content\/uploads\/44b73d8bf0606ee1d318a32159d7d869.jpg 136w\" loading=\"eager\" style=\"--ratio: 136 \/ 101\" sizes=\"(max-width: 136px) 100vw, 136px\" alt=\"\" width=\"136\" height=\"101\"  \/><\/a>\t<\/figure>\n<\/article>\n\n<\/div><div class=\"wf-cell iso-item\" data-post-id=\"1009\" data-date=\"2015-07-06T16:35:13+00:00\" data-name=\"4396542f9c74c5928ee401bb3d09de96\">\n<article class=\"post post-1009 attachment type-attachment status-inherit hentry no-img description-off\">\n\n\t<figure class=\"rollover-project links-hovers-disabled\">\n\t<a href=\"https:\/\/www.nolana-schafe.de\/de-pages\/wp-content\/uploads\/4396542f9c74c5928ee401bb3d09de96.jpg\" class=\"rollover rollover-zoom dt-pswp-item layzr-bg\" title=\"4396542f9c74c5928ee401bb3d09de96\" data-dt-img-description=\"\"  data-large_image_width=\"406\" data-large_image_height = \"345\" ><img decoding=\"async\" class=\"preload-me iso-lazy-load aspect\" src=\"data:image\/svg+xml,%3Csvg%20xmlns%3D&#39;http%3A%2F%2Fwww.w3.org%2F2000%2Fsvg&#39;%20viewBox%3D&#39;0%200%20225%20191&#39;%2F%3E\" data-src=\"https:\/\/www.nolana-schafe.de\/de-pages\/wp-content\/uploads\/4396542f9c74c5928ee401bb3d09de96-225x191.jpg\" data-srcset=\"https:\/\/www.nolana-schafe.de\/de-pages\/wp-content\/uploads\/4396542f9c74c5928ee401bb3d09de96-225x191.jpg 225w, https:\/\/www.nolana-schafe.de\/de-pages\/wp-content\/uploads\/4396542f9c74c5928ee401bb3d09de96.jpg 405w\" loading=\"eager\" style=\"--ratio: 225 \/ 191\" sizes=\"(max-width: 225px) 100vw, 225px\" alt=\"\" width=\"225\" height=\"191\"  \/><\/a>\t<\/figure>\n<\/article>\n\n<\/div><div class=\"wf-cell iso-item\" data-post-id=\"1010\" data-date=\"2015-07-06T16:35:13+00:00\" data-name=\"a14b25326c2ab97b37eab7019695ca06\">\n<article class=\"post post-1010 attachment type-attachment status-inherit hentry no-img description-off\">\n\n\t<figure class=\"rollover-project links-hovers-disabled\">\n\t<a href=\"https:\/\/www.nolana-schafe.de\/de-pages\/wp-content\/uploads\/a14b25326c2ab97b37eab7019695ca06.jpg\" class=\"rollover rollover-zoom dt-pswp-item layzr-bg\" title=\"a14b25326c2ab97b37eab7019695ca06\" data-dt-img-description=\"\"  data-large_image_width=\"538\" data-large_image_height = \"209\" ><img decoding=\"async\" class=\"preload-me iso-lazy-load aspect\" src=\"data:image\/svg+xml,%3Csvg%20xmlns%3D&#39;http%3A%2F%2Fwww.w3.org%2F2000%2Fsvg&#39;%20viewBox%3D&#39;0%200%20225%2087&#39;%2F%3E\" data-src=\"https:\/\/www.nolana-schafe.de\/de-pages\/wp-content\/uploads\/a14b25326c2ab97b37eab7019695ca06-225x87.jpg\" data-srcset=\"https:\/\/www.nolana-schafe.de\/de-pages\/wp-content\/uploads\/a14b25326c2ab97b37eab7019695ca06-225x87.jpg 225w, https:\/\/www.nolana-schafe.de\/de-pages\/wp-content\/uploads\/a14b25326c2ab97b37eab7019695ca06-450x174.jpg 450w\" loading=\"eager\" style=\"--ratio: 225 \/ 87\" sizes=\"(max-width: 225px) 100vw, 225px\" alt=\"\" width=\"225\" height=\"87\"  \/><\/a>\t<\/figure>\n<\/article>\n\n<\/div><div class=\"wf-cell iso-item\" data-post-id=\"1011\" data-date=\"2015-07-06T16:35:14+00:00\" data-name=\"\">\n<article class=\"post post-1011 attachment type-attachment status-inherit hentry no-img description-off\">\n\n\t<figure class=\"rollover-project links-hovers-disabled\">\n\t<a href=\"https:\/\/www.nolana-schafe.de\/de-pages\/wp-content\/uploads\/d2e600bbd980a995fd4fec70ed1a0113.jpg\" class=\"rollover rollover-zoom dt-pswp-item layzr-bg\"  data-dt-img-description=\"\"  data-large_image_width=\"396\" data-large_image_height = \"250\" ><img decoding=\"async\" class=\"preload-me iso-lazy-load aspect\" src=\"data:image\/svg+xml,%3Csvg%20xmlns%3D&#39;http%3A%2F%2Fwww.w3.org%2F2000%2Fsvg&#39;%20viewBox%3D&#39;0%200%20225%20142&#39;%2F%3E\" data-src=\"https:\/\/www.nolana-schafe.de\/de-pages\/wp-content\/uploads\/d2e600bbd980a995fd4fec70ed1a0113-225x142.jpg\" data-srcset=\"https:\/\/www.nolana-schafe.de\/de-pages\/wp-content\/uploads\/d2e600bbd980a995fd4fec70ed1a0113-225x142.jpg 225w, https:\/\/www.nolana-schafe.de\/de-pages\/wp-content\/uploads\/d2e600bbd980a995fd4fec70ed1a0113.jpg 395w\" loading=\"eager\" style=\"--ratio: 225 \/ 142\" sizes=\"(max-width: 225px) 100vw, 225px\" alt=\"\" width=\"225\" height=\"142\"  \/><\/a>\t<\/figure>\n<\/article>\n\n<\/div><\/div>[\/vc_column][\/vc_row]<\/p>\n<\/div>","protected":false},"excerpt":{"rendered":"<p>[vc_row][vc_column][vc_column_text] American Blackbelly und Barbado in den USA Troph\u00e4enschafe auf Jagd-Ranchbetrieben Barbado-Schafe Im Jahre 1904 importierte das Landwirtschaftsministerium der USA vier Auen und einen Bock der Rasse Barbados Blackbelly und brachte sie in das Gebiet des Edwards Plateau in Texas. Hier wurden sie mit Rambouillet und Europ\u00e4ischem Muflon gekreuzt. Man wollte ein parasitenresistentes, fleischiges Haarschaf&hellip;<\/p>\n","protected":false},"author":1,"featured_media":0,"parent":19,"menu_order":0,"comment_status":"closed","ping_status":"closed","template":"","meta":{"footnotes":""},"class_list":["post-643","page","type-page","status-publish","hentry","description-off"],"_links":{"self":[{"href":"https:\/\/www.nolana-schafe.de\/de-pages\/wp-json\/wp\/v2\/pages\/643","targetHints":{"allow":["GET"]}}],"collection":[{"href":"https:\/\/www.nolana-schafe.de\/de-pages\/wp-json\/wp\/v2\/pages"}],"about":[{"href":"https:\/\/www.nolana-schafe.de\/de-pages\/wp-json\/wp\/v2\/types\/page"}],"author":[{"embeddable":true,"href":"https:\/\/www.nolana-schafe.de\/de-pages\/wp-json\/wp\/v2\/users\/1"}],"replies":[{"embeddable":true,"href":"https:\/\/www.nolana-schafe.de\/de-pages\/wp-json\/wp\/v2\/comments?post=643"}],"version-history":[{"count":6,"href":"https:\/\/www.nolana-schafe.de\/de-pages\/wp-json\/wp\/v2\/pages\/643\/revisions"}],"predecessor-version":[{"id":1013,"href":"https:\/\/www.nolana-schafe.de\/de-pages\/wp-json\/wp\/v2\/pages\/643\/revisions\/1013"}],"up":[{"embeddable":true,"href":"https:\/\/www.nolana-schafe.de\/de-pages\/wp-json\/wp\/v2\/pages\/19"}],"wp:attachment":[{"href":"https:\/\/www.nolana-schafe.de\/de-pages\/wp-json\/wp\/v2\/media?parent=643"}],"curies":[{"name":"wp","href":"https:\/\/api.w.org\/{rel}","templated":true}]}}