{"id":649,"date":"2015-07-05T09:41:26","date_gmt":"2015-07-05T09:41:26","guid":{"rendered":"http:\/\/www.nolana-schafe.de\/de-pages\/?page_id=649"},"modified":"2015-07-06T16:32:14","modified_gmt":"2015-07-06T16:32:14","slug":"black-hawaiian","status":"publish","type":"page","link":"https:\/\/www.nolana-schafe.de\/de-pages\/weitere-rassen\/black-hawaiian\/","title":{"rendered":"Black Hawaiian"},"content":{"rendered":"<div class=\"wpb-content-wrapper\"><p>[vc_row][vc_column][vc_column_text]<\/p>\n<h2>Black Hawaiian in den USA<\/h2>\n<p><strong>Black Hawaiian oder Hawaiian Black &#8211; Troph\u00e4enschafe auf Jagd-Ranchbetrieben<\/strong><\/p>\n<p style=\"text-align: justify;\"><a class=\"dt-single-image\" href=\"http:\/\/www.nolana-schafe.de\/de-pages\/wp-content\/uploads\/01_Black_Hawaiian.jpg\" data-dt-img-description=\"\"><img loading=\"lazy\" decoding=\"async\" class=\"alignleft size-thumbnail wp-image-706\" src=\"http:\/\/www.nolana-schafe.de\/de-pages\/wp-content\/uploads\/01_Black_Hawaiian-150x150.jpg\" alt=\"01_Black_Hawaiian\" width=\"150\" height=\"150\" \/><\/a>Hawaiian Black-Schafe werden in Texas auf Game-Ranches als Jagdwild gehalten und erfreuen sich steigender Beliebtheit bei Hobby-Z\u00fcchtern. Es sind schwarze Haarschafe mit oft wei\u00dfem Maul. Die starken Geh\u00f6rne sind schwarz. \u00dcber Leistungen und Gewichte sind keine konkreten Informationen zu bekommen. Die Herkunft dieser Haarschafe ist ungekl\u00e4rt. Haarschafenthusiasten in den USA streiten aber heftig zu diesem Thema. Der Name deutet auf Hawaii hin. Da aber es auf Hawaii nie autochtone Schafe gab, k\u00f6nnte es sich nur um Haarschafe handeln, die auf den \u00fcblichen Importwegen nach Hawaii gelangt sind.<br \/>\nWahrscheinlicher ist aber, dass es sich bei diesen Schafen um eine weitere Variante der urspr\u00fcnglichen Barbado-Zucht in Texas handelt. Das zumindest schreibt Carol Elkins in ihrem Paper \u201eHistory and Preservation of Barbados Blackbelly Sheep\u201c (Sept. 2004). Sie fand heraus, dass vor allem eine Variante der Barbado-Zucht, die \u201cCorsicans\u201d, als Troph\u00e4enschafe sehr beliebt wurden. Der Begriff \u201eCorsican\u201c scheint in USA gelegentlich synomym f\u00fcr \u201eeurop\u00e4ischer Muflon\u201c verwendet zu werden. Schw\u00e4rzlinge kommen ebenso bei Barbados Blackbelly als auch beim Muflon vor. Heute kann nicht mehr gekl\u00e4rt werden, bis zu welchem Ausma\u00df der Muflon in diese Population eingekreuzt wurde. Da viele dieser Schafe einen k\u00fcrzeren Schwanz aufweisen als reinrassige Barbados Blackbelly, k\u00f6nnte man annehmen, dass dieses auf einen erh\u00f6hten Muflon-Genateil zur\u00fcck zuf\u00fchren ist.<br \/>\nFest steht nach C. Elkins, dass ein findiger Game-Rancher in Texas namens Thompson Temple ab etwa 1974 Herdb\u00fccher f\u00fcr schwarze, geh\u00f6rnte Haarschafe, die er \u201eBlack Hawaiian\u201c nannte, f\u00fcr gescheckte, geh\u00f6rnte Haarschafe, die er \u201eSpotted Desert\u201c nannte und f\u00fcr einfarbig wei\u00dfe, geh\u00f6rnte Haarschafe, die er \u201eTexas Dall\u201c nannte, gef\u00fchrt hat. Demnach darf man davon ausgehen, dass all diese Varianten nur verschiedene Farbschl\u00e4ge der urspr\u00fcnglichen Barbado-Zucht darstellen.<\/p>\n<p>Weitere Informationen finden Sie unter folgendem Link:<br \/>\n<a href=\"http:\/\/www.raftersb.com\/OriginsofPD,BH,TDSheep.htm\">http:\/\/www.raftersb.com\/OriginsofPD,BH,TDSheep.htm<\/a>[\/vc_column_text]<div class=\"ult-spacer spacer-69f1f0dfad42e\" data-id=\"69f1f0dfad42e\" data-height=\"15\" data-height-mobile=\"15\" data-height-tab=\"15\" data-height-tab-portrait=\"\" data-height-mobile-landscape=\"\" style=\"clear:both;display:block;\"><\/div>[\/vc_column][\/vc_row][vc_row][vc_column width=&#8220;1\/1&#8243;]<div class=\"wf-container dt-gallery-container dt-photos-shortcode loading-effect-flip iso-container\" data-padding=\"20px\" data-cur-page=\"1\" data-width=\"150px\" data-columns=\"3\"><div class=\"wf-cell iso-item\" data-post-id=\"706\" data-date=\"2015-07-05T11:21:24+00:00\" data-name=\"01_Black_Hawaiian\">\n<article class=\"post post-706 attachment type-attachment status-inherit hentry no-img description-off\">\n\n\t<figure class=\"rollover-project links-hovers-disabled\">\n\t<a href=\"https:\/\/www.nolana-schafe.de\/de-pages\/wp-content\/uploads\/01_Black_Hawaiian.jpg\" class=\"rollover rollover-zoom dt-pswp-item layzr-bg\" title=\"01_Black_Hawaiian\" data-dt-img-description=\"\"  data-large_image_width=\"1275\" data-large_image_height = \"782\" ><img decoding=\"async\" class=\"preload-me iso-lazy-load aspect\" src=\"data:image\/svg+xml,%3Csvg%20xmlns%3D&#39;http%3A%2F%2Fwww.w3.org%2F2000%2Fsvg&#39;%20viewBox%3D&#39;0%200%20225%20138&#39;%2F%3E\" data-src=\"https:\/\/www.nolana-schafe.de\/de-pages\/wp-content\/uploads\/01_Black_Hawaiian-225x138.jpg\" data-srcset=\"https:\/\/www.nolana-schafe.de\/de-pages\/wp-content\/uploads\/01_Black_Hawaiian-225x138.jpg 225w, https:\/\/www.nolana-schafe.de\/de-pages\/wp-content\/uploads\/01_Black_Hawaiian-450x276.jpg 450w\" loading=\"eager\" style=\"--ratio: 225 \/ 138\" sizes=\"(max-width: 225px) 100vw, 225px\" alt=\"\" width=\"225\" height=\"138\"  \/><\/a>\t<\/figure>\n<\/article>\n\n<\/div><div class=\"wf-cell iso-item\" data-post-id=\"707\" data-date=\"2015-07-05T11:21:26+00:00\" data-name=\"02_Black_Hawaiian\">\n<article class=\"post post-707 attachment type-attachment status-inherit hentry no-img description-off\">\n\n\t<figure class=\"rollover-project links-hovers-disabled\">\n\t<a href=\"https:\/\/www.nolana-schafe.de\/de-pages\/wp-content\/uploads\/02_Black_Hawaiian.jpg\" class=\"rollover rollover-zoom dt-pswp-item layzr-bg\" title=\"02_Black_Hawaiian\" data-dt-img-description=\"\"  data-large_image_width=\"594\" data-large_image_height = \"540\" ><img decoding=\"async\" class=\"preload-me iso-lazy-load aspect\" src=\"data:image\/svg+xml,%3Csvg%20xmlns%3D&#39;http%3A%2F%2Fwww.w3.org%2F2000%2Fsvg&#39;%20viewBox%3D&#39;0%200%20225%20205&#39;%2F%3E\" data-src=\"https:\/\/www.nolana-schafe.de\/de-pages\/wp-content\/uploads\/02_Black_Hawaiian-225x205.jpg\" data-srcset=\"https:\/\/www.nolana-schafe.de\/de-pages\/wp-content\/uploads\/02_Black_Hawaiian-225x205.jpg 225w, https:\/\/www.nolana-schafe.de\/de-pages\/wp-content\/uploads\/02_Black_Hawaiian-450x410.jpg 450w\" loading=\"eager\" style=\"--ratio: 225 \/ 205\" sizes=\"(max-width: 225px) 100vw, 225px\" alt=\"\" width=\"225\" height=\"205\"  \/><\/a>\t<\/figure>\n<\/article>\n\n<\/div><div class=\"wf-cell iso-item\" data-post-id=\"708\" data-date=\"2015-07-05T11:21:26+00:00\" data-name=\"03_Black_Hawaiian\">\n<article class=\"post post-708 attachment type-attachment status-inherit hentry no-img description-off\">\n\n\t<figure class=\"rollover-project links-hovers-disabled\">\n\t<a href=\"https:\/\/www.nolana-schafe.de\/de-pages\/wp-content\/uploads\/03_Black_Hawaiian.jpg\" class=\"rollover rollover-zoom dt-pswp-item layzr-bg\" title=\"03_Black_Hawaiian\" data-dt-img-description=\"\"  data-large_image_width=\"298\" data-large_image_height = \"250\" ><img decoding=\"async\" class=\"preload-me iso-lazy-load aspect\" src=\"data:image\/svg+xml,%3Csvg%20xmlns%3D&#39;http%3A%2F%2Fwww.w3.org%2F2000%2Fsvg&#39;%20viewBox%3D&#39;0%200%20225%20189&#39;%2F%3E\" data-src=\"https:\/\/www.nolana-schafe.de\/de-pages\/wp-content\/uploads\/03_Black_Hawaiian-225x189.jpg\" data-srcset=\"https:\/\/www.nolana-schafe.de\/de-pages\/wp-content\/uploads\/03_Black_Hawaiian-225x189.jpg 225w, https:\/\/www.nolana-schafe.de\/de-pages\/wp-content\/uploads\/03_Black_Hawaiian.jpg 297w\" loading=\"eager\" style=\"--ratio: 225 \/ 189\" sizes=\"(max-width: 225px) 100vw, 225px\" alt=\"\" width=\"225\" height=\"189\"  \/><\/a>\t<\/figure>\n<\/article>\n\n<\/div><div class=\"wf-cell iso-item\" data-post-id=\"709\" data-date=\"2015-07-05T11:21:27+00:00\" data-name=\"05_Black_Hawaiian\">\n<article class=\"post post-709 attachment type-attachment status-inherit hentry no-img description-off\">\n\n\t<figure class=\"rollover-project links-hovers-disabled\">\n\t<a href=\"https:\/\/www.nolana-schafe.de\/de-pages\/wp-content\/uploads\/05_Black_Hawaiian.jpg\" class=\"rollover rollover-zoom dt-pswp-item layzr-bg\" title=\"05_Black_Hawaiian\" data-dt-img-description=\"\"  data-large_image_width=\"491\" data-large_image_height = \"434\" ><img decoding=\"async\" class=\"preload-me iso-lazy-load aspect\" src=\"data:image\/svg+xml,%3Csvg%20xmlns%3D&#39;http%3A%2F%2Fwww.w3.org%2F2000%2Fsvg&#39;%20viewBox%3D&#39;0%200%20225%20199&#39;%2F%3E\" data-src=\"https:\/\/www.nolana-schafe.de\/de-pages\/wp-content\/uploads\/05_Black_Hawaiian-225x199.jpg\" data-srcset=\"https:\/\/www.nolana-schafe.de\/de-pages\/wp-content\/uploads\/05_Black_Hawaiian-225x199.jpg 225w, https:\/\/www.nolana-schafe.de\/de-pages\/wp-content\/uploads\/05_Black_Hawaiian-450x398.jpg 450w\" loading=\"eager\" style=\"--ratio: 225 \/ 199\" sizes=\"(max-width: 225px) 100vw, 225px\" alt=\"\" width=\"225\" height=\"199\"  \/><\/a>\t<\/figure>\n<\/article>\n\n<\/div><div class=\"wf-cell iso-item\" data-post-id=\"711\" data-date=\"2015-07-05T11:21:28+00:00\" data-name=\"06_Black_Hawaiian\">\n<article class=\"post post-711 attachment type-attachment status-inherit hentry no-img description-off\">\n\n\t<figure class=\"rollover-project links-hovers-disabled\">\n\t<a href=\"https:\/\/www.nolana-schafe.de\/de-pages\/wp-content\/uploads\/06_Black_Hawaiian.jpg\" class=\"rollover rollover-zoom dt-pswp-item layzr-bg\" title=\"06_Black_Hawaiian\" data-dt-img-description=\"\"  data-large_image_width=\"672\" data-large_image_height = \"549\" ><img decoding=\"async\" class=\"preload-me iso-lazy-load aspect\" src=\"data:image\/svg+xml,%3Csvg%20xmlns%3D&#39;http%3A%2F%2Fwww.w3.org%2F2000%2Fsvg&#39;%20viewBox%3D&#39;0%200%20225%20184&#39;%2F%3E\" data-src=\"https:\/\/www.nolana-schafe.de\/de-pages\/wp-content\/uploads\/06_Black_Hawaiian-225x184.jpg\" data-srcset=\"https:\/\/www.nolana-schafe.de\/de-pages\/wp-content\/uploads\/06_Black_Hawaiian-225x184.jpg 225w, https:\/\/www.nolana-schafe.de\/de-pages\/wp-content\/uploads\/06_Black_Hawaiian-450x368.jpg 450w\" loading=\"eager\" style=\"--ratio: 225 \/ 184\" sizes=\"(max-width: 225px) 100vw, 225px\" alt=\"\" width=\"225\" height=\"184\"  \/><\/a>\t<\/figure>\n<\/article>\n\n<\/div><div class=\"wf-cell iso-item\" data-post-id=\"712\" data-date=\"2015-07-05T11:21:29+00:00\" data-name=\"07_Black_Hawaiian\">\n<article class=\"post post-712 attachment type-attachment status-inherit hentry no-img description-off\">\n\n\t<figure class=\"rollover-project links-hovers-disabled\">\n\t<a href=\"https:\/\/www.nolana-schafe.de\/de-pages\/wp-content\/uploads\/07_Black_Hawaiian.jpg\" class=\"rollover rollover-zoom dt-pswp-item layzr-bg\" title=\"07_Black_Hawaiian\" data-dt-img-description=\"\"  data-large_image_width=\"353\" data-large_image_height = \"256\" ><img decoding=\"async\" class=\"preload-me iso-lazy-load aspect\" src=\"data:image\/svg+xml,%3Csvg%20xmlns%3D&#39;http%3A%2F%2Fwww.w3.org%2F2000%2Fsvg&#39;%20viewBox%3D&#39;0%200%20225%20163&#39;%2F%3E\" data-src=\"https:\/\/www.nolana-schafe.de\/de-pages\/wp-content\/uploads\/07_Black_Hawaiian-225x163.jpg\" data-srcset=\"https:\/\/www.nolana-schafe.de\/de-pages\/wp-content\/uploads\/07_Black_Hawaiian-225x163.jpg 225w, https:\/\/www.nolana-schafe.de\/de-pages\/wp-content\/uploads\/07_Black_Hawaiian.jpg 353w\" loading=\"eager\" style=\"--ratio: 225 \/ 163\" sizes=\"(max-width: 225px) 100vw, 225px\" alt=\"\" width=\"225\" height=\"163\"  \/><\/a>\t<\/figure>\n<\/article>\n\n<\/div><div class=\"wf-cell iso-item\" data-post-id=\"713\" data-date=\"2015-07-05T11:21:30+00:00\" data-name=\"08_Black_Hawaiian\">\n<article class=\"post post-713 attachment type-attachment status-inherit hentry no-img description-off\">\n\n\t<figure class=\"rollover-project links-hovers-disabled\">\n\t<a href=\"https:\/\/www.nolana-schafe.de\/de-pages\/wp-content\/uploads\/08_Black_Hawaiian.jpg\" class=\"rollover rollover-zoom dt-pswp-item layzr-bg\" title=\"08_Black_Hawaiian\" data-dt-img-description=\"\"  data-large_image_width=\"294\" data-large_image_height = \"278\" ><img decoding=\"async\" class=\"preload-me iso-lazy-load aspect\" src=\"data:image\/svg+xml,%3Csvg%20xmlns%3D&#39;http%3A%2F%2Fwww.w3.org%2F2000%2Fsvg&#39;%20viewBox%3D&#39;0%200%20225%20213&#39;%2F%3E\" data-src=\"https:\/\/www.nolana-schafe.de\/de-pages\/wp-content\/uploads\/08_Black_Hawaiian-225x213.jpg\" data-srcset=\"https:\/\/www.nolana-schafe.de\/de-pages\/wp-content\/uploads\/08_Black_Hawaiian-225x213.jpg 225w, https:\/\/www.nolana-schafe.de\/de-pages\/wp-content\/uploads\/08_Black_Hawaiian.jpg 293w\" loading=\"eager\" style=\"--ratio: 225 \/ 213\" sizes=\"(max-width: 225px) 100vw, 225px\" alt=\"\" width=\"225\" height=\"213\"  \/><\/a>\t<\/figure>\n<\/article>\n\n<\/div><div class=\"wf-cell iso-item\" data-post-id=\"714\" data-date=\"2015-07-05T11:21:30+00:00\" data-name=\"20_Damara_x_Merino_R1\">\n<article class=\"post post-714 attachment type-attachment status-inherit hentry no-img description-off\">\n\n\t<figure class=\"rollover-project links-hovers-disabled\">\n\t<a href=\"https:\/\/www.nolana-schafe.de\/de-pages\/wp-content\/uploads\/20_Damara_x_Merino_R1.jpg\" class=\"rollover rollover-zoom dt-pswp-item layzr-bg\" title=\"20_Damara_x_Merino_R1\" data-dt-img-description=\"\"  data-large_image_width=\"200\" data-large_image_height = \"135\" ><img decoding=\"async\" class=\"preload-me iso-lazy-load aspect\" src=\"data:image\/svg+xml,%3Csvg%20xmlns%3D&#39;http%3A%2F%2Fwww.w3.org%2F2000%2Fsvg&#39;%20viewBox%3D&#39;0%200%20200%20135&#39;%2F%3E\" data-src=\"https:\/\/www.nolana-schafe.de\/de-pages\/wp-content\/uploads\/20_Damara_x_Merino_R1.jpg\" data-srcset=\"https:\/\/www.nolana-schafe.de\/de-pages\/wp-content\/uploads\/20_Damara_x_Merino_R1.jpg 200w\" loading=\"eager\" style=\"--ratio: 200 \/ 135\" sizes=\"(max-width: 200px) 100vw, 200px\" alt=\"\" width=\"200\" height=\"135\"  \/><\/a>\t<\/figure>\n<\/article>\n\n<\/div><\/div>[\/vc_column][\/vc_row]<\/p>\n<\/div>","protected":false},"excerpt":{"rendered":"<p>[vc_row][vc_column][vc_column_text] Black Hawaiian in den USA Black Hawaiian oder Hawaiian Black &#8211; Troph\u00e4enschafe auf Jagd-Ranchbetrieben Hawaiian Black-Schafe werden in Texas auf Game-Ranches als Jagdwild gehalten und erfreuen sich steigender Beliebtheit bei Hobby-Z\u00fcchtern. Es sind schwarze Haarschafe mit oft wei\u00dfem Maul. Die starken Geh\u00f6rne sind schwarz. \u00dcber Leistungen und Gewichte sind keine konkreten Informationen zu bekommen.&hellip;<\/p>\n","protected":false},"author":1,"featured_media":0,"parent":19,"menu_order":0,"comment_status":"closed","ping_status":"closed","template":"","meta":{"footnotes":""},"class_list":["post-649","page","type-page","status-publish","hentry","description-off"],"_links":{"self":[{"href":"https:\/\/www.nolana-schafe.de\/de-pages\/wp-json\/wp\/v2\/pages\/649","targetHints":{"allow":["GET"]}}],"collection":[{"href":"https:\/\/www.nolana-schafe.de\/de-pages\/wp-json\/wp\/v2\/pages"}],"about":[{"href":"https:\/\/www.nolana-schafe.de\/de-pages\/wp-json\/wp\/v2\/types\/page"}],"author":[{"embeddable":true,"href":"https:\/\/www.nolana-schafe.de\/de-pages\/wp-json\/wp\/v2\/users\/1"}],"replies":[{"embeddable":true,"href":"https:\/\/www.nolana-schafe.de\/de-pages\/wp-json\/wp\/v2\/comments?post=649"}],"version-history":[{"count":4,"href":"https:\/\/www.nolana-schafe.de\/de-pages\/wp-json\/wp\/v2\/pages\/649\/revisions"}],"predecessor-version":[{"id":1004,"href":"https:\/\/www.nolana-schafe.de\/de-pages\/wp-json\/wp\/v2\/pages\/649\/revisions\/1004"}],"up":[{"embeddable":true,"href":"https:\/\/www.nolana-schafe.de\/de-pages\/wp-json\/wp\/v2\/pages\/19"}],"wp:attachment":[{"href":"https:\/\/www.nolana-schafe.de\/de-pages\/wp-json\/wp\/v2\/media?parent=649"}],"curies":[{"name":"wp","href":"https:\/\/api.w.org\/{rel}","templated":true}]}}