{"id":655,"date":"2015-07-05T09:46:49","date_gmt":"2015-07-05T09:46:49","guid":{"rendered":"http:\/\/www.nolana-schafe.de\/de-pages\/?page_id=655"},"modified":"2015-07-06T16:23:35","modified_gmt":"2015-07-06T16:23:35","slug":"red-massai","status":"publish","type":"page","link":"https:\/\/www.nolana-schafe.de\/de-pages\/weitere-rassen\/red-massai\/","title":{"rendered":"Red Massai"},"content":{"rendered":"<div class=\"wpb-content-wrapper\"><p>[vc_row][vc_column][vc_column_text]<\/p>\n<h2>Red Massai<\/h2>\n<p><strong>Rote Massai-Schafe in Ostafrika<\/strong><\/p>\n<p style=\"text-align: justify;\"><a class=\"dt-single-image\" href=\"http:\/\/www.nolana-schafe.de\/de-pages\/wp-content\/uploads\/Red_Masai.jpg\" data-dt-img-description=\"\"><img loading=\"lazy\" decoding=\"async\" class=\"alignleft size-thumbnail wp-image-863\" src=\"http:\/\/www.nolana-schafe.de\/de-pages\/wp-content\/uploads\/Red_Masai-150x150.jpg\" alt=\"Red_Masai\" width=\"150\" height=\"150\" \/><\/a>Rote Massai-Schafe geh\u00f6ren zur Gruppe der Ostafrikanischen Fettschwanzschafe und dienen der Fleisch- und Fetterzeugung. Das Volk der Massai h\u00e4lt die gr\u00f6\u00dften Best\u00e4nde dieser Schafe aber auch andere St\u00e4mme in Kenia, vor allem die V\u00f6lker der Nandi, Busia und Bukusu, sowie in Nord und Mittel Tanzania das Volk der Gogo und in den trockeneren Gebieten von Uganda das Volk der Karamoja halten Rote Massai-Schafe und deren Varianten.<\/p>\n<p style=\"text-align: justify;\">Die gr\u00f6\u00dften Vorkommen gibt es in Nord Tanzania und im s\u00fcdlichen Zentral Kenia sowie in Uganda. Die Vorkommen konzentrieren sich auf Gebiete mit zwei Regenzeiten und 600 mm Niederschl\u00e4ge\/Jahr (S\u00fcdliches Zentral Kenia und Uganda), die sich auf H\u00f6henlagen von 500-1500 m erstrecken.<\/p>\n<p style=\"text-align: justify;\">Die Roten Massai-Schafe werden vorwiegend in H\u00fctehaltung und in kombinierten Weide\/Ackerbau-Systemen in gemischten Herden zusammen mit Ziegen gehalten. Manche Herdenbesitzer halten allerdings nur eine der beiden Tierarten und es gibt Hinweise darauf, dass die Ziegen die vergangenen Trockenzeiten besser \u00fcberstanden haben als die Schafe und dass daher vermehrt zur Ziegenhaltung \u00fcber gegangen wird. Die Tiere werden f\u00fcr gew\u00f6hnlich tags\u00fcber geh\u00fctet und nachts in Dornenpferchen eingeschlossen, wobei die Saugl\u00e4mmer von den Altschafen getrennt gehalten werden.<br \/>\nDie Herdengr\u00f6\u00dfen variieren, die Herden sind aber in der Regel umfangreich. In gemischten Herden (Ziege\/Schaf) betr\u00e4gt die Durchschnittsgr\u00f6\u00dfe 190 Kopf. Die Herden bestehen zu 68,5% aus weiblichen und zu 16,1% aus m\u00e4nnlichen Schafen. Die kastrierten Hammel (15,4%) spielen eine wichtige Rolle, da das Fett der Fettschw\u00e4nze eine wichtige Nahrungskomponente f\u00fcr W\u00f6chnerinnen darstellt.<\/p>\n<p style=\"text-align: justify;\"><strong>Morphologische Beschreibung<\/strong><\/p>\n<p style=\"text-align: justify;\">Sie sind relativ gro\u00df, adulte B\u00f6cke weisen ein Stockma\u00df von 70 cm, Hammel eines von 72 cm und Auschafe eines von 66 cm auf. Die Stirn ist breit und kurz, das Profil konvex bei den m\u00e4nnlichen und gerade bei den weiblichen St\u00fccken. Fettpolster k\u00f6nnen bei B\u00f6cken auf der Stirn und hinter dem Hornansatz vorkommen, sind aber weit weniger h\u00e4ufig als bei anderen Fettschwanzschafen.<br \/>\nB\u00f6cke sind in der Regel geh\u00f6rnt (59% der B\u00f6cke und 22% der Hammel), aber auch weibliche St\u00fccke (10%) tragen oft H\u00f6rner. Die H\u00f6rner sind bis zu 27 cm lang und nach hinten gewunden. Die Ohren sind mit 11-15 cm mittel lang und h\u00e4ngen halb herab. Kurze, verk\u00fcmmerte Ohren kommen bei 7% vor. Gelegentlich kommen auch Exemplare ohne \u00e4u\u00dfere Ohren vor.<br \/>\nBei 15% der Tiere beiderlei Geschlechts kommen Gl\u00f6ckchen vor, die aber nach Gr\u00f6\u00dfe und Position variieren.<br \/>\nDer Hals ist kurz und weist h\u00e4ufig eine deutliche Kehlwamme auf. Die Brust ist schmal und flach aber relativ gut bemuskelt. Die Wamme kann fetthaltig sein. Der R\u00fccken ist kurz, die Kruppe abgeschlagen. Die Beine sind kurz. Der Schwanz variiert in L\u00e4nge und Form, ist aber bei Schafen in guter Ern\u00e4hrungskondition sehr fett.<br \/>\nDie rote Fellfarbe wird bevorzugt. Aber trotzdem kommen alle F\u00e4rbungen vor. Das Haarkleid relativ lang. Die bis zu 4 cm langen Grannen Haare liegen \u00fcber einer kurzen Unterwolle.<br \/>\nDie Roten Massai-Schafe weisen eine bemerkenswerte Resistenz gegen\u00fcber internen Parasiten auf.<\/p>\n<p style=\"text-align: justify;\"><strong>Reproduktion und Gewicht<\/strong><\/p>\n<p style=\"text-align: justify;\">Die Roten Massai-Schafe lammen mit 112 Tagen zum ersten Male. Die Zwischenlammzeit betr\u00e4gt 312 Tage. Mehrlingsgeburten sind ungew\u00f6hnlich (Frequenz 5%). Im Durchschnitt werden 1,05 L\u00e4mmer\/Ablammung geboren. Die j\u00e4hrliche Reproduktionsrate betr\u00e4gt 1,22.<\/p>\n<p style=\"text-align: justify;\">Das Geburtsgewicht betr\u00e4gt 2,7 kg im Durchschnitt. Die durchschnittliche Gewichtsentwicklung der L\u00e4mmer verl\u00e4uft folgenderma\u00dfen:<\/p>\n<div><\/div>\n<div align=\"center\">\n<table border=\"1\" cellspacing=\"0\" cellpadding=\"0\">\n<tbody>\n<tr>\n<td valign=\"top\" width=\"79\">\n<div>Alter, Tage<\/div>\n<\/td>\n<td valign=\"top\" width=\"37\">\n<div>10<\/div>\n<\/td>\n<td valign=\"top\" width=\"36\">\n<div>30<\/div>\n<\/td>\n<td valign=\"top\" width=\"48\">\n<div>90<\/div>\n<\/td>\n<td valign=\"top\" width=\"48\">\n<div>150<\/div>\n<\/td>\n<td valign=\"top\" width=\"48\">\n<div>240<\/div>\n<\/td>\n<td valign=\"top\" width=\"48\">\n<div>365<\/div>\n<\/td>\n<td valign=\"top\" width=\"38\">\n<div>550<\/div>\n<\/td>\n<\/tr>\n<tr>\n<td valign=\"top\" width=\"79\">\n<div>Gewicht, kg<\/div>\n<\/td>\n<td valign=\"top\" width=\"37\">\n<div>3,9<\/div>\n<\/td>\n<td valign=\"top\" width=\"36\">\n<div>6,1<\/div>\n<\/td>\n<td valign=\"top\" width=\"48\">\n<div>10,5<\/div>\n<\/td>\n<td valign=\"top\" width=\"48\">\n<div>13,7<\/div>\n<\/td>\n<td valign=\"top\" width=\"48\">\n<div>17,7<\/div>\n<\/td>\n<td valign=\"top\" width=\"48\">\n<div>22,6<\/div>\n<\/td>\n<td valign=\"top\" width=\"38\">\n<div>26,5<\/div>\n<\/td>\n<\/tr>\n<\/tbody>\n<\/table>\n<\/div>\n<div><\/div>\n<p style=\"text-align: justify;\">Die durchschnittlichen t\u00e4glichen Zunahmen betragen unter extensiven Produktionsverh\u00e4ltnissen 73 g von der Geburt bis zum 150-Tage-Alter und 54 g von der Geburt bis zum 365-Tage-Alter. Unter verbesserten Produktionsverh\u00e4ltnissen werden 128 g t\u00e4gliche Zunahmen von der Geburt bis zum 117-Tage-Alter erreicht.<\/p>\n<p style=\"text-align: justify;\">Die Post-Partum-Gewichte liegen bei durchschnittlich 30,6 kg, d.h. 27,8 kg nach der ersten und 32,6 kg nach der zweiten und allen folgenden Geburten. Diese Gewichte variieren nach Geburtstyp, 28,5 kg bei Einlingsgeburten und 32,6 kg bei Zwillingsgeburten, sowie nach Ablammsaison und Herde.<\/p>\n<p style=\"text-align: justify;\">Die Gewichte adulter Tiere sind folgende:<\/p>\n<p style=\"text-align: justify; padding-left: 30px;\">&#8211; B\u00f6cke 40,6 kg (33-49 kg)<br \/>\n&#8211; Hammel 44,9 kg (38-53 kg)<br \/>\n&#8211; Auschafe 32,5 kg (21-47 kg)<\/p>\n<p style=\"text-align: justify;\">Die H\u00e4ute stellen einen beachtlichen Handelswert dar. J\u00e4hrlich kommen an die 2 Mio. Schafh\u00e4ute und an die 3 Mio. Ziegenh\u00e4ute auf den kenianischen Markt.<\/p>\n<p>[\/vc_column_text]<div class=\"ult-spacer spacer-69f272318612f\" data-id=\"69f272318612f\" data-height=\"15\" data-height-mobile=\"15\" data-height-tab=\"15\" data-height-tab-portrait=\"\" data-height-mobile-landscape=\"\" style=\"clear:both;display:block;\"><\/div>[\/vc_column][\/vc_row][vc_row][vc_column width=&#8220;1\/1&#8243;]<div class=\"wf-container dt-gallery-container dt-photos-shortcode loading-effect-flip iso-container\" data-padding=\"20px\" data-cur-page=\"1\" data-width=\"150px\" data-columns=\"3\"><div class=\"wf-cell iso-item\" data-post-id=\"863\" data-date=\"2015-07-05T11:54:48+00:00\" data-name=\"Red_Masai\">\n<article class=\"post post-863 attachment type-attachment status-inherit hentry no-img description-off\">\n\n\t<figure class=\"rollover-project links-hovers-disabled\">\n\t<a href=\"https:\/\/www.nolana-schafe.de\/de-pages\/wp-content\/uploads\/Red_Masai.jpg\" class=\"rollover rollover-zoom dt-pswp-item layzr-bg\" title=\"Red_Masai\" data-dt-img-description=\"\"  data-large_image_width=\"450\" data-large_image_height = \"302\" ><img decoding=\"async\" class=\"preload-me iso-lazy-load aspect\" src=\"data:image\/svg+xml,%3Csvg%20xmlns%3D&#39;http%3A%2F%2Fwww.w3.org%2F2000%2Fsvg&#39;%20viewBox%3D&#39;0%200%20225%20151&#39;%2F%3E\" data-src=\"https:\/\/www.nolana-schafe.de\/de-pages\/wp-content\/uploads\/Red_Masai-225x151.jpg\" data-srcset=\"https:\/\/www.nolana-schafe.de\/de-pages\/wp-content\/uploads\/Red_Masai-225x151.jpg 225w, https:\/\/www.nolana-schafe.de\/de-pages\/wp-content\/uploads\/Red_Masai.jpg 450w\" loading=\"eager\" style=\"--ratio: 225 \/ 151\" sizes=\"(max-width: 225px) 100vw, 225px\" alt=\"\" width=\"225\" height=\"151\"  \/><\/a>\t<\/figure>\n<\/article>\n\n<\/div><div class=\"wf-cell iso-item\" data-post-id=\"864\" data-date=\"2015-07-05T11:54:49+00:00\" data-name=\"Red_Masai_Schafe\">\n<article class=\"post post-864 attachment type-attachment status-inherit hentry no-img description-off\">\n\n\t<figure class=\"rollover-project links-hovers-disabled\">\n\t<a href=\"https:\/\/www.nolana-schafe.de\/de-pages\/wp-content\/uploads\/Red_Masai_Schafe.jpg\" class=\"rollover rollover-zoom dt-pswp-item layzr-bg\" title=\"Red_Masai_Schafe\" data-dt-img-description=\"\"  data-large_image_width=\"717\" data-large_image_height = \"392\" ><img decoding=\"async\" class=\"preload-me iso-lazy-load aspect\" src=\"data:image\/svg+xml,%3Csvg%20xmlns%3D&#39;http%3A%2F%2Fwww.w3.org%2F2000%2Fsvg&#39;%20viewBox%3D&#39;0%200%20225%20123&#39;%2F%3E\" data-src=\"https:\/\/www.nolana-schafe.de\/de-pages\/wp-content\/uploads\/Red_Masai_Schafe-225x123.jpg\" data-srcset=\"https:\/\/www.nolana-schafe.de\/de-pages\/wp-content\/uploads\/Red_Masai_Schafe-225x123.jpg 225w, https:\/\/www.nolana-schafe.de\/de-pages\/wp-content\/uploads\/Red_Masai_Schafe-450x246.jpg 450w\" loading=\"eager\" style=\"--ratio: 225 \/ 123\" sizes=\"(max-width: 225px) 100vw, 225px\" alt=\"\" width=\"225\" height=\"123\"  \/><\/a>\t<\/figure>\n<\/article>\n\n<\/div><div class=\"wf-cell iso-item\" data-post-id=\"865\" data-date=\"2015-07-05T11:54:49+00:00\" data-name=\"Red_Massai_Bock\">\n<article class=\"post post-865 attachment type-attachment status-inherit hentry no-img description-off\">\n\n\t<figure class=\"rollover-project links-hovers-disabled\">\n\t<a href=\"https:\/\/www.nolana-schafe.de\/de-pages\/wp-content\/uploads\/Red_Massai_Bock.jpg\" class=\"rollover rollover-zoom dt-pswp-item layzr-bg\" title=\"Red_Massai_Bock\" data-dt-img-description=\"\"  data-large_image_width=\"330\" data-large_image_height = \"252\" ><img decoding=\"async\" class=\"preload-me iso-lazy-load aspect\" src=\"data:image\/svg+xml,%3Csvg%20xmlns%3D&#39;http%3A%2F%2Fwww.w3.org%2F2000%2Fsvg&#39;%20viewBox%3D&#39;0%200%20225%20172&#39;%2F%3E\" data-src=\"https:\/\/www.nolana-schafe.de\/de-pages\/wp-content\/uploads\/Red_Massai_Bock-225x172.jpg\" data-srcset=\"https:\/\/www.nolana-schafe.de\/de-pages\/wp-content\/uploads\/Red_Massai_Bock-225x172.jpg 225w, https:\/\/www.nolana-schafe.de\/de-pages\/wp-content\/uploads\/Red_Massai_Bock.jpg 329w\" loading=\"eager\" style=\"--ratio: 225 \/ 172\" sizes=\"(max-width: 225px) 100vw, 225px\" alt=\"\" width=\"225\" height=\"172\"  \/><\/a>\t<\/figure>\n<\/article>\n\n<\/div><div class=\"wf-cell iso-item\" data-post-id=\"866\" data-date=\"2015-07-05T11:54:50+00:00\" data-name=\"Rote_Masai_Herde\">\n<article class=\"post post-866 attachment type-attachment status-inherit hentry no-img description-off\">\n\n\t<figure class=\"rollover-project links-hovers-disabled\">\n\t<a href=\"https:\/\/www.nolana-schafe.de\/de-pages\/wp-content\/uploads\/Rote_Masai_Herde.jpg\" class=\"rollover rollover-zoom dt-pswp-item layzr-bg\" title=\"Rote_Masai_Herde\" data-dt-img-description=\"\"  data-large_image_width=\"587\" data-large_image_height = \"420\" ><img decoding=\"async\" class=\"preload-me iso-lazy-load aspect\" src=\"data:image\/svg+xml,%3Csvg%20xmlns%3D&#39;http%3A%2F%2Fwww.w3.org%2F2000%2Fsvg&#39;%20viewBox%3D&#39;0%200%20225%20161&#39;%2F%3E\" data-src=\"https:\/\/www.nolana-schafe.de\/de-pages\/wp-content\/uploads\/Rote_Masai_Herde-225x161.jpg\" data-srcset=\"https:\/\/www.nolana-schafe.de\/de-pages\/wp-content\/uploads\/Rote_Masai_Herde-225x161.jpg 225w, https:\/\/www.nolana-schafe.de\/de-pages\/wp-content\/uploads\/Rote_Masai_Herde-450x322.jpg 450w\" loading=\"eager\" style=\"--ratio: 225 \/ 161\" sizes=\"(max-width: 225px) 100vw, 225px\" alt=\"\" width=\"225\" height=\"161\"  \/><\/a>\t<\/figure>\n<\/article>\n\n<\/div><div class=\"wf-cell iso-item\" data-post-id=\"867\" data-date=\"2015-07-05T11:54:51+00:00\" data-name=\"Gruppe_Red_Masai_Schafe\">\n<article class=\"post post-867 attachment type-attachment status-inherit hentry no-img description-off\">\n\n\t<figure class=\"rollover-project links-hovers-disabled\">\n\t<a href=\"https:\/\/www.nolana-schafe.de\/de-pages\/wp-content\/uploads\/Gruppe_Red_Masai_Schafe.jpg\" class=\"rollover rollover-zoom dt-pswp-item layzr-bg\" title=\"Gruppe_Red_Masai_Schafe\" data-dt-img-description=\"\"  data-large_image_width=\"714\" data-large_image_height = \"524\" ><img decoding=\"async\" class=\"preload-me iso-lazy-load aspect\" src=\"data:image\/svg+xml,%3Csvg%20xmlns%3D&#39;http%3A%2F%2Fwww.w3.org%2F2000%2Fsvg&#39;%20viewBox%3D&#39;0%200%20225%20165&#39;%2F%3E\" data-src=\"https:\/\/www.nolana-schafe.de\/de-pages\/wp-content\/uploads\/Gruppe_Red_Masai_Schafe-225x165.jpg\" data-srcset=\"https:\/\/www.nolana-schafe.de\/de-pages\/wp-content\/uploads\/Gruppe_Red_Masai_Schafe-225x165.jpg 225w, https:\/\/www.nolana-schafe.de\/de-pages\/wp-content\/uploads\/Gruppe_Red_Masai_Schafe-450x330.jpg 450w\" loading=\"eager\" style=\"--ratio: 225 \/ 165\" sizes=\"(max-width: 225px) 100vw, 225px\" alt=\"\" width=\"225\" height=\"165\"  \/><\/a>\t<\/figure>\n<\/article>\n\n<\/div><\/div>[\/vc_column][\/vc_row]<\/p>\n<\/div>","protected":false},"excerpt":{"rendered":"<p>[vc_row][vc_column][vc_column_text] Red Massai Rote Massai-Schafe in Ostafrika Rote Massai-Schafe geh\u00f6ren zur Gruppe der Ostafrikanischen Fettschwanzschafe und dienen der Fleisch- und Fetterzeugung. Das Volk der Massai h\u00e4lt die gr\u00f6\u00dften Best\u00e4nde dieser Schafe aber auch andere St\u00e4mme in Kenia, vor allem die V\u00f6lker der Nandi, Busia und Bukusu, sowie in Nord und Mittel Tanzania das Volk der&hellip;<\/p>\n","protected":false},"author":1,"featured_media":0,"parent":19,"menu_order":0,"comment_status":"closed","ping_status":"closed","template":"","meta":{"footnotes":""},"class_list":["post-655","page","type-page","status-publish","hentry","description-off"],"_links":{"self":[{"href":"https:\/\/www.nolana-schafe.de\/de-pages\/wp-json\/wp\/v2\/pages\/655","targetHints":{"allow":["GET"]}}],"collection":[{"href":"https:\/\/www.nolana-schafe.de\/de-pages\/wp-json\/wp\/v2\/pages"}],"about":[{"href":"https:\/\/www.nolana-schafe.de\/de-pages\/wp-json\/wp\/v2\/types\/page"}],"author":[{"embeddable":true,"href":"https:\/\/www.nolana-schafe.de\/de-pages\/wp-json\/wp\/v2\/users\/1"}],"replies":[{"embeddable":true,"href":"https:\/\/www.nolana-schafe.de\/de-pages\/wp-json\/wp\/v2\/comments?post=655"}],"version-history":[{"count":5,"href":"https:\/\/www.nolana-schafe.de\/de-pages\/wp-json\/wp\/v2\/pages\/655\/revisions"}],"predecessor-version":[{"id":995,"href":"https:\/\/www.nolana-schafe.de\/de-pages\/wp-json\/wp\/v2\/pages\/655\/revisions\/995"}],"up":[{"embeddable":true,"href":"https:\/\/www.nolana-schafe.de\/de-pages\/wp-json\/wp\/v2\/pages\/19"}],"wp:attachment":[{"href":"https:\/\/www.nolana-schafe.de\/de-pages\/wp-json\/wp\/v2\/media?parent=655"}],"curies":[{"name":"wp","href":"https:\/\/api.w.org\/{rel}","templated":true}]}}